{"id":639,"date":"2024-03-28T17:25:01","date_gmt":"2024-03-28T14:25:01","guid":{"rendered":"https:\/\/tapistr.com\/?post_type=product&#038;p=639"},"modified":"2026-03-25T19:21:08","modified_gmt":"2026-03-25T16:21:08","slug":"tapis-x-karakoy-gulluoglu-baklavaburger-hoodie","status":"publish","type":"product","link":"https:\/\/tapistr.com\/en\/product\/tapis-x-karakoy-gulluoglu-baklavaburger-hoodie\/","title":{"rendered":"Karak\u00f6y G\u00fcll\u00fco\u011flu TAPIS Baklavaburger X Hoodie"},"content":{"rendered":"<p style=\"font-family: montserrat, sans-serif; font-size: 13px; font-style: normal; font-weight: 400; letter-spacing: normal; text-align: left; text-indent: 0px; text-transform: none; text-decoration: none;\">\u0130stanbul Baklavas\u0131\u2019n\u0131n ustas\u0131 Karak\u00f6y G\u00fcll\u00fco\u011flu ile Anadolu k\u00fclt\u00fcr\u00fcn\u00fc \u00e7a\u011fda\u015f modaya dokuyan TAPIS, benzersiz bir i\u015f birli\u011fine imza att\u0131. Bu i\u015f birli\u011fi kapsam\u0131nda; Karak\u00f6y G\u00fcll\u00fco\u011flu y\u0131llar\u0131n baklava ustal\u0131\u011f\u0131n\u0131 koleksiyona ta\u015f\u0131rken, TAPIS k\u00fclt\u00fcrel \u00f6yk\u00fclerin anlat\u0131ld\u0131\u011f\u0131 bir tuval sunuyor. Karak\u00f6y G\u00fcll\u00fco\u011flu x TAPIS i\u015f birli\u011fi, lezzet ve tarz\u0131n birle\u015fiminden daha fazlas\u0131n\u0131 temsil ediyor: Zengin bir miras\u0131 kucaklayan ve geleneg\u0306i modernlikle bulu\u015fturan bu koleksiyon; sizi &#8220;Ku\u0308ltu\u0308ru\u0308nu\u0308zu\u0308 Giyerken&#8221;, &#8220;Ku\u0308ltu\u0308ru\u0308nu\u0308zu\u0308 Yemeye&#8221; davet ediyor. K\u00fclt\u00fcrel miras ve yenili\u011fin ola\u011fan\u00fcst\u00fc birle\u015fimine ho\u015f geldiniz! #EatYourCulture #WearYourCulture<\/p>","protected":false},"excerpt":{"rendered":"<p>\u0130stanbul Baklavas\u0131\u2019n\u0131n ustas\u0131 Karak\u00f6y G\u00fcll\u00fco\u011flu ile Anadolu k\u00fclt\u00fcr\u00fcn\u00fc \u00e7a\u011fda\u015f modaya dokuyan TAPIS, benzersiz bir i\u015f birli\u011fine imza att\u0131. Bu i\u015f birli\u011fi kapsam\u0131nda; Karak\u00f6y G\u00fcll\u00fco\u011flu y\u0131llar\u0131n baklava ustal\u0131\u011f\u0131n\u0131 koleksiyona ta\u015f\u0131rken, TAPIS k\u00fclt\u00fcrel \u00f6yk\u00fclerin anlat\u0131ld\u0131\u011f\u0131 bir tuval sunuyor. Karak\u00f6y G\u00fcll\u00fco\u011flu x TAPIS i\u015f birli\u011fi, lezzet ve tarz\u0131n birle\u015fiminden daha fazlas\u0131n\u0131 temsil ediyor: Zengin bir miras\u0131 kucaklayan ve [&hellip;]<\/p>\n","protected":false},"featured_media":661,"template":"","meta":[],"product_brand":[],"product_cat":[43,65],"product_tag":[],"class_list":{"0":"post-639","1":"product","2":"type-product","3":"status-publish","4":"has-post-thumbnail","6":"product_cat-hoodie","7":"product_cat-tapis-x-karakoy-gulluoglu","9":"first","10":"instock","11":"shipping-taxable","12":"purchasable","13":"product-type-variable"},"_links":{"self":[{"href":"https:\/\/tapistr.com\/en\/wp-json\/wp\/v2\/product\/639","targetHints":{"allow":["GET"]}}],"collection":[{"href":"https:\/\/tapistr.com\/en\/wp-json\/wp\/v2\/product"}],"about":[{"href":"https:\/\/tapistr.com\/en\/wp-json\/wp\/v2\/types\/product"}],"wp:featuredmedia":[{"embeddable":true,"href":"https:\/\/tapistr.com\/en\/wp-json\/wp\/v2\/media\/661"}],"wp:attachment":[{"href":"https:\/\/tapistr.com\/en\/wp-json\/wp\/v2\/media?parent=639"}],"wp:term":[{"taxonomy":"product_brand","embeddable":true,"href":"https:\/\/tapistr.com\/en\/wp-json\/wp\/v2\/product_brand?post=639"},{"taxonomy":"product_cat","embeddable":true,"href":"https:\/\/tapistr.com\/en\/wp-json\/wp\/v2\/product_cat?post=639"},{"taxonomy":"product_tag","embeddable":true,"href":"https:\/\/tapistr.com\/en\/wp-json\/wp\/v2\/product_tag?post=639"}],"curies":[{"name":"wp","href":"https:\/\/api.w.org\/{rel}","templated":true}]}}