{"id":615,"date":"2024-03-28T17:24:29","date_gmt":"2024-03-28T14:24:29","guid":{"rendered":"https:\/\/tapistr.com\/?post_type=product&#038;p=615"},"modified":"2026-02-19T16:09:26","modified_gmt":"2026-02-19T13:09:26","slug":"double-stripe-pants","status":"publish","type":"product","link":"https:\/\/tapistr.com\/en\/product\/double-stripe-pants\/","title":{"rendered":"Double Stripe Pants"},"content":{"rendered":"<p>G\u00f6vde kenarlar\u0131nda yer alan \u015feritler dokuma kilim par\u00e7as\u0131 ile \u00fcretilmi\u015ftir.<\/p>","protected":false},"excerpt":{"rendered":"<p>G\u00f6vde kenarlar\u0131nda yer alan \u015feritler dokuma kilim par\u00e7as\u0131 ile \u00fcretilmi\u015ftir.<\/p>","protected":false},"featured_media":657,"template":"","meta":[],"product_brand":[],"product_cat":[113,67],"product_tag":[],"class_list":{"0":"post-615","1":"product","2":"type-product","3":"status-publish","4":"has-post-thumbnail","6":"product_cat-anatolian-crocus","7":"product_cat-esofman","9":"first","10":"instock","11":"shipping-taxable","12":"purchasable","13":"product-type-variable"},"_links":{"self":[{"href":"https:\/\/tapistr.com\/en\/wp-json\/wp\/v2\/product\/615","targetHints":{"allow":["GET"]}}],"collection":[{"href":"https:\/\/tapistr.com\/en\/wp-json\/wp\/v2\/product"}],"about":[{"href":"https:\/\/tapistr.com\/en\/wp-json\/wp\/v2\/types\/product"}],"wp:featuredmedia":[{"embeddable":true,"href":"https:\/\/tapistr.com\/en\/wp-json\/wp\/v2\/media\/657"}],"wp:attachment":[{"href":"https:\/\/tapistr.com\/en\/wp-json\/wp\/v2\/media?parent=615"}],"wp:term":[{"taxonomy":"product_brand","embeddable":true,"href":"https:\/\/tapistr.com\/en\/wp-json\/wp\/v2\/product_brand?post=615"},{"taxonomy":"product_cat","embeddable":true,"href":"https:\/\/tapistr.com\/en\/wp-json\/wp\/v2\/product_cat?post=615"},{"taxonomy":"product_tag","embeddable":true,"href":"https:\/\/tapistr.com\/en\/wp-json\/wp\/v2\/product_tag?post=615"}],"curies":[{"name":"wp","href":"https:\/\/api.w.org\/{rel}","templated":true}]}}