{"id":600,"date":"2024-03-28T17:23:58","date_gmt":"2024-03-28T14:23:58","guid":{"rendered":"https:\/\/tapistr.com\/?post_type=product&#038;p=600"},"modified":"2026-03-11T13:33:53","modified_gmt":"2026-03-11T10:33:53","slug":"double-stripe-sweatshirt","status":"publish","type":"product","link":"https:\/\/tapistr.com\/en\/product\/double-stripe-sweatshirt\/","title":{"rendered":"Double Stripe Sweatshirt"},"content":{"rendered":"<p>Kol \u00fczerinde yer alan \u015feritler dokuma kilim par\u00e7as\u0131 ile kaplanm\u0131\u015ft\u0131r. Sa\u00e7ak talebinizi l\u00fctfen not olarak belirtiniz.<\/p>","protected":false},"excerpt":{"rendered":"<p>Kol \u00fczerinde yer alan \u015feritler dokuma kilim par\u00e7as\u0131 ile kaplanm\u0131\u015ft\u0131r. Sa\u00e7ak talebinizi l\u00fctfen not olarak belirtiniz.<\/p>","protected":false},"featured_media":640,"template":"","meta":[],"product_brand":[],"product_cat":[113,99],"product_tag":[],"class_list":{"0":"post-600","1":"product","2":"type-product","3":"status-publish","4":"has-post-thumbnail","6":"product_cat-anatolian-crocus","7":"product_cat-sweatshirt","9":"first","10":"outofstock","11":"shipping-taxable","12":"purchasable","13":"product-type-variable"},"_links":{"self":[{"href":"https:\/\/tapistr.com\/en\/wp-json\/wp\/v2\/product\/600","targetHints":{"allow":["GET"]}}],"collection":[{"href":"https:\/\/tapistr.com\/en\/wp-json\/wp\/v2\/product"}],"about":[{"href":"https:\/\/tapistr.com\/en\/wp-json\/wp\/v2\/types\/product"}],"wp:featuredmedia":[{"embeddable":true,"href":"https:\/\/tapistr.com\/en\/wp-json\/wp\/v2\/media\/640"}],"wp:attachment":[{"href":"https:\/\/tapistr.com\/en\/wp-json\/wp\/v2\/media?parent=600"}],"wp:term":[{"taxonomy":"product_brand","embeddable":true,"href":"https:\/\/tapistr.com\/en\/wp-json\/wp\/v2\/product_brand?post=600"},{"taxonomy":"product_cat","embeddable":true,"href":"https:\/\/tapistr.com\/en\/wp-json\/wp\/v2\/product_cat?post=600"},{"taxonomy":"product_tag","embeddable":true,"href":"https:\/\/tapistr.com\/en\/wp-json\/wp\/v2\/product_tag?post=600"}],"curies":[{"name":"wp","href":"https:\/\/api.w.org\/{rel}","templated":true}]}}