{"id":594,"date":"2024-03-28T17:23:57","date_gmt":"2024-03-28T14:23:57","guid":{"rendered":"https:\/\/tapistr.com\/?post_type=product&#038;p=594"},"modified":"2026-01-21T10:23:04","modified_gmt":"2026-01-21T07:23:04","slug":"quarter-zip-sweatshirt","status":"publish","type":"product","link":"https:\/\/tapistr.com\/en\/product\/quarter-zip-sweatshirt\/","title":{"rendered":"Quarter-Zip Sweatshirt"},"content":{"rendered":"<p>Yaka k\u0131sm\u0131 ve kol \u00fczerinde yer alan \u015ferit dokuma kilim par\u00e7as\u0131 ile kaplanm\u0131\u015ft\u0131r.<\/p>","protected":false},"excerpt":{"rendered":"<p>Yaka k\u0131sm\u0131 ve kol \u00fczerinde yer alan \u015ferit dokuma kilim par\u00e7as\u0131 ile kaplanm\u0131\u015ft\u0131r.<\/p>","protected":false},"featured_media":624,"template":"","meta":[],"product_brand":[],"product_cat":[113,99],"product_tag":[],"class_list":{"0":"post-594","1":"product","2":"type-product","3":"status-publish","4":"has-post-thumbnail","6":"product_cat-anatolian-crocus","7":"product_cat-sweatshirt","9":"first","10":"instock","11":"shipping-taxable","12":"purchasable","13":"product-type-variable"},"_links":{"self":[{"href":"https:\/\/tapistr.com\/en\/wp-json\/wp\/v2\/product\/594","targetHints":{"allow":["GET"]}}],"collection":[{"href":"https:\/\/tapistr.com\/en\/wp-json\/wp\/v2\/product"}],"about":[{"href":"https:\/\/tapistr.com\/en\/wp-json\/wp\/v2\/types\/product"}],"wp:featuredmedia":[{"embeddable":true,"href":"https:\/\/tapistr.com\/en\/wp-json\/wp\/v2\/media\/624"}],"wp:attachment":[{"href":"https:\/\/tapistr.com\/en\/wp-json\/wp\/v2\/media?parent=594"}],"wp:term":[{"taxonomy":"product_brand","embeddable":true,"href":"https:\/\/tapistr.com\/en\/wp-json\/wp\/v2\/product_brand?post=594"},{"taxonomy":"product_cat","embeddable":true,"href":"https:\/\/tapistr.com\/en\/wp-json\/wp\/v2\/product_cat?post=594"},{"taxonomy":"product_tag","embeddable":true,"href":"https:\/\/tapistr.com\/en\/wp-json\/wp\/v2\/product_tag?post=594"}],"curies":[{"name":"wp","href":"https:\/\/api.w.org\/{rel}","templated":true}]}}