{"id":574,"date":"2024-03-28T17:23:23","date_gmt":"2024-03-28T14:23:23","guid":{"rendered":"https:\/\/tapistr.com\/?post_type=product&#038;p=574"},"modified":"2026-02-14T23:07:40","modified_gmt":"2026-02-14T20:07:40","slug":"black-zip-hoodie","status":"publish","type":"product","link":"https:\/\/tapistr.com\/en\/product\/black-zip-hoodie\/","title":{"rendered":"Black Zip Hoodie"},"content":{"rendered":"<p>G\u00f6vde ve kol k\u0131s\u0131mlar\u0131 dokuma kilim par\u00e7as\u0131 ile kaplanm\u0131\u015ft\u0131r.<\/p>","protected":false},"excerpt":{"rendered":"<p>G\u00f6vde ve kol k\u0131s\u0131mlar\u0131 dokuma kilim par\u00e7as\u0131 ile kaplanm\u0131\u015ft\u0131r.<\/p>","protected":false},"featured_media":606,"template":"","meta":[],"product_brand":[],"product_cat":[113,43],"product_tag":[],"class_list":{"0":"post-574","1":"product","2":"type-product","3":"status-publish","4":"has-post-thumbnail","6":"product_cat-anatolian-crocus","7":"product_cat-hoodie","9":"first","10":"instock","11":"shipping-taxable","12":"purchasable","13":"product-type-variable"},"_links":{"self":[{"href":"https:\/\/tapistr.com\/en\/wp-json\/wp\/v2\/product\/574","targetHints":{"allow":["GET"]}}],"collection":[{"href":"https:\/\/tapistr.com\/en\/wp-json\/wp\/v2\/product"}],"about":[{"href":"https:\/\/tapistr.com\/en\/wp-json\/wp\/v2\/types\/product"}],"wp:featuredmedia":[{"embeddable":true,"href":"https:\/\/tapistr.com\/en\/wp-json\/wp\/v2\/media\/606"}],"wp:attachment":[{"href":"https:\/\/tapistr.com\/en\/wp-json\/wp\/v2\/media?parent=574"}],"wp:term":[{"taxonomy":"product_brand","embeddable":true,"href":"https:\/\/tapistr.com\/en\/wp-json\/wp\/v2\/product_brand?post=574"},{"taxonomy":"product_cat","embeddable":true,"href":"https:\/\/tapistr.com\/en\/wp-json\/wp\/v2\/product_cat?post=574"},{"taxonomy":"product_tag","embeddable":true,"href":"https:\/\/tapistr.com\/en\/wp-json\/wp\/v2\/product_tag?post=574"}],"curies":[{"name":"wp","href":"https:\/\/api.w.org\/{rel}","templated":true}]}}