{"id":552,"date":"2024-03-28T17:22:36","date_gmt":"2024-03-28T14:22:36","guid":{"rendered":"https:\/\/tapistr.com\/?post_type=product&#038;p=552"},"modified":"2026-03-30T12:46:21","modified_gmt":"2026-03-30T09:46:21","slug":"tapis-x-karakoy-gulluoglu-ekru-t-shirt","status":"publish","type":"product","link":"https:\/\/tapistr.com\/en\/product\/tapis-x-karakoy-gulluoglu-ekru-t-shirt\/","title":{"rendered":"Karak\u00f6y G\u00fcll\u00fco\u011flu X TAPIS Ecru T-shirt"},"content":{"rendered":"","protected":false},"excerpt":{"rendered":"","protected":false},"featured_media":587,"template":"","meta":[],"product_brand":[],"product_cat":[65],"product_tag":[],"class_list":{"0":"post-552","1":"product","2":"type-product","3":"status-publish","4":"has-post-thumbnail","6":"product_cat-tapis-x-karakoy-gulluoglu","8":"first","9":"instock","10":"shipping-taxable","11":"purchasable","12":"product-type-variable"},"_links":{"self":[{"href":"https:\/\/tapistr.com\/en\/wp-json\/wp\/v2\/product\/552","targetHints":{"allow":["GET"]}}],"collection":[{"href":"https:\/\/tapistr.com\/en\/wp-json\/wp\/v2\/product"}],"about":[{"href":"https:\/\/tapistr.com\/en\/wp-json\/wp\/v2\/types\/product"}],"wp:featuredmedia":[{"embeddable":true,"href":"https:\/\/tapistr.com\/en\/wp-json\/wp\/v2\/media\/587"}],"wp:attachment":[{"href":"https:\/\/tapistr.com\/en\/wp-json\/wp\/v2\/media?parent=552"}],"wp:term":[{"taxonomy":"product_brand","embeddable":true,"href":"https:\/\/tapistr.com\/en\/wp-json\/wp\/v2\/product_brand?post=552"},{"taxonomy":"product_cat","embeddable":true,"href":"https:\/\/tapistr.com\/en\/wp-json\/wp\/v2\/product_cat?post=552"},{"taxonomy":"product_tag","embeddable":true,"href":"https:\/\/tapistr.com\/en\/wp-json\/wp\/v2\/product_tag?post=552"}],"curies":[{"name":"wp","href":"https:\/\/api.w.org\/{rel}","templated":true}]}}