{"id":536,"date":"2024-03-28T17:21:47","date_gmt":"2024-03-28T14:21:47","guid":{"rendered":"https:\/\/tapistr.com\/?post_type=product&#038;p=536"},"modified":"2026-02-16T12:02:01","modified_gmt":"2026-02-16T09:02:01","slug":"culture-collection-carpet-t-shirt","status":"publish","type":"product","link":"https:\/\/tapistr.com\/en\/product\/culture-collection-carpet-t-shirt\/","title":{"rendered":"Carpet Culture Collection T-shirt"},"content":{"rendered":"<p>TAPIS Culture Collection Carpet, TAPIS K\u00fclt\u00fcr Koleksiyonu\u2019nun ana \u00fcr\u00fcn\u00fcd\u00fcr. T\u00fcrk ve Anadolu K\u00fclt\u00fcr\u00fc\u2019n\u00fcn sembol simgelerini bar\u0131nd\u0131ran koleksiyonun bu \u00fcr\u00fcn\u00fcnde\u00a0t\u00fcm d\u00fcnyada markam\u0131z ve k\u00fclt\u00fcr\u00fcm\u00fcz ile \u00f6zde\u015fle\u015fen kilim fig\u00fcr\u00fc resmedilmi\u015ftir.<\/p>","protected":false},"excerpt":{"rendered":"<p>TAPIS Culture Collection Carpet, TAPIS K\u00fclt\u00fcr Koleksiyonu\u2019nun ana \u00fcr\u00fcn\u00fcd\u00fcr. T\u00fcrk ve Anadolu K\u00fclt\u00fcr\u00fc\u2019n\u00fcn sembol simgelerini bar\u0131nd\u0131ran koleksiyonun bu \u00fcr\u00fcn\u00fcnde\u00a0t\u00fcm d\u00fcnyada markam\u0131z ve k\u00fclt\u00fcr\u00fcm\u00fcz ile \u00f6zde\u015fle\u015fen kilim fig\u00fcr\u00fc resmedilmi\u015ftir.<\/p>","protected":false},"featured_media":584,"template":"","meta":[],"product_brand":[],"product_cat":[116,47,58],"product_tag":[],"class_list":{"0":"post-536","1":"product","2":"type-product","3":"status-publish","4":"has-post-thumbnail","6":"product_cat-yeni-gelenler","7":"product_cat-tisort","8":"product_cat-culture-collection","10":"first","11":"instock","12":"shipping-taxable","13":"purchasable","14":"product-type-variable"},"_links":{"self":[{"href":"https:\/\/tapistr.com\/en\/wp-json\/wp\/v2\/product\/536","targetHints":{"allow":["GET"]}}],"collection":[{"href":"https:\/\/tapistr.com\/en\/wp-json\/wp\/v2\/product"}],"about":[{"href":"https:\/\/tapistr.com\/en\/wp-json\/wp\/v2\/types\/product"}],"wp:featuredmedia":[{"embeddable":true,"href":"https:\/\/tapistr.com\/en\/wp-json\/wp\/v2\/media\/584"}],"wp:attachment":[{"href":"https:\/\/tapistr.com\/en\/wp-json\/wp\/v2\/media?parent=536"}],"wp:term":[{"taxonomy":"product_brand","embeddable":true,"href":"https:\/\/tapistr.com\/en\/wp-json\/wp\/v2\/product_brand?post=536"},{"taxonomy":"product_cat","embeddable":true,"href":"https:\/\/tapistr.com\/en\/wp-json\/wp\/v2\/product_cat?post=536"},{"taxonomy":"product_tag","embeddable":true,"href":"https:\/\/tapistr.com\/en\/wp-json\/wp\/v2\/product_tag?post=536"}],"curies":[{"name":"wp","href":"https:\/\/api.w.org\/{rel}","templated":true}]}}