{"id":513,"date":"2024-03-28T17:21:01","date_gmt":"2024-03-28T14:21:01","guid":{"rendered":"https:\/\/tapistr.com\/?post_type=product&#038;p=513"},"modified":"2026-01-19T19:45:47","modified_gmt":"2026-01-19T16:45:47","slug":"culture-collection-shisha-t-shirt","status":"publish","type":"product","link":"https:\/\/tapistr.com\/en\/product\/culture-collection-shisha-t-shirt\/","title":{"rendered":"Shisha Culture Collection T-shirt"},"content":{"rendered":"<p>TAPIS Culture Collection Shisha, TAPIS K\u00fclt\u00fcr Koleksiyonu&#8217;nun ana \u00fcr\u00fcnlerinden biridir. T\u00fcrk ve Anadolu K\u00fclt\u00fcr\u00fc&#8217;n\u00fcn sembol simgelerini bar\u0131nd\u0131ran koleksiyonun bu \u00fcr\u00fcn\u00fcnde\u00a0t\u00fcm d\u00fcnyada Anadolu ve Orta Do\u011fu\u00a0ile \u00f6zde\u015fle\u015fen nargile fig\u00fcr\u00fc resmedilmi\u015ftir.<\/p>","protected":false},"excerpt":{"rendered":"<p>TAPIS Culture Collection Shisha, TAPIS K\u00fclt\u00fcr Koleksiyonu&#8217;nun ana \u00fcr\u00fcnlerinden biridir. T\u00fcrk ve Anadolu K\u00fclt\u00fcr\u00fc&#8217;n\u00fcn sembol simgelerini bar\u0131nd\u0131ran koleksiyonun bu \u00fcr\u00fcn\u00fcnde\u00a0t\u00fcm d\u00fcnyada Anadolu ve Orta Do\u011fu\u00a0ile \u00f6zde\u015fle\u015fen nargile fig\u00fcr\u00fc resmedilmi\u015ftir.<\/p>","protected":false},"featured_media":556,"template":"","meta":[],"product_brand":[],"product_cat":[47,58],"product_tag":[],"class_list":{"0":"post-513","1":"product","2":"type-product","3":"status-publish","4":"has-post-thumbnail","6":"product_cat-tisort","7":"product_cat-culture-collection","9":"first","10":"outofstock","11":"shipping-taxable","12":"purchasable","13":"product-type-variable"},"_links":{"self":[{"href":"https:\/\/tapistr.com\/en\/wp-json\/wp\/v2\/product\/513","targetHints":{"allow":["GET"]}}],"collection":[{"href":"https:\/\/tapistr.com\/en\/wp-json\/wp\/v2\/product"}],"about":[{"href":"https:\/\/tapistr.com\/en\/wp-json\/wp\/v2\/types\/product"}],"wp:featuredmedia":[{"embeddable":true,"href":"https:\/\/tapistr.com\/en\/wp-json\/wp\/v2\/media\/556"}],"wp:attachment":[{"href":"https:\/\/tapistr.com\/en\/wp-json\/wp\/v2\/media?parent=513"}],"wp:term":[{"taxonomy":"product_brand","embeddable":true,"href":"https:\/\/tapistr.com\/en\/wp-json\/wp\/v2\/product_brand?post=513"},{"taxonomy":"product_cat","embeddable":true,"href":"https:\/\/tapistr.com\/en\/wp-json\/wp\/v2\/product_cat?post=513"},{"taxonomy":"product_tag","embeddable":true,"href":"https:\/\/tapistr.com\/en\/wp-json\/wp\/v2\/product_tag?post=513"}],"curies":[{"name":"wp","href":"https:\/\/api.w.org\/{rel}","templated":true}]}}