{"id":495,"date":"2024-03-28T17:20:39","date_gmt":"2024-03-28T14:20:39","guid":{"rendered":"https:\/\/tapistr.com\/?post_type=product&#038;p=495"},"modified":"2026-04-14T18:40:16","modified_gmt":"2026-04-14T15:40:16","slug":"culture-collection-doner-kebab-t-shirt","status":"publish","type":"product","link":"https:\/\/tapistr.com\/en\/product\/culture-collection-doner-kebab-t-shirt\/","title":{"rendered":"Returns the collection Kebab Culture T-shirt"},"content":{"rendered":"<p>TAPIS Culture Collection D\u00f6ner Kebab, TAPIS K\u00fclt\u00fcr Koleksiyonu&#8217;nun ana \u00fcr\u00fcnlerinden biridir. T\u00fcrk ve Anadolu K\u00fclt\u00fcr\u00fc&#8217;n\u00fcn sembol simgelerini bar\u0131nd\u0131ran koleksiyonun bu \u00fcr\u00fcn\u00fcnde\u00a0t\u00fcm d\u00fcnyada Anadolu ve T\u00fcrkiye ile \u00f6zde\u015fle\u015fen d\u00f6ner kebab\u00a0fig\u00fcr\u00fc i\u015flenmi\u015ftir.<\/p>","protected":false},"excerpt":{"rendered":"<p>TAPIS Culture Collection D\u00f6ner Kebab, TAPIS K\u00fclt\u00fcr Koleksiyonu&#8217;nun ana \u00fcr\u00fcnlerinden biridir. T\u00fcrk ve Anadolu K\u00fclt\u00fcr\u00fc&#8217;n\u00fcn sembol simgelerini bar\u0131nd\u0131ran koleksiyonun bu \u00fcr\u00fcn\u00fcnde\u00a0t\u00fcm d\u00fcnyada Anadolu ve T\u00fcrkiye ile \u00f6zde\u015fle\u015fen d\u00f6ner kebab\u00a0fig\u00fcr\u00fc i\u015flenmi\u015ftir.<\/p>","protected":false},"featured_media":537,"template":"","meta":[],"product_brand":[],"product_cat":[47,58],"product_tag":[],"class_list":{"0":"post-495","1":"product","2":"type-product","3":"status-publish","4":"has-post-thumbnail","6":"product_cat-tisort","7":"product_cat-culture-collection","9":"first","10":"instock","11":"shipping-taxable","12":"purchasable","13":"product-type-variable"},"_links":{"self":[{"href":"https:\/\/tapistr.com\/en\/wp-json\/wp\/v2\/product\/495","targetHints":{"allow":["GET"]}}],"collection":[{"href":"https:\/\/tapistr.com\/en\/wp-json\/wp\/v2\/product"}],"about":[{"href":"https:\/\/tapistr.com\/en\/wp-json\/wp\/v2\/types\/product"}],"wp:featuredmedia":[{"embeddable":true,"href":"https:\/\/tapistr.com\/en\/wp-json\/wp\/v2\/media\/537"}],"wp:attachment":[{"href":"https:\/\/tapistr.com\/en\/wp-json\/wp\/v2\/media?parent=495"}],"wp:term":[{"taxonomy":"product_brand","embeddable":true,"href":"https:\/\/tapistr.com\/en\/wp-json\/wp\/v2\/product_brand?post=495"},{"taxonomy":"product_cat","embeddable":true,"href":"https:\/\/tapistr.com\/en\/wp-json\/wp\/v2\/product_cat?post=495"},{"taxonomy":"product_tag","embeddable":true,"href":"https:\/\/tapistr.com\/en\/wp-json\/wp\/v2\/product_tag?post=495"}],"curies":[{"name":"wp","href":"https:\/\/api.w.org\/{rel}","templated":true}]}}