{"id":488,"date":"2024-03-28T17:20:39","date_gmt":"2024-03-28T14:20:39","guid":{"rendered":"https:\/\/tapistr.com\/?post_type=product&#038;p=488"},"modified":"2026-04-01T22:38:31","modified_gmt":"2026-04-01T19:38:31","slug":"culture-collection-turkish-coffee-t-shirt","status":"publish","type":"product","link":"https:\/\/tapistr.com\/en\/product\/culture-collection-turkish-coffee-t-shirt\/","title":{"rendered":"Turkish Coffee Culture Collection T-shirt"},"content":{"rendered":"<p>TAPIS Culture Collection Turkish Coffee, TAPIS K\u00fclt\u00fcr Koleksiyonu&#8217;nun ana \u00fcr\u00fcnlerinden biridir. T\u00fcrk ve Anadolu K\u00fclt\u00fcr\u00fc&#8217;n\u00fcn sembol simgelerini bar\u0131nd\u0131ran koleksiyonun bu \u00fcr\u00fcn\u00fcnde\u00a0t\u00fcm d\u00fcnyada Anadolu ve T\u00fcrkiye ile \u00f6zde\u015fle\u015fen T\u00fcrk Kahvesi fig\u00fcr\u00fc resmedilmi\u015ftir.<\/p>","protected":false},"excerpt":{"rendered":"<p>TAPIS Culture Collection Turkish Coffee, TAPIS K\u00fclt\u00fcr Koleksiyonu&#8217;nun ana \u00fcr\u00fcnlerinden biridir. T\u00fcrk ve Anadolu K\u00fclt\u00fcr\u00fc&#8217;n\u00fcn sembol simgelerini bar\u0131nd\u0131ran koleksiyonun bu \u00fcr\u00fcn\u00fcnde\u00a0t\u00fcm d\u00fcnyada Anadolu ve T\u00fcrkiye ile \u00f6zde\u015fle\u015fen T\u00fcrk Kahvesi fig\u00fcr\u00fc resmedilmi\u015ftir.<\/p>","protected":false},"featured_media":525,"template":"","meta":[],"product_brand":[],"product_cat":[116,42,47,58],"product_tag":[],"class_list":{"0":"post-488","1":"product","2":"type-product","3":"status-publish","4":"has-post-thumbnail","6":"product_cat-yeni-gelenler","7":"product_cat-hediye-rehberi","8":"product_cat-tisort","9":"product_cat-culture-collection","11":"first","12":"instock","13":"shipping-taxable","14":"purchasable","15":"product-type-variable"},"_links":{"self":[{"href":"https:\/\/tapistr.com\/en\/wp-json\/wp\/v2\/product\/488","targetHints":{"allow":["GET"]}}],"collection":[{"href":"https:\/\/tapistr.com\/en\/wp-json\/wp\/v2\/product"}],"about":[{"href":"https:\/\/tapistr.com\/en\/wp-json\/wp\/v2\/types\/product"}],"wp:featuredmedia":[{"embeddable":true,"href":"https:\/\/tapistr.com\/en\/wp-json\/wp\/v2\/media\/525"}],"wp:attachment":[{"href":"https:\/\/tapistr.com\/en\/wp-json\/wp\/v2\/media?parent=488"}],"wp:term":[{"taxonomy":"product_brand","embeddable":true,"href":"https:\/\/tapistr.com\/en\/wp-json\/wp\/v2\/product_brand?post=488"},{"taxonomy":"product_cat","embeddable":true,"href":"https:\/\/tapistr.com\/en\/wp-json\/wp\/v2\/product_cat?post=488"},{"taxonomy":"product_tag","embeddable":true,"href":"https:\/\/tapistr.com\/en\/wp-json\/wp\/v2\/product_tag?post=488"}],"curies":[{"name":"wp","href":"https:\/\/api.w.org\/{rel}","templated":true}]}}