{"id":486,"date":"2024-03-28T17:20:39","date_gmt":"2024-03-28T14:20:39","guid":{"rendered":"https:\/\/tapistr.com\/?post_type=product&#038;p=486"},"modified":"2026-04-09T11:08:00","modified_gmt":"2026-04-09T08:08:00","slug":"culture-collection-baklava-cropped-t-shirt","status":"publish","type":"product","link":"https:\/\/tapistr.com\/en\/product\/culture-collection-baklava-cropped-t-shirt\/","title":{"rendered":"Diamond Culture Collection Cropped T-shirt"},"content":{"rendered":"<p>TAPIS Culture Collection Baklava T-shirt, TAPIS K\u00fclt\u00fcr Koleksiyonu&#8217;nun ana \u00fcr\u00fcnlerinden biridir. T\u00fcrk ve Anadolu K\u00fclt\u00fcr\u00fc&#8217;n\u00fcn sembol simgelerini bar\u0131nd\u0131ran bu koleksiyonda &#8220;baklava&#8221; f\u0131st\u0131\u011f\u0131n\u0131n rengi olan ye\u015filin modern bir tonu \u00fczerinde baklava fig\u00fcr\u00fc resmedilmi\u015ftir.<\/p>","protected":false},"excerpt":{"rendered":"<p>TAPIS Culture Collection Baklava T-shirt, TAPIS K\u00fclt\u00fcr Koleksiyonu&#8217;nun ana \u00fcr\u00fcnlerinden biridir. T\u00fcrk ve Anadolu K\u00fclt\u00fcr\u00fc&#8217;n\u00fcn sembol simgelerini bar\u0131nd\u0131ran bu koleksiyonda &#8220;baklava&#8221; f\u0131st\u0131\u011f\u0131n\u0131n rengi olan ye\u015filin modern bir tonu \u00fczerinde baklava fig\u00fcr\u00fc resmedilmi\u015ftir.<\/p>","protected":false},"featured_media":516,"template":"","meta":[],"product_brand":[],"product_cat":[47,58,59],"product_tag":[],"class_list":{"0":"post-486","1":"product","2":"type-product","3":"status-publish","4":"has-post-thumbnail","6":"product_cat-tisort","7":"product_cat-culture-collection","8":"product_cat-kadin","10":"first","11":"instock","12":"shipping-taxable","13":"purchasable","14":"product-type-variable"},"_links":{"self":[{"href":"https:\/\/tapistr.com\/en\/wp-json\/wp\/v2\/product\/486","targetHints":{"allow":["GET"]}}],"collection":[{"href":"https:\/\/tapistr.com\/en\/wp-json\/wp\/v2\/product"}],"about":[{"href":"https:\/\/tapistr.com\/en\/wp-json\/wp\/v2\/types\/product"}],"wp:featuredmedia":[{"embeddable":true,"href":"https:\/\/tapistr.com\/en\/wp-json\/wp\/v2\/media\/516"}],"wp:attachment":[{"href":"https:\/\/tapistr.com\/en\/wp-json\/wp\/v2\/media?parent=486"}],"wp:term":[{"taxonomy":"product_brand","embeddable":true,"href":"https:\/\/tapistr.com\/en\/wp-json\/wp\/v2\/product_brand?post=486"},{"taxonomy":"product_cat","embeddable":true,"href":"https:\/\/tapistr.com\/en\/wp-json\/wp\/v2\/product_cat?post=486"},{"taxonomy":"product_tag","embeddable":true,"href":"https:\/\/tapistr.com\/en\/wp-json\/wp\/v2\/product_tag?post=486"}],"curies":[{"name":"wp","href":"https:\/\/api.w.org\/{rel}","templated":true}]}}