{"id":453,"date":"2024-03-28T17:19:54","date_gmt":"2024-03-28T14:19:54","guid":{"rendered":"https:\/\/tapistr.com\/?post_type=product&#038;p=453"},"modified":"2025-12-19T11:13:16","modified_gmt":"2025-12-19T08:13:16","slug":"tapis-x-tags-ethnic-slipper","status":"publish","type":"product","link":"https:\/\/tapistr.com\/en\/product\/tapis-x-tags-ethnic-slipper\/","title":{"rendered":"TAPIS X TAGS Ethnic Slipper"},"content":{"rendered":"<p>Dokuma kilim par\u00e7alar\u0131 ile \u00fcretilmi\u015ftir. Yap\u0131m\u0131nda ke\u00e7e kullan\u0131lm\u0131\u015ft\u0131r.<\/p>\n<p>Taban\u0131nda mantar ve deri kullan\u0131lm\u0131\u015ft\u0131r.<\/p>","protected":false},"excerpt":{"rendered":"<p>Dokuma kilim par\u00e7alar\u0131 ile \u00fcretilmi\u015ftir. Yap\u0131m\u0131nda ke\u00e7e kullan\u0131lm\u0131\u015ft\u0131r. Taban\u0131nda mantar ve deri kullan\u0131lm\u0131\u015ft\u0131r.<\/p>","protected":false},"featured_media":480,"template":"","meta":[],"product_brand":[],"product_cat":[57,51,48],"product_tag":[],"class_list":{"0":"post-453","1":"product","2":"type-product","3":"status-publish","4":"has-post-thumbnail","6":"product_cat-slipper","7":"product_cat-tags-x-tapis","8":"product_cat-aksesuarlar","10":"first","11":"outofstock","12":"shipping-taxable","13":"purchasable","14":"product-type-variable"},"_links":{"self":[{"href":"https:\/\/tapistr.com\/en\/wp-json\/wp\/v2\/product\/453","targetHints":{"allow":["GET"]}}],"collection":[{"href":"https:\/\/tapistr.com\/en\/wp-json\/wp\/v2\/product"}],"about":[{"href":"https:\/\/tapistr.com\/en\/wp-json\/wp\/v2\/types\/product"}],"wp:featuredmedia":[{"embeddable":true,"href":"https:\/\/tapistr.com\/en\/wp-json\/wp\/v2\/media\/480"}],"wp:attachment":[{"href":"https:\/\/tapistr.com\/en\/wp-json\/wp\/v2\/media?parent=453"}],"wp:term":[{"taxonomy":"product_brand","embeddable":true,"href":"https:\/\/tapistr.com\/en\/wp-json\/wp\/v2\/product_brand?post=453"},{"taxonomy":"product_cat","embeddable":true,"href":"https:\/\/tapistr.com\/en\/wp-json\/wp\/v2\/product_cat?post=453"},{"taxonomy":"product_tag","embeddable":true,"href":"https:\/\/tapistr.com\/en\/wp-json\/wp\/v2\/product_tag?post=453"}],"curies":[{"name":"wp","href":"https:\/\/api.w.org\/{rel}","templated":true}]}}