{"id":436,"date":"2024-03-28T17:19:30","date_gmt":"2024-03-28T14:19:30","guid":{"rendered":"https:\/\/tapistr.com\/?post_type=product&#038;p=436"},"modified":"2025-12-19T11:15:21","modified_gmt":"2025-12-19T08:15:21","slug":"tapis-x-tags-red-slipper","status":"publish","type":"product","link":"https:\/\/tapistr.com\/en\/product\/tapis-x-tags-red-slipper\/","title":{"rendered":"TAPIS X TAGS Red Slipper"},"content":{"rendered":"<p>Dokuma kilim par\u00e7alar\u0131 ile \u00fcretilmi\u015ftir. Yap\u0131m\u0131nda ke\u00e7e kullan\u0131lm\u0131\u015ft\u0131r.<\/p>\n<p>Taban\u0131nda mantar ve deri kullan\u0131lm\u0131\u015ft\u0131r.<\/p>","protected":false},"excerpt":{"rendered":"<p>Dokuma kilim par\u00e7alar\u0131 ile \u00fcretilmi\u015ftir. Yap\u0131m\u0131nda ke\u00e7e kullan\u0131lm\u0131\u015ft\u0131r. Taban\u0131nda mantar ve deri kullan\u0131lm\u0131\u015ft\u0131r.<\/p>","protected":false},"featured_media":478,"template":"","meta":[],"product_brand":[],"product_cat":[57,51,48],"product_tag":[],"class_list":{"0":"post-436","1":"product","2":"type-product","3":"status-publish","4":"has-post-thumbnail","6":"product_cat-slipper","7":"product_cat-tags-x-tapis","8":"product_cat-aksesuarlar","10":"first","11":"outofstock","12":"shipping-taxable","13":"purchasable","14":"product-type-variable"},"_links":{"self":[{"href":"https:\/\/tapistr.com\/en\/wp-json\/wp\/v2\/product\/436","targetHints":{"allow":["GET"]}}],"collection":[{"href":"https:\/\/tapistr.com\/en\/wp-json\/wp\/v2\/product"}],"about":[{"href":"https:\/\/tapistr.com\/en\/wp-json\/wp\/v2\/types\/product"}],"wp:featuredmedia":[{"embeddable":true,"href":"https:\/\/tapistr.com\/en\/wp-json\/wp\/v2\/media\/478"}],"wp:attachment":[{"href":"https:\/\/tapistr.com\/en\/wp-json\/wp\/v2\/media?parent=436"}],"wp:term":[{"taxonomy":"product_brand","embeddable":true,"href":"https:\/\/tapistr.com\/en\/wp-json\/wp\/v2\/product_brand?post=436"},{"taxonomy":"product_cat","embeddable":true,"href":"https:\/\/tapistr.com\/en\/wp-json\/wp\/v2\/product_cat?post=436"},{"taxonomy":"product_tag","embeddable":true,"href":"https:\/\/tapistr.com\/en\/wp-json\/wp\/v2\/product_tag?post=436"}],"curies":[{"name":"wp","href":"https:\/\/api.w.org\/{rel}","templated":true}]}}