{"id":435,"date":"2024-03-28T17:19:30","date_gmt":"2024-03-28T14:19:30","guid":{"rendered":"https:\/\/tapistr.com\/?post_type=product&#038;p=435"},"modified":"2026-01-19T15:47:32","modified_gmt":"2026-01-19T12:47:32","slug":"tapis-x-tags-flying-carpet","status":"publish","type":"product","link":"https:\/\/tapistr.com\/en\/product\/tapis-x-tags-flying-carpet\/","title":{"rendered":"TAPIS X TAGS Flying Carpet"},"content":{"rendered":"<p>Dokuma i\u00e7in kullan\u0131lan %100 Pamuk ipli\u011fi.<\/p>\n<p>Dokumas\u0131nda bitkisel boya kullan\u0131lm\u0131\u015ft\u0131r. El yap\u0131m\u0131d\u0131r. 95\u00d756 cm ebatlar\u0131ndad\u0131r.<\/p>","protected":false},"excerpt":{"rendered":"<p>Dokuma i\u00e7in kullan\u0131lan %100 Pamuk ipli\u011fi. Dokumas\u0131nda bitkisel boya kullan\u0131lm\u0131\u015ft\u0131r. El yap\u0131m\u0131d\u0131r. 95\u00d756 cm ebatlar\u0131ndad\u0131r.<\/p>","protected":false},"featured_media":469,"template":"","meta":[],"product_brand":[],"product_cat":[53,51],"product_tag":[],"class_list":{"0":"post-435","1":"product","2":"type-product","3":"status-publish","4":"has-post-thumbnail","6":"product_cat-hali","7":"product_cat-tags-x-tapis","9":"first","10":"instock","11":"shipping-taxable","12":"purchasable","13":"product-type-simple"},"_links":{"self":[{"href":"https:\/\/tapistr.com\/en\/wp-json\/wp\/v2\/product\/435","targetHints":{"allow":["GET"]}}],"collection":[{"href":"https:\/\/tapistr.com\/en\/wp-json\/wp\/v2\/product"}],"about":[{"href":"https:\/\/tapistr.com\/en\/wp-json\/wp\/v2\/types\/product"}],"wp:featuredmedia":[{"embeddable":true,"href":"https:\/\/tapistr.com\/en\/wp-json\/wp\/v2\/media\/469"}],"wp:attachment":[{"href":"https:\/\/tapistr.com\/en\/wp-json\/wp\/v2\/media?parent=435"}],"wp:term":[{"taxonomy":"product_brand","embeddable":true,"href":"https:\/\/tapistr.com\/en\/wp-json\/wp\/v2\/product_brand?post=435"},{"taxonomy":"product_cat","embeddable":true,"href":"https:\/\/tapistr.com\/en\/wp-json\/wp\/v2\/product_cat?post=435"},{"taxonomy":"product_tag","embeddable":true,"href":"https:\/\/tapistr.com\/en\/wp-json\/wp\/v2\/product_tag?post=435"}],"curies":[{"name":"wp","href":"https:\/\/api.w.org\/{rel}","templated":true}]}}