{"id":434,"date":"2024-03-28T17:19:30","date_gmt":"2024-03-28T14:19:30","guid":{"rendered":"https:\/\/tapistr.com\/?post_type=product&#038;p=434"},"modified":"2025-11-27T14:56:41","modified_gmt":"2025-11-27T11:56:41","slug":"tapis-etnik-sapka","status":"publish","type":"product","link":"https:\/\/tapistr.com\/en\/product\/tapis-etnik-sapka\/","title":{"rendered":"TAPIS Ethnic Hat"},"content":{"rendered":"<p>Bu \u00fcr\u00fcnde orijinal el dokumas\u0131 Anadolu kilimi kullan\u0131lm\u0131\u015ft\u0131r.<\/p>","protected":false},"excerpt":{"rendered":"<p>Bu \u00fcr\u00fcnde orijinal el dokumas\u0131 Anadolu kilimi kullan\u0131lm\u0131\u015ft\u0131r.<\/p>","protected":false},"featured_media":467,"template":"","meta":[],"product_brand":[],"product_cat":[102,48],"product_tag":[],"class_list":{"0":"post-434","1":"product","2":"type-product","3":"status-publish","4":"has-post-thumbnail","6":"product_cat-cap","7":"product_cat-aksesuarlar","9":"first","10":"outofstock","11":"shipping-taxable","12":"purchasable","13":"product-type-simple"},"_links":{"self":[{"href":"https:\/\/tapistr.com\/en\/wp-json\/wp\/v2\/product\/434","targetHints":{"allow":["GET"]}}],"collection":[{"href":"https:\/\/tapistr.com\/en\/wp-json\/wp\/v2\/product"}],"about":[{"href":"https:\/\/tapistr.com\/en\/wp-json\/wp\/v2\/types\/product"}],"wp:featuredmedia":[{"embeddable":true,"href":"https:\/\/tapistr.com\/en\/wp-json\/wp\/v2\/media\/467"}],"wp:attachment":[{"href":"https:\/\/tapistr.com\/en\/wp-json\/wp\/v2\/media?parent=434"}],"wp:term":[{"taxonomy":"product_brand","embeddable":true,"href":"https:\/\/tapistr.com\/en\/wp-json\/wp\/v2\/product_brand?post=434"},{"taxonomy":"product_cat","embeddable":true,"href":"https:\/\/tapistr.com\/en\/wp-json\/wp\/v2\/product_cat?post=434"},{"taxonomy":"product_tag","embeddable":true,"href":"https:\/\/tapistr.com\/en\/wp-json\/wp\/v2\/product_tag?post=434"}],"curies":[{"name":"wp","href":"https:\/\/api.w.org\/{rel}","templated":true}]}}