{"id":346,"date":"2024-03-28T17:08:29","date_gmt":"2024-03-28T14:08:29","guid":{"rendered":"https:\/\/tapistr.com\/?post_type=product&#038;p=346"},"modified":"2026-02-20T13:30:16","modified_gmt":"2026-02-20T10:30:16","slug":"tapis-essentials-020","status":"publish","type":"product","link":"https:\/\/tapistr.com\/en\/product\/tapis-essentials-020\/","title":{"rendered":"TAPIS Essentials 020"},"content":{"rendered":"<p>TAPIS Essentials 020 beyaz ti\u015f\u00f6rt, TAPIS Essentials Koleksiyonunun ana \u00fcr\u00fcnlerinden biridir. S\u0131rt k\u0131sm\u0131 el dokumas\u0131 Anadolu kiliminden \u00fcretilmi\u015ftir.<\/p>","protected":false},"excerpt":{"rendered":"<p>TAPIS Essentials 020 beyaz ti\u015f\u00f6rt, TAPIS Essentials Koleksiyonunun ana \u00fcr\u00fcnlerinden biridir. S\u0131rt k\u0131sm\u0131 el dokumas\u0131 Anadolu kiliminden \u00fcretilmi\u015ftir.<\/p>","protected":false},"featured_media":411,"template":"","meta":[],"product_brand":[],"product_cat":[116,47,46],"product_tag":[],"class_list":{"0":"post-346","1":"product","2":"type-product","3":"status-publish","4":"has-post-thumbnail","6":"product_cat-yeni-gelenler","7":"product_cat-tisort","8":"product_cat-essentials","10":"first","11":"instock","12":"shipping-taxable","13":"purchasable","14":"product-type-variable"},"_links":{"self":[{"href":"https:\/\/tapistr.com\/en\/wp-json\/wp\/v2\/product\/346","targetHints":{"allow":["GET"]}}],"collection":[{"href":"https:\/\/tapistr.com\/en\/wp-json\/wp\/v2\/product"}],"about":[{"href":"https:\/\/tapistr.com\/en\/wp-json\/wp\/v2\/types\/product"}],"wp:featuredmedia":[{"embeddable":true,"href":"https:\/\/tapistr.com\/en\/wp-json\/wp\/v2\/media\/411"}],"wp:attachment":[{"href":"https:\/\/tapistr.com\/en\/wp-json\/wp\/v2\/media?parent=346"}],"wp:term":[{"taxonomy":"product_brand","embeddable":true,"href":"https:\/\/tapistr.com\/en\/wp-json\/wp\/v2\/product_brand?post=346"},{"taxonomy":"product_cat","embeddable":true,"href":"https:\/\/tapistr.com\/en\/wp-json\/wp\/v2\/product_cat?post=346"},{"taxonomy":"product_tag","embeddable":true,"href":"https:\/\/tapistr.com\/en\/wp-json\/wp\/v2\/product_tag?post=346"}],"curies":[{"name":"wp","href":"https:\/\/api.w.org\/{rel}","templated":true}]}}