{"id":335,"date":"2024-03-28T17:08:06","date_gmt":"2024-03-28T14:08:06","guid":{"rendered":"https:\/\/tapistr.com\/?post_type=product&#038;p=335"},"modified":"2026-03-29T13:17:48","modified_gmt":"2026-03-29T10:17:48","slug":"tapis-essentials-022","status":"publish","type":"product","link":"https:\/\/tapistr.com\/en\/product\/tapis-essentials-022\/","title":{"rendered":"TAPIS Essentials 022"},"content":{"rendered":"<p>TAPIS Essentials 022 beyaz ti\u015f\u00f6rt, TAPIS Essentials Koleksiyonunun ana \u00fcr\u00fcnlerinden biridir. Arka k\u0131s\u0131mdaki par\u00e7a aslen el dokumas\u0131 Anadolu kiliminden \u00fcretilmi\u015ftir.<\/p>","protected":false},"excerpt":{"rendered":"<p>TAPIS Essentials 022 beyaz ti\u015f\u00f6rt, TAPIS Essentials Koleksiyonunun ana \u00fcr\u00fcnlerinden biridir. Arka k\u0131s\u0131mdaki par\u00e7a aslen el dokumas\u0131 Anadolu kiliminden \u00fcretilmi\u015ftir.<\/p>","protected":false},"featured_media":411,"template":"","meta":[],"product_brand":[],"product_cat":[116,47,46],"product_tag":[],"class_list":{"0":"post-335","1":"product","2":"type-product","3":"status-publish","4":"has-post-thumbnail","6":"product_cat-yeni-gelenler","7":"product_cat-tisort","8":"product_cat-essentials","10":"first","11":"instock","12":"shipping-taxable","13":"purchasable","14":"product-type-variable"},"_links":{"self":[{"href":"https:\/\/tapistr.com\/en\/wp-json\/wp\/v2\/product\/335","targetHints":{"allow":["GET"]}}],"collection":[{"href":"https:\/\/tapistr.com\/en\/wp-json\/wp\/v2\/product"}],"about":[{"href":"https:\/\/tapistr.com\/en\/wp-json\/wp\/v2\/types\/product"}],"wp:featuredmedia":[{"embeddable":true,"href":"https:\/\/tapistr.com\/en\/wp-json\/wp\/v2\/media\/411"}],"wp:attachment":[{"href":"https:\/\/tapistr.com\/en\/wp-json\/wp\/v2\/media?parent=335"}],"wp:term":[{"taxonomy":"product_brand","embeddable":true,"href":"https:\/\/tapistr.com\/en\/wp-json\/wp\/v2\/product_brand?post=335"},{"taxonomy":"product_cat","embeddable":true,"href":"https:\/\/tapistr.com\/en\/wp-json\/wp\/v2\/product_cat?post=335"},{"taxonomy":"product_tag","embeddable":true,"href":"https:\/\/tapistr.com\/en\/wp-json\/wp\/v2\/product_tag?post=335"}],"curies":[{"name":"wp","href":"https:\/\/api.w.org\/{rel}","templated":true}]}}