{"id":304,"date":"2024-03-28T17:06:49","date_gmt":"2024-03-28T14:06:49","guid":{"rendered":"https:\/\/tapistr.com\/?post_type=product&#038;p=304"},"modified":"2026-01-19T15:50:22","modified_gmt":"2026-01-19T12:50:22","slug":"tapis-x-tags-turkmen-rug","status":"publish","type":"product","link":"https:\/\/tapistr.com\/en\/product\/tapis-x-tags-turkmen-rug\/","title":{"rendered":"TAPIS X TAGS T\u00fcrkmen Rug"},"content":{"rendered":"<p>Dokuma i\u00e7in kullan\u0131lan %100 Pamuk ipli\u011fi.<\/p>\n<p>Dokumas\u0131nda bitkisel boya kullan\u0131lm\u0131\u015ft\u0131r. El yap\u0131m\u0131d\u0131r.73&#215;60 cm ebatlar\u0131ndad\u0131r.<\/p>","protected":false},"excerpt":{"rendered":"<p>&nbsp;<\/p>\n<p>&nbsp;<\/p>","protected":false},"featured_media":372,"template":"","meta":[],"product_brand":[],"product_cat":[55,51],"product_tag":[],"class_list":{"0":"post-304","1":"product","2":"type-product","3":"status-publish","4":"has-post-thumbnail","6":"product_cat-kilim","7":"product_cat-tags-x-tapis","9":"first","10":"instock","11":"sold-individually","12":"shipping-taxable","13":"purchasable","14":"product-type-simple"},"_links":{"self":[{"href":"https:\/\/tapistr.com\/en\/wp-json\/wp\/v2\/product\/304","targetHints":{"allow":["GET"]}}],"collection":[{"href":"https:\/\/tapistr.com\/en\/wp-json\/wp\/v2\/product"}],"about":[{"href":"https:\/\/tapistr.com\/en\/wp-json\/wp\/v2\/types\/product"}],"wp:featuredmedia":[{"embeddable":true,"href":"https:\/\/tapistr.com\/en\/wp-json\/wp\/v2\/media\/372"}],"wp:attachment":[{"href":"https:\/\/tapistr.com\/en\/wp-json\/wp\/v2\/media?parent=304"}],"wp:term":[{"taxonomy":"product_brand","embeddable":true,"href":"https:\/\/tapistr.com\/en\/wp-json\/wp\/v2\/product_brand?post=304"},{"taxonomy":"product_cat","embeddable":true,"href":"https:\/\/tapistr.com\/en\/wp-json\/wp\/v2\/product_cat?post=304"},{"taxonomy":"product_tag","embeddable":true,"href":"https:\/\/tapistr.com\/en\/wp-json\/wp\/v2\/product_tag?post=304"}],"curies":[{"name":"wp","href":"https:\/\/api.w.org\/{rel}","templated":true}]}}