{"id":301,"date":"2024-03-28T17:06:49","date_gmt":"2024-03-28T14:06:49","guid":{"rendered":"https:\/\/tapistr.com\/?post_type=product&#038;p=301"},"modified":"2026-01-19T15:49:46","modified_gmt":"2026-01-19T12:49:46","slug":"tapis-x-tags-pillow","status":"publish","type":"product","link":"https:\/\/tapistr.com\/en\/product\/tapis-x-tags-pillow\/","title":{"rendered":"TAPIS X TAGS Pillow"},"content":{"rendered":"<p>%100 pamuk ipli\u011fi kullan\u0131larak bitkisel boya ile dokunmu\u015ftur. El dokumas\u0131 Anadolu Kiliminden \u00fcretilmi\u015ftir. El yap\u0131m\u0131d\u0131r.<\/p>","protected":false},"excerpt":{"rendered":"<p>%100 pamuk ipli\u011fi kullan\u0131larak bitkisel boya ile dokunmu\u015ftur. El dokumas\u0131 Anadolu Kiliminden \u00fcretilmi\u015ftir. El yap\u0131m\u0131d\u0131r.<\/p>","protected":false},"featured_media":363,"template":"","meta":[],"product_brand":[],"product_cat":[54,51],"product_tag":[],"class_list":{"0":"post-301","1":"product","2":"type-product","3":"status-publish","4":"has-post-thumbnail","6":"product_cat-yastik","7":"product_cat-tags-x-tapis","9":"first","10":"instock","11":"shipping-taxable","12":"purchasable","13":"product-type-simple"},"_links":{"self":[{"href":"https:\/\/tapistr.com\/en\/wp-json\/wp\/v2\/product\/301","targetHints":{"allow":["GET"]}}],"collection":[{"href":"https:\/\/tapistr.com\/en\/wp-json\/wp\/v2\/product"}],"about":[{"href":"https:\/\/tapistr.com\/en\/wp-json\/wp\/v2\/types\/product"}],"wp:featuredmedia":[{"embeddable":true,"href":"https:\/\/tapistr.com\/en\/wp-json\/wp\/v2\/media\/363"}],"wp:attachment":[{"href":"https:\/\/tapistr.com\/en\/wp-json\/wp\/v2\/media?parent=301"}],"wp:term":[{"taxonomy":"product_brand","embeddable":true,"href":"https:\/\/tapistr.com\/en\/wp-json\/wp\/v2\/product_brand?post=301"},{"taxonomy":"product_cat","embeddable":true,"href":"https:\/\/tapistr.com\/en\/wp-json\/wp\/v2\/product_cat?post=301"},{"taxonomy":"product_tag","embeddable":true,"href":"https:\/\/tapistr.com\/en\/wp-json\/wp\/v2\/product_tag?post=301"}],"curies":[{"name":"wp","href":"https:\/\/api.w.org\/{rel}","templated":true}]}}