{"id":300,"date":"2024-03-28T17:06:49","date_gmt":"2024-03-28T14:06:49","guid":{"rendered":"https:\/\/tapistr.com\/?post_type=product&#038;p=300"},"modified":"2026-01-19T15:49:27","modified_gmt":"2026-01-19T12:49:27","slug":"tapis-x-tags-take-a-seat-pillow","status":"publish","type":"product","link":"https:\/\/tapistr.com\/en\/product\/tapis-x-tags-take-a-seat-pillow\/","title":{"rendered":"TAPIS X TAGS Take A Seat Pillow"},"content":{"rendered":"<p>\u00dcretiminde Anadolu Kilimi kullan\u0131l\u0131yor. Kilimin dokunmas\u0131nda kullan\u0131lan %100 Pamuk ipli\u011fi. Dokumas\u0131nda bitkisel boya kullan\u0131lm\u0131\u015ft\u0131r. El yap\u0131m\u0131d\u0131r. Ba\u015fl\u0131k ki\u015fiselle\u015ftirilebilir.<\/p>","protected":false},"excerpt":{"rendered":"<p>\u00dcretiminde Anadolu Kilimi kullan\u0131l\u0131yor. Kilimin dokunmas\u0131nda kullan\u0131lan %100 Pamuk ipli\u011fi. Dokumas\u0131nda bitkisel boya kullan\u0131lm\u0131\u015ft\u0131r. El yap\u0131m\u0131d\u0131r. Ba\u015fl\u0131k ki\u015fiselle\u015ftirilebilir.<\/p>","protected":false},"featured_media":362,"template":"","meta":[],"product_brand":[],"product_cat":[54,51,101],"product_tag":[],"class_list":{"0":"post-300","1":"product","2":"type-product","3":"status-publish","4":"has-post-thumbnail","6":"product_cat-yastik","7":"product_cat-tags-x-tapis","8":"product_cat-ev-aksesuarlari","10":"first","11":"instock","12":"sold-individually","13":"shipping-taxable","14":"purchasable","15":"product-type-simple"},"_links":{"self":[{"href":"https:\/\/tapistr.com\/en\/wp-json\/wp\/v2\/product\/300","targetHints":{"allow":["GET"]}}],"collection":[{"href":"https:\/\/tapistr.com\/en\/wp-json\/wp\/v2\/product"}],"about":[{"href":"https:\/\/tapistr.com\/en\/wp-json\/wp\/v2\/types\/product"}],"wp:featuredmedia":[{"embeddable":true,"href":"https:\/\/tapistr.com\/en\/wp-json\/wp\/v2\/media\/362"}],"wp:attachment":[{"href":"https:\/\/tapistr.com\/en\/wp-json\/wp\/v2\/media?parent=300"}],"wp:term":[{"taxonomy":"product_brand","embeddable":true,"href":"https:\/\/tapistr.com\/en\/wp-json\/wp\/v2\/product_brand?post=300"},{"taxonomy":"product_cat","embeddable":true,"href":"https:\/\/tapistr.com\/en\/wp-json\/wp\/v2\/product_cat?post=300"},{"taxonomy":"product_tag","embeddable":true,"href":"https:\/\/tapistr.com\/en\/wp-json\/wp\/v2\/product_tag?post=300"}],"curies":[{"name":"wp","href":"https:\/\/api.w.org\/{rel}","templated":true}]}}