{"id":297,"date":"2024-03-28T17:06:49","date_gmt":"2024-03-28T14:06:49","guid":{"rendered":"https:\/\/tapistr.com\/?post_type=product&#038;p=297"},"modified":"2026-01-19T15:48:53","modified_gmt":"2026-01-19T12:48:53","slug":"tapis-x-tags-ephesus-puf","status":"publish","type":"product","link":"https:\/\/tapistr.com\/en\/product\/tapis-x-tags-ephesus-puf\/","title":{"rendered":"TAPIS X TAGS Ephesus Puf"},"content":{"rendered":"<p>G\u00f6vde: Ah\u015fap mango a\u011fac\u0131 \/ Desen: El dokumas\u0131 kilim<\/p>\n<p>Tasar\u0131m\u0131nda bir adet dokuma kilim kullan\u0131lm\u0131\u015ft\u0131r. Ayaklar ve g\u00f6vde ah\u015fapt\u0131r.<\/p>","protected":false},"excerpt":{"rendered":"<p>&nbsp;<\/p>\n<p>&nbsp;<\/p>","protected":false},"featured_media":354,"template":"","meta":[],"product_brand":[],"product_cat":[110,51,101],"product_tag":[],"class_list":{"0":"post-297","1":"product","2":"type-product","3":"status-publish","4":"has-post-thumbnail","6":"product_cat-mobilya","7":"product_cat-tags-x-tapis","8":"product_cat-ev-aksesuarlari","10":"first","11":"instock","12":"shipping-taxable","13":"purchasable","14":"product-type-simple"},"_links":{"self":[{"href":"https:\/\/tapistr.com\/en\/wp-json\/wp\/v2\/product\/297","targetHints":{"allow":["GET"]}}],"collection":[{"href":"https:\/\/tapistr.com\/en\/wp-json\/wp\/v2\/product"}],"about":[{"href":"https:\/\/tapistr.com\/en\/wp-json\/wp\/v2\/types\/product"}],"wp:featuredmedia":[{"embeddable":true,"href":"https:\/\/tapistr.com\/en\/wp-json\/wp\/v2\/media\/354"}],"wp:attachment":[{"href":"https:\/\/tapistr.com\/en\/wp-json\/wp\/v2\/media?parent=297"}],"wp:term":[{"taxonomy":"product_brand","embeddable":true,"href":"https:\/\/tapistr.com\/en\/wp-json\/wp\/v2\/product_brand?post=297"},{"taxonomy":"product_cat","embeddable":true,"href":"https:\/\/tapistr.com\/en\/wp-json\/wp\/v2\/product_cat?post=297"},{"taxonomy":"product_tag","embeddable":true,"href":"https:\/\/tapistr.com\/en\/wp-json\/wp\/v2\/product_tag?post=297"}],"curies":[{"name":"wp","href":"https:\/\/api.w.org\/{rel}","templated":true}]}}