{"id":296,"date":"2024-03-28T17:06:48","date_gmt":"2024-03-28T14:06:48","guid":{"rendered":"https:\/\/tapistr.com\/?post_type=product&#038;p=296"},"modified":"2026-01-19T15:50:52","modified_gmt":"2026-01-19T12:50:52","slug":"tapis-x-tags-ephesus-lamp-2","status":"publish","type":"product","link":"https:\/\/tapistr.com\/en\/product\/tapis-x-tags-ephesus-lamp-2\/","title":{"rendered":"TAPIS X TAGS Ephesus Lamp"},"content":{"rendered":"<p>Yap\u0131m\u0131nda dokuma kilim par\u00e7as\u0131 kullan\u0131lm\u0131\u015ft\u0131r. Yap\u0131m\u0131nda dokuma kilim par\u00e7as\u0131 kullan\u0131lm\u0131\u015ft\u0131r. Tamamen el yap\u0131m\u0131d\u0131r. Sadece 1 adet fiyat\u0131d\u0131r. Ah\u015fap mango a\u011fac\u0131ndan \u00fcretilmi\u015ftir. \u015eapka boyutunu sipari\u015f esnas\u0131nda belirtmenizi rica ederiz. \u00dcretim s\u00fcreci 15-30 g\u00fcnd\u00fcr. Boy: 60 cm, \u00c7ap 30 cm<\/p>","protected":false},"excerpt":{"rendered":"<p>Yap\u0131m\u0131nda dokuma kilim par\u00e7as\u0131 kullan\u0131lm\u0131\u015ft\u0131r. Yap\u0131m\u0131nda dokuma kilim par\u00e7as\u0131 kullan\u0131lm\u0131\u015ft\u0131r. Tamamen el yap\u0131m\u0131d\u0131r. Sadece 1 adet fiyat\u0131d\u0131r. Ah\u015fap mango a\u011fac\u0131ndan \u00fcretilmi\u015ftir. \u015eapka boyutunu sipari\u015f esnas\u0131nda belirtmenizi rica ederiz. \u00dcretim s\u00fcreci 15-30 g\u00fcnd\u00fcr. Boy: 60 cm, \u00c7ap 30 cm<\/p>","protected":false},"featured_media":353,"template":"","meta":[],"product_brand":[],"product_cat":[109,51,101],"product_tag":[],"class_list":{"0":"post-296","1":"product","2":"type-product","3":"status-publish","4":"has-post-thumbnail","6":"product_cat-aydinlatma","7":"product_cat-tags-x-tapis","8":"product_cat-ev-aksesuarlari","10":"first","11":"instock","12":"shipping-taxable","13":"purchasable","14":"product-type-simple"},"_links":{"self":[{"href":"https:\/\/tapistr.com\/en\/wp-json\/wp\/v2\/product\/296","targetHints":{"allow":["GET"]}}],"collection":[{"href":"https:\/\/tapistr.com\/en\/wp-json\/wp\/v2\/product"}],"about":[{"href":"https:\/\/tapistr.com\/en\/wp-json\/wp\/v2\/types\/product"}],"wp:featuredmedia":[{"embeddable":true,"href":"https:\/\/tapistr.com\/en\/wp-json\/wp\/v2\/media\/353"}],"wp:attachment":[{"href":"https:\/\/tapistr.com\/en\/wp-json\/wp\/v2\/media?parent=296"}],"wp:term":[{"taxonomy":"product_brand","embeddable":true,"href":"https:\/\/tapistr.com\/en\/wp-json\/wp\/v2\/product_brand?post=296"},{"taxonomy":"product_cat","embeddable":true,"href":"https:\/\/tapistr.com\/en\/wp-json\/wp\/v2\/product_cat?post=296"},{"taxonomy":"product_tag","embeddable":true,"href":"https:\/\/tapistr.com\/en\/wp-json\/wp\/v2\/product_tag?post=296"}],"curies":[{"name":"wp","href":"https:\/\/api.w.org\/{rel}","templated":true}]}}