{"id":290,"date":"2024-03-28T17:06:48","date_gmt":"2024-03-28T14:06:48","guid":{"rendered":"https:\/\/tapistr.com\/?post_type=product&#038;p=290"},"modified":"2026-02-03T12:17:38","modified_gmt":"2026-02-03T09:17:38","slug":"tapis-red-hoodie","status":"publish","type":"product","link":"https:\/\/tapistr.com\/en\/product\/tapis-red-hoodie\/","title":{"rendered":"TAPIS Red Hoodie"},"content":{"rendered":"<p>Ba\u015fl\u0131k k\u0131sm\u0131 tamamen dokuma kilim par\u00e7as\u0131 ile kaplanm\u0131\u015ft\u0131r.<\/p>","protected":false},"excerpt":{"rendered":"<p>Ba\u015fl\u0131k k\u0131sm\u0131 tamamen dokuma kilim par\u00e7as\u0131 ile kaplanm\u0131\u015ft\u0131r.<\/p>","protected":false},"featured_media":343,"template":"","meta":[],"product_brand":[],"product_cat":[43],"product_tag":[],"class_list":{"0":"post-290","1":"product","2":"type-product","3":"status-publish","4":"has-post-thumbnail","6":"product_cat-hoodie","8":"first","9":"outofstock","10":"shipping-taxable","11":"purchasable","12":"product-type-variable"},"_links":{"self":[{"href":"https:\/\/tapistr.com\/en\/wp-json\/wp\/v2\/product\/290","targetHints":{"allow":["GET"]}}],"collection":[{"href":"https:\/\/tapistr.com\/en\/wp-json\/wp\/v2\/product"}],"about":[{"href":"https:\/\/tapistr.com\/en\/wp-json\/wp\/v2\/types\/product"}],"wp:featuredmedia":[{"embeddable":true,"href":"https:\/\/tapistr.com\/en\/wp-json\/wp\/v2\/media\/343"}],"wp:attachment":[{"href":"https:\/\/tapistr.com\/en\/wp-json\/wp\/v2\/media?parent=290"}],"wp:term":[{"taxonomy":"product_brand","embeddable":true,"href":"https:\/\/tapistr.com\/en\/wp-json\/wp\/v2\/product_brand?post=290"},{"taxonomy":"product_cat","embeddable":true,"href":"https:\/\/tapistr.com\/en\/wp-json\/wp\/v2\/product_cat?post=290"},{"taxonomy":"product_tag","embeddable":true,"href":"https:\/\/tapistr.com\/en\/wp-json\/wp\/v2\/product_tag?post=290"}],"curies":[{"name":"wp","href":"https:\/\/api.w.org\/{rel}","templated":true}]}}