{"id":288,"date":"2024-03-28T17:06:48","date_gmt":"2024-03-28T14:06:48","guid":{"rendered":"https:\/\/tapistr.com\/?post_type=product&#038;p=288"},"modified":"2026-03-21T18:36:23","modified_gmt":"2026-03-21T15:36:23","slug":"tapis-kirmizi-sapka","status":"publish","type":"product","link":"https:\/\/tapistr.com\/en\/product\/tapis-kirmizi-sapka\/","title":{"rendered":"TAPIS K\u0131rm\u0131z\u0131 \u015eapka"},"content":{"rendered":"<p>Bu \u00fcr\u00fcnde orijinal el dokumas\u0131 Anadolu kilimi kullan\u0131lm\u0131\u015ft\u0131r.<\/p>","protected":false},"excerpt":{"rendered":"<p>Bu \u00fcr\u00fcnde orijinal el dokumas\u0131 Anadolu kilimi kullan\u0131lm\u0131\u015ft\u0131r.<\/p>","protected":false},"featured_media":327,"template":"","meta":[],"product_brand":[],"product_cat":[102,48],"product_tag":[],"class_list":{"0":"post-288","1":"product","2":"type-product","3":"status-publish","4":"has-post-thumbnail","6":"product_cat-cap","7":"product_cat-aksesuarlar","9":"first","10":"outofstock","11":"shipping-taxable","12":"purchasable","13":"product-type-simple"},"_links":{"self":[{"href":"https:\/\/tapistr.com\/en\/wp-json\/wp\/v2\/product\/288","targetHints":{"allow":["GET"]}}],"collection":[{"href":"https:\/\/tapistr.com\/en\/wp-json\/wp\/v2\/product"}],"about":[{"href":"https:\/\/tapistr.com\/en\/wp-json\/wp\/v2\/types\/product"}],"wp:featuredmedia":[{"embeddable":true,"href":"https:\/\/tapistr.com\/en\/wp-json\/wp\/v2\/media\/327"}],"wp:attachment":[{"href":"https:\/\/tapistr.com\/en\/wp-json\/wp\/v2\/media?parent=288"}],"wp:term":[{"taxonomy":"product_brand","embeddable":true,"href":"https:\/\/tapistr.com\/en\/wp-json\/wp\/v2\/product_brand?post=288"},{"taxonomy":"product_cat","embeddable":true,"href":"https:\/\/tapistr.com\/en\/wp-json\/wp\/v2\/product_cat?post=288"},{"taxonomy":"product_tag","embeddable":true,"href":"https:\/\/tapistr.com\/en\/wp-json\/wp\/v2\/product_tag?post=288"}],"curies":[{"name":"wp","href":"https:\/\/api.w.org\/{rel}","templated":true}]}}