{"id":279,"date":"2024-03-28T17:06:48","date_gmt":"2024-03-28T14:06:48","guid":{"rendered":"https:\/\/tapistr.com\/?post_type=product&#038;p=279"},"modified":"2026-03-15T14:15:21","modified_gmt":"2026-03-15T11:15:21","slug":"tapis-essentials-012","status":"publish","type":"product","link":"https:\/\/tapistr.com\/en\/product\/tapis-essentials-012\/","title":{"rendered":"TAPIS Essentials 012"},"content":{"rendered":"<p>TAPIS Essentials 012 beyaz ti\u015f\u00f6rt, TAPIS Essentials Koleksiyonunun ana \u00fcr\u00fcnlerinden biridir. Omuz par\u00e7as\u0131 aslen Anadolu el dokumas\u0131 hal\u0131lard\u0131r.<\/p>","protected":false},"excerpt":{"rendered":"<p>TAPIS Essentials 012 beyaz ti\u015f\u00f6rt, TAPIS Essentials Koleksiyonunun ana \u00fcr\u00fcnlerinden biridir. Omuz par\u00e7as\u0131 aslen Anadolu el dokumas\u0131 hal\u0131lard\u0131r.<\/p>","protected":false},"featured_media":324,"template":"","meta":[],"product_brand":[],"product_cat":[116,47,46],"product_tag":[],"class_list":{"0":"post-279","1":"product","2":"type-product","3":"status-publish","4":"has-post-thumbnail","6":"product_cat-yeni-gelenler","7":"product_cat-tisort","8":"product_cat-essentials","10":"first","11":"instock","12":"shipping-taxable","13":"purchasable","14":"product-type-variable"},"_links":{"self":[{"href":"https:\/\/tapistr.com\/en\/wp-json\/wp\/v2\/product\/279","targetHints":{"allow":["GET"]}}],"collection":[{"href":"https:\/\/tapistr.com\/en\/wp-json\/wp\/v2\/product"}],"about":[{"href":"https:\/\/tapistr.com\/en\/wp-json\/wp\/v2\/types\/product"}],"wp:featuredmedia":[{"embeddable":true,"href":"https:\/\/tapistr.com\/en\/wp-json\/wp\/v2\/media\/324"}],"wp:attachment":[{"href":"https:\/\/tapistr.com\/en\/wp-json\/wp\/v2\/media?parent=279"}],"wp:term":[{"taxonomy":"product_brand","embeddable":true,"href":"https:\/\/tapistr.com\/en\/wp-json\/wp\/v2\/product_brand?post=279"},{"taxonomy":"product_cat","embeddable":true,"href":"https:\/\/tapistr.com\/en\/wp-json\/wp\/v2\/product_cat?post=279"},{"taxonomy":"product_tag","embeddable":true,"href":"https:\/\/tapistr.com\/en\/wp-json\/wp\/v2\/product_tag?post=279"}],"curies":[{"name":"wp","href":"https:\/\/api.w.org\/{rel}","templated":true}]}}