{"id":278,"date":"2024-03-28T17:06:48","date_gmt":"2024-03-28T14:06:48","guid":{"rendered":"https:\/\/tapistr.com\/?post_type=product&#038;p=278"},"modified":"2025-10-01T15:54:23","modified_gmt":"2025-10-01T12:54:23","slug":"tapis-hoodie","status":"publish","type":"product","link":"https:\/\/tapistr.com\/en\/product\/tapis-hoodie\/","title":{"rendered":"TAPIS Hoodie"},"content":{"rendered":"<p>TAPIS Hoodie, logo ad\u0131n\u0131n \u00fcr\u00fcnlerde tasar\u0131m par\u00e7as\u0131 olarak kullan\u0131ld\u0131\u011f\u0131 ilk \u00fcr\u00fcnd\u00fcr. Kap\u015fonlu tasar\u0131m\u0131nda orijinal olarak el dokumas\u0131 par\u00e7alar kullan\u0131lm\u0131\u015ft\u0131r.<\/p>","protected":false},"excerpt":{"rendered":"<p>TAPIS Hoodie, logo ad\u0131n\u0131n \u00fcr\u00fcnlerde tasar\u0131m par\u00e7as\u0131 olarak kullan\u0131ld\u0131\u011f\u0131 ilk \u00fcr\u00fcnd\u00fcr. Kap\u015fonlu tasar\u0131m\u0131nda orijinal olarak el dokumas\u0131 par\u00e7alar kullan\u0131lm\u0131\u015ft\u0131r.<\/p>","protected":false},"featured_media":319,"template":"","meta":[],"product_brand":[],"product_cat":[43],"product_tag":[],"class_list":{"0":"post-278","1":"product","2":"type-product","3":"status-publish","4":"has-post-thumbnail","6":"product_cat-hoodie","8":"first","9":"instock","10":"shipping-taxable","11":"purchasable","12":"product-type-variable"},"_links":{"self":[{"href":"https:\/\/tapistr.com\/en\/wp-json\/wp\/v2\/product\/278","targetHints":{"allow":["GET"]}}],"collection":[{"href":"https:\/\/tapistr.com\/en\/wp-json\/wp\/v2\/product"}],"about":[{"href":"https:\/\/tapistr.com\/en\/wp-json\/wp\/v2\/types\/product"}],"wp:featuredmedia":[{"embeddable":true,"href":"https:\/\/tapistr.com\/en\/wp-json\/wp\/v2\/media\/319"}],"wp:attachment":[{"href":"https:\/\/tapistr.com\/en\/wp-json\/wp\/v2\/media?parent=278"}],"wp:term":[{"taxonomy":"product_brand","embeddable":true,"href":"https:\/\/tapistr.com\/en\/wp-json\/wp\/v2\/product_brand?post=278"},{"taxonomy":"product_cat","embeddable":true,"href":"https:\/\/tapistr.com\/en\/wp-json\/wp\/v2\/product_cat?post=278"},{"taxonomy":"product_tag","embeddable":true,"href":"https:\/\/tapistr.com\/en\/wp-json\/wp\/v2\/product_tag?post=278"}],"curies":[{"name":"wp","href":"https:\/\/api.w.org\/{rel}","templated":true}]}}