{"id":277,"date":"2024-03-28T17:06:48","date_gmt":"2024-03-28T14:06:48","guid":{"rendered":"https:\/\/tapistr.com\/?post_type=product&#038;p=277"},"modified":"2026-02-22T17:40:24","modified_gmt":"2026-02-22T14:40:24","slug":"tapis-1970-series-denim-jacket","status":"publish","type":"product","link":"https:\/\/tapistr.com\/en\/product\/tapis-1970-series-denim-jacket\/","title":{"rendered":"TAPIS series 1970&#039;s denim jacket"},"content":{"rendered":"<p>Bu ceket sadece 125 adet ile s\u0131n\u0131rl\u0131d\u0131r, sonuncusu 1970 y\u0131l\u0131nda dokunmu\u015f 6 farkl\u0131 el kiliminden elde edilen k\u00fc\u00e7\u00fck par\u00e7alarla \u00fcretilmi\u015ftir.<\/p>\n<p>Bu koleksiyondaki her bir ceket 1&#8217;den 125&#8217;e kadar bir numaraya sahip, her bir numara sadece birbirinden farkl\u0131 par\u00e7alarla kombinlenmekle s\u0131n\u0131rl\u0131 ve kilim par\u00e7alar\u0131yla benzersiz olacak \u015fekilde \u00fcretiliyor.<\/p>","protected":false},"excerpt":{"rendered":"<p>Bu ceket sadece 125 adet ile s\u0131n\u0131rl\u0131d\u0131r, sonuncusu 1970 y\u0131l\u0131nda dokunmu\u015f 6 farkl\u0131 el kiliminden elde edilen k\u00fc\u00e7\u00fck par\u00e7alarla \u00fcretilmi\u015ftir. Bu koleksiyondaki her bir ceket 1&#8217;den 125&#8217;e kadar bir numaraya sahip, her bir numara sadece birbirinden farkl\u0131 par\u00e7alarla kombinlenmekle s\u0131n\u0131rl\u0131 ve kilim par\u00e7alar\u0131yla benzersiz olacak \u015fekilde \u00fcretiliyor.<\/p>","protected":false},"featured_media":314,"template":"","meta":[],"product_brand":[],"product_cat":[42,45],"product_tag":[],"class_list":{"0":"post-277","1":"product","2":"type-product","3":"status-publish","4":"has-post-thumbnail","6":"product_cat-hediye-rehberi","7":"product_cat-ceket","9":"first","10":"instock","11":"shipping-taxable","12":"purchasable","13":"product-type-variable"},"_links":{"self":[{"href":"https:\/\/tapistr.com\/en\/wp-json\/wp\/v2\/product\/277","targetHints":{"allow":["GET"]}}],"collection":[{"href":"https:\/\/tapistr.com\/en\/wp-json\/wp\/v2\/product"}],"about":[{"href":"https:\/\/tapistr.com\/en\/wp-json\/wp\/v2\/types\/product"}],"wp:featuredmedia":[{"embeddable":true,"href":"https:\/\/tapistr.com\/en\/wp-json\/wp\/v2\/media\/314"}],"wp:attachment":[{"href":"https:\/\/tapistr.com\/en\/wp-json\/wp\/v2\/media?parent=277"}],"wp:term":[{"taxonomy":"product_brand","embeddable":true,"href":"https:\/\/tapistr.com\/en\/wp-json\/wp\/v2\/product_brand?post=277"},{"taxonomy":"product_cat","embeddable":true,"href":"https:\/\/tapistr.com\/en\/wp-json\/wp\/v2\/product_cat?post=277"},{"taxonomy":"product_tag","embeddable":true,"href":"https:\/\/tapistr.com\/en\/wp-json\/wp\/v2\/product_tag?post=277"}],"curies":[{"name":"wp","href":"https:\/\/api.w.org\/{rel}","templated":true}]}}