{"id":13874,"date":"2026-05-06T14:54:16","date_gmt":"2026-05-06T11:54:16","guid":{"rendered":"https:\/\/tapistr.com\/?post_type=product&#038;p=13874"},"modified":"2026-05-06T15:28:37","modified_gmt":"2026-05-06T12:28:37","slug":"turkish-originals-red-hoodie-2","status":"publish","type":"product","link":"https:\/\/tapistr.com\/en\/product\/turkish-originals-red-hoodie-2\/","title":{"rendered":"Turkish Originals Blue Hoodie"},"content":{"rendered":"<p>Moda tarihinin ilk global trendlerinden biri bu topraklarda do\u011fdu.<\/p>\n<p>18.\u2060 \u2060y\u00fczy\u0131lda, Avrupa saraylar\u0131ndan sanat at\u00f6lyelerine kadar t\u00fcm d\u00fcnyan\u0131n hayranl\u0131kla konu\u015ftu\u011fu iki T\u00fcrk rengi vard\u0131: Rouge d\u2019Andrinople (Edirne K\u0131rm\u0131z\u0131s\u0131) ve Pierre Turquoise (T\u00fcrk Mavisi). Biri, form\u00fcl\u00fc y\u00fczy\u0131llar boyunca titizlikle korunan; ustal\u0131k, zaman ve sabr\u0131n zirvesi olan tutkulu bir k\u0131rm\u0131z\u0131. Di\u011feri ise ad\u0131n\u0131 do\u011frudan bir k\u00fclt\u00fcrden alan; dengeyi, s\u00fcreklili\u011fi ve asaleti temsil eden derin bir mavi. Bu renkler, T\u00fcrk zanaat gelene\u011finin, \u00fcretim bilgisinin ve k\u00fclt\u00fcrel kimli\u011finin do\u011fal birer sonucuydu.<\/p>\n<p>Turkish Originals koleksiyonu, y\u00fczy\u0131llar \u00f6nce d\u00fcnyay\u0131 kendine hayran b\u0131rakan T\u00fcrk renklerinden ilham\u0131n\u0131 al\u0131yor. Orijinallere duydu\u011fumuz sayg\u0131y\u0131, TAPIS diliyle yeniden yorumluyoruz.<\/p>","protected":false},"excerpt":{"rendered":"<p>Moda tarihinin ilk global trendlerinden biri bu topraklarda do\u011fdu. 18.\u2060 \u2060y\u00fczy\u0131lda, Avrupa saraylar\u0131ndan sanat at\u00f6lyelerine kadar t\u00fcm d\u00fcnyan\u0131n hayranl\u0131kla konu\u015ftu\u011fu iki T\u00fcrk rengi vard\u0131: Rouge d\u2019Andrinople (Edirne K\u0131rm\u0131z\u0131s\u0131) ve Pierre Turquoise (T\u00fcrk Mavisi). Biri, form\u00fcl\u00fc y\u00fczy\u0131llar boyunca titizlikle korunan; ustal\u0131k, zaman ve sabr\u0131n zirvesi olan tutkulu bir k\u0131rm\u0131z\u0131. Di\u011feri ise ad\u0131n\u0131 do\u011frudan bir k\u00fclt\u00fcrden alan; [&hellip;]<\/p>\n","protected":false},"featured_media":13881,"template":"","meta":[],"product_brand":[],"product_cat":[121,43],"product_tag":[],"class_list":{"0":"post-13874","1":"product","2":"type-product","3":"status-publish","4":"has-post-thumbnail","6":"product_cat-turkish-originals","7":"product_cat-hoodie","9":"first","10":"instock","11":"shipping-taxable","12":"purchasable","13":"product-type-variable"},"_links":{"self":[{"href":"https:\/\/tapistr.com\/en\/wp-json\/wp\/v2\/product\/13874","targetHints":{"allow":["GET"]}}],"collection":[{"href":"https:\/\/tapistr.com\/en\/wp-json\/wp\/v2\/product"}],"about":[{"href":"https:\/\/tapistr.com\/en\/wp-json\/wp\/v2\/types\/product"}],"wp:featuredmedia":[{"embeddable":true,"href":"https:\/\/tapistr.com\/en\/wp-json\/wp\/v2\/media\/13881"}],"wp:attachment":[{"href":"https:\/\/tapistr.com\/en\/wp-json\/wp\/v2\/media?parent=13874"}],"wp:term":[{"taxonomy":"product_brand","embeddable":true,"href":"https:\/\/tapistr.com\/en\/wp-json\/wp\/v2\/product_brand?post=13874"},{"taxonomy":"product_cat","embeddable":true,"href":"https:\/\/tapistr.com\/en\/wp-json\/wp\/v2\/product_cat?post=13874"},{"taxonomy":"product_tag","embeddable":true,"href":"https:\/\/tapistr.com\/en\/wp-json\/wp\/v2\/product_tag?post=13874"}],"curies":[{"name":"wp","href":"https:\/\/api.w.org\/{rel}","templated":true}]}}