{"id":13602,"date":"2026-04-01T00:16:15","date_gmt":"2026-03-31T21:16:15","guid":{"rendered":"https:\/\/tapistr.com\/?post_type=product&#038;p=13602"},"modified":"2026-04-17T15:58:56","modified_gmt":"2026-04-17T12:58:56","slug":"turkiye-red-3","status":"publish","type":"product","link":"https:\/\/tapistr.com\/en\/product\/turkiye-red-3\/","title":{"rendered":"T\u00fcrkiye Retro Jacket"},"content":{"rendered":"<p>TAPIS World Cup\u201926 Koleksiyonu<\/p>\n<p>S\u0131rt\u0131nda Miras\u0131n, \u00d6n\u00fcnde Yeni Bir D\u00fcnya<\/p>\n<p>Baz\u0131 formalar sadece giyilir, baz\u0131lar\u0131 ise ya\u015fat\u0131r. 1954\u2019\u00fcn azmi ve 2002\u2019nin efsanevi d\u00fcnya \u00fc\u00e7\u00fcnc\u00fcl\u00fc\u011f\u00fc, 2026 Kuzey Amerika seferi i\u00e7in tek bir sil\u00fcette birle\u015fti. Geleneksel Ay-Y\u0131ld\u0131z&#8217;\u0131m\u0131z, milli forma gelene\u011fimize ba\u011fl\u0131 kal\u0131narak, tarih yazan zaferlerimizin ruhuyla ilmek ilmek i\u015flendi. TAPIS, \u015fimdi bu miras\u0131 statlardan sokaklara, Anadolu\u2019dan okyanus<\/p>\n<p>\u00f6tesine ta\u015f\u0131yor.<\/p>\n<p>Ge\u00e7mi\u015fin zaferlerini ensende, gelece\u011fin ba\u015far\u0131lar\u0131n\u0131 g\u00f6\u011fs\u00fcnde ta\u015f\u0131.<\/p>","protected":false},"excerpt":{"rendered":"<p>TAPIS World Cup\u201926 Koleksiyonu S\u0131rt\u0131nda Miras\u0131n, \u00d6n\u00fcnde Yeni Bir D\u00fcnya Baz\u0131 formalar sadece giyilir, baz\u0131lar\u0131 ise ya\u015fat\u0131r. 1954\u2019\u00fcn azmi ve 2002\u2019nin efsanevi d\u00fcnya \u00fc\u00e7\u00fcnc\u00fcl\u00fc\u011f\u00fc, 2026 Kuzey Amerika seferi i\u00e7in tek bir sil\u00fcette birle\u015fti. Geleneksel Ay-Y\u0131ld\u0131z&#8217;\u0131m\u0131z, milli forma gelene\u011fimize ba\u011fl\u0131 kal\u0131narak, tarih yazan zaferlerimizin ruhuyla ilmek ilmek i\u015flendi. TAPIS, \u015fimdi bu miras\u0131 statlardan sokaklara, Anadolu\u2019dan okyanus [&hellip;]<\/p>\n","protected":false},"featured_media":13608,"template":"","meta":[],"product_brand":[],"product_cat":[119,120,45],"product_tag":[],"class_list":{"0":"post-13602","1":"product","2":"type-product","3":"status-publish","4":"has-post-thumbnail","6":"product_cat-turkiye-wc-26","7":"product_cat-turkiye-wc-26-koleksiyonlar","8":"product_cat-ceket","10":"first","11":"instock","12":"shipping-taxable","13":"purchasable","14":"product-type-variable"},"_links":{"self":[{"href":"https:\/\/tapistr.com\/en\/wp-json\/wp\/v2\/product\/13602","targetHints":{"allow":["GET"]}}],"collection":[{"href":"https:\/\/tapistr.com\/en\/wp-json\/wp\/v2\/product"}],"about":[{"href":"https:\/\/tapistr.com\/en\/wp-json\/wp\/v2\/types\/product"}],"wp:featuredmedia":[{"embeddable":true,"href":"https:\/\/tapistr.com\/en\/wp-json\/wp\/v2\/media\/13608"}],"wp:attachment":[{"href":"https:\/\/tapistr.com\/en\/wp-json\/wp\/v2\/media?parent=13602"}],"wp:term":[{"taxonomy":"product_brand","embeddable":true,"href":"https:\/\/tapistr.com\/en\/wp-json\/wp\/v2\/product_brand?post=13602"},{"taxonomy":"product_cat","embeddable":true,"href":"https:\/\/tapistr.com\/en\/wp-json\/wp\/v2\/product_cat?post=13602"},{"taxonomy":"product_tag","embeddable":true,"href":"https:\/\/tapistr.com\/en\/wp-json\/wp\/v2\/product_tag?post=13602"}],"curies":[{"name":"wp","href":"https:\/\/api.w.org\/{rel}","templated":true}]}}