{"id":13189,"date":"2025-11-06T18:59:58","date_gmt":"2025-11-06T15:59:58","guid":{"rendered":"https:\/\/tapistr.com\/?post_type=product&#038;p=13189"},"modified":"2026-02-05T13:01:30","modified_gmt":"2026-02-05T10:01:30","slug":"cat-red-cap","status":"publish","type":"product","link":"https:\/\/tapistr.com\/en\/product\/cat-red-cap\/","title":{"rendered":"Tapis Cat Rust Red Suede Cap"},"content":{"rendered":"<p>\u0130stanbul&#8217;un her k\u00f6\u015fesinde bir kedi, her kedi bir hikaye. Bizans saraylar\u0131ndan Osmanl\u0131 sokaklar\u0131na, \u015fehrin ruhu hep onlarla an\u0131ld\u0131. \u015eimdi o miras, TAPIS Cat ile yeniden do\u011fuyor.<\/p>","protected":false},"excerpt":{"rendered":"<p>\u0130stanbul&#8217;un her k\u00f6\u015fesinde bir kedi, her kedi bir hikaye. Bizans saraylar\u0131ndan Osmanl\u0131 sokaklar\u0131na, \u015fehrin ruhu hep onlarla an\u0131ld\u0131. \u015eimdi o miras, TAPIS Cat ile yeniden do\u011fuyor.<\/p>","protected":false},"featured_media":13192,"template":"","meta":[],"product_brand":[],"product_cat":[98,102,48],"product_tag":[],"class_list":{"0":"post-13189","1":"product","2":"type-product","3":"status-publish","4":"has-post-thumbnail","6":"product_cat-tapis-cat","7":"product_cat-cap","8":"product_cat-aksesuarlar","10":"first","11":"outofstock","12":"shipping-taxable","13":"purchasable","14":"product-type-simple"},"_links":{"self":[{"href":"https:\/\/tapistr.com\/en\/wp-json\/wp\/v2\/product\/13189","targetHints":{"allow":["GET"]}}],"collection":[{"href":"https:\/\/tapistr.com\/en\/wp-json\/wp\/v2\/product"}],"about":[{"href":"https:\/\/tapistr.com\/en\/wp-json\/wp\/v2\/types\/product"}],"wp:featuredmedia":[{"embeddable":true,"href":"https:\/\/tapistr.com\/en\/wp-json\/wp\/v2\/media\/13192"}],"wp:attachment":[{"href":"https:\/\/tapistr.com\/en\/wp-json\/wp\/v2\/media?parent=13189"}],"wp:term":[{"taxonomy":"product_brand","embeddable":true,"href":"https:\/\/tapistr.com\/en\/wp-json\/wp\/v2\/product_brand?post=13189"},{"taxonomy":"product_cat","embeddable":true,"href":"https:\/\/tapistr.com\/en\/wp-json\/wp\/v2\/product_cat?post=13189"},{"taxonomy":"product_tag","embeddable":true,"href":"https:\/\/tapistr.com\/en\/wp-json\/wp\/v2\/product_tag?post=13189"}],"curies":[{"name":"wp","href":"https:\/\/api.w.org\/{rel}","templated":true}]}}