{"id":13148,"date":"2025-11-06T18:38:17","date_gmt":"2025-11-06T15:38:17","guid":{"rendered":"https:\/\/tapistr.com\/?post_type=product&#038;p=13148"},"modified":"2026-02-06T14:01:43","modified_gmt":"2026-02-06T11:01:43","slug":"cat-blue-beanie","status":"publish","type":"product","link":"https:\/\/tapistr.com\/en\/product\/cat-blue-beanie\/","title":{"rendered":"Tapis Cat Blue Knit Beanie"},"content":{"rendered":"<p>\u0130stanbul&#8217;un her k\u00f6\u015fesinde bir kedi, her kedi bir hikaye. Bizans saraylar\u0131ndan Osmanl\u0131 sokaklar\u0131na, \u015fehrin ruhu hep onlarla an\u0131ld\u0131. \u015eimdi o miras, TAPIS Cat ile yeniden do\u011fuyor.<\/p>","protected":false},"excerpt":{"rendered":"<p>\u0130stanbul&#8217;un her k\u00f6\u015fesinde bir kedi, her kedi bir hikaye. Bizans saraylar\u0131ndan Osmanl\u0131 sokaklar\u0131na, \u015fehrin ruhu hep onlarla an\u0131ld\u0131. \u015eimdi o miras, TAPIS Cat ile yeniden do\u011fuyor.<\/p>","protected":false},"featured_media":13146,"template":"","meta":[],"product_brand":[],"product_cat":[42,98,100,48,59],"product_tag":[],"class_list":{"0":"post-13148","1":"product","2":"type-product","3":"status-publish","4":"has-post-thumbnail","6":"product_cat-hediye-rehberi","7":"product_cat-tapis-cat","8":"product_cat-bere","9":"product_cat-aksesuarlar","10":"product_cat-kadin","12":"first","13":"instock","14":"shipping-taxable","15":"purchasable","16":"product-type-simple"},"_links":{"self":[{"href":"https:\/\/tapistr.com\/en\/wp-json\/wp\/v2\/product\/13148","targetHints":{"allow":["GET"]}}],"collection":[{"href":"https:\/\/tapistr.com\/en\/wp-json\/wp\/v2\/product"}],"about":[{"href":"https:\/\/tapistr.com\/en\/wp-json\/wp\/v2\/types\/product"}],"wp:featuredmedia":[{"embeddable":true,"href":"https:\/\/tapistr.com\/en\/wp-json\/wp\/v2\/media\/13146"}],"wp:attachment":[{"href":"https:\/\/tapistr.com\/en\/wp-json\/wp\/v2\/media?parent=13148"}],"wp:term":[{"taxonomy":"product_brand","embeddable":true,"href":"https:\/\/tapistr.com\/en\/wp-json\/wp\/v2\/product_brand?post=13148"},{"taxonomy":"product_cat","embeddable":true,"href":"https:\/\/tapistr.com\/en\/wp-json\/wp\/v2\/product_cat?post=13148"},{"taxonomy":"product_tag","embeddable":true,"href":"https:\/\/tapistr.com\/en\/wp-json\/wp\/v2\/product_tag?post=13148"}],"curies":[{"name":"wp","href":"https:\/\/api.w.org\/{rel}","templated":true}]}}