{"id":13113,"date":"2025-11-06T18:14:48","date_gmt":"2025-11-06T15:14:48","guid":{"rendered":"https:\/\/tapistr.com\/?post_type=product&#038;p=13113"},"modified":"2026-02-16T11:37:13","modified_gmt":"2026-02-16T08:37:13","slug":"cat-black-sweat","status":"publish","type":"product","link":"https:\/\/tapistr.com\/en\/product\/cat-black-sweat\/","title":{"rendered":"Tapis Cat Black Sweatshirt"},"content":{"rendered":"<p>\u0130stanbul&#8217;un her k\u00f6\u015fesinde bir kedi, her kedi bir hikaye. Bizans saraylar\u0131ndan Osmanl\u0131 sokaklar\u0131na, \u015fehrin ruhu hep onlarla an\u0131ld\u0131. \u015eimdi o miras, TAPIS Cat ile yeniden do\u011fuyor.<\/p>","protected":false},"excerpt":{"rendered":"<p>\u0130stanbul&#8217;un her k\u00f6\u015fesinde bir kedi, her kedi bir hikaye. Bizans saraylar\u0131ndan Osmanl\u0131 sokaklar\u0131na, \u015fehrin ruhu hep onlarla an\u0131ld\u0131. \u015eimdi o miras, TAPIS Cat ile yeniden do\u011fuyor.<\/p>","protected":false},"featured_media":13119,"template":"","meta":[],"product_brand":[],"product_cat":[116,42,98,99],"product_tag":[],"class_list":{"0":"post-13113","1":"product","2":"type-product","3":"status-publish","4":"has-post-thumbnail","6":"product_cat-yeni-gelenler","7":"product_cat-hediye-rehberi","8":"product_cat-tapis-cat","9":"product_cat-sweatshirt","11":"first","12":"instock","13":"shipping-taxable","14":"purchasable","15":"product-type-variable"},"_links":{"self":[{"href":"https:\/\/tapistr.com\/en\/wp-json\/wp\/v2\/product\/13113","targetHints":{"allow":["GET"]}}],"collection":[{"href":"https:\/\/tapistr.com\/en\/wp-json\/wp\/v2\/product"}],"about":[{"href":"https:\/\/tapistr.com\/en\/wp-json\/wp\/v2\/types\/product"}],"wp:featuredmedia":[{"embeddable":true,"href":"https:\/\/tapistr.com\/en\/wp-json\/wp\/v2\/media\/13119"}],"wp:attachment":[{"href":"https:\/\/tapistr.com\/en\/wp-json\/wp\/v2\/media?parent=13113"}],"wp:term":[{"taxonomy":"product_brand","embeddable":true,"href":"https:\/\/tapistr.com\/en\/wp-json\/wp\/v2\/product_brand?post=13113"},{"taxonomy":"product_cat","embeddable":true,"href":"https:\/\/tapistr.com\/en\/wp-json\/wp\/v2\/product_cat?post=13113"},{"taxonomy":"product_tag","embeddable":true,"href":"https:\/\/tapistr.com\/en\/wp-json\/wp\/v2\/product_tag?post=13113"}],"curies":[{"name":"wp","href":"https:\/\/api.w.org\/{rel}","templated":true}]}}