{"id":13037,"date":"2025-10-09T17:13:13","date_gmt":"2025-10-09T14:13:13","guid":{"rendered":"https:\/\/tapistr.com\/?post_type=product&#038;p=13037"},"modified":"2026-04-21T10:58:47","modified_gmt":"2026-04-21T07:58:47","slug":"tapis-canakkale-hoodie","status":"publish","type":"product","link":"https:\/\/tapistr.com\/en\/product\/tapis-canakkale-hoodie\/","title":{"rendered":"TAPIS \u00c7anakkale 1959 Hoodie"},"content":{"rendered":"<p>Bu sweatshirt tasar\u0131m\u0131nda yer alan kilim 1959 y\u0131l\u0131nda \u00c7anakkale&#8217;de Zili dokuma tekni\u011fi ile elde dokunarak \u00fcretilmi\u015ftir. Her bir \u00fcr\u00fcn\u00fcn \u00fczerindeki kilim deseni her \u00fcr\u00fcn i\u00e7in farkl\u0131d\u0131r, her desen sadece 1 par\u00e7a olarak k\u0131yafete uyarlan\u0131r ve s\u0131n\u0131rl\u0131 say\u0131da \u00fcretilir.<\/p>","protected":false},"excerpt":{"rendered":"<p>Bu sweatshirt tasar\u0131m\u0131nda yer alan kilim 1959 y\u0131l\u0131nda \u00c7anakkale&#8217;de Zili dokuma tekni\u011fi ile elde dokunarak \u00fcretilmi\u015ftir. Her bir \u00fcr\u00fcn\u00fcn \u00fczerindeki kilim deseni her \u00fcr\u00fcn i\u00e7in farkl\u0131d\u0131r, her desen sadece 1 par\u00e7a olarak k\u0131yafete uyarlan\u0131r ve s\u0131n\u0131rl\u0131 say\u0131da \u00fcretilir.<\/p>","protected":false},"featured_media":13044,"template":"","meta":[],"product_brand":[],"product_cat":[82,43],"product_tag":[],"class_list":{"0":"post-13037","1":"product","2":"type-product","3":"status-publish","4":"has-post-thumbnail","6":"product_cat-anatolian-heritage","7":"product_cat-hoodie","9":"first","10":"instock","11":"shipping-taxable","12":"purchasable","13":"product-type-variable"},"_links":{"self":[{"href":"https:\/\/tapistr.com\/en\/wp-json\/wp\/v2\/product\/13037","targetHints":{"allow":["GET"]}}],"collection":[{"href":"https:\/\/tapistr.com\/en\/wp-json\/wp\/v2\/product"}],"about":[{"href":"https:\/\/tapistr.com\/en\/wp-json\/wp\/v2\/types\/product"}],"wp:featuredmedia":[{"embeddable":true,"href":"https:\/\/tapistr.com\/en\/wp-json\/wp\/v2\/media\/13044"}],"wp:attachment":[{"href":"https:\/\/tapistr.com\/en\/wp-json\/wp\/v2\/media?parent=13037"}],"wp:term":[{"taxonomy":"product_brand","embeddable":true,"href":"https:\/\/tapistr.com\/en\/wp-json\/wp\/v2\/product_brand?post=13037"},{"taxonomy":"product_cat","embeddable":true,"href":"https:\/\/tapistr.com\/en\/wp-json\/wp\/v2\/product_cat?post=13037"},{"taxonomy":"product_tag","embeddable":true,"href":"https:\/\/tapistr.com\/en\/wp-json\/wp\/v2\/product_tag?post=13037"}],"curies":[{"name":"wp","href":"https:\/\/api.w.org\/{rel}","templated":true}]}}