{"id":12867,"date":"2025-07-23T15:05:16","date_gmt":"2025-07-23T12:05:16","guid":{"rendered":"https:\/\/tapistr.com\/?post_type=product&#038;p=12867"},"modified":"2026-02-16T12:10:49","modified_gmt":"2026-02-16T09:10:49","slug":"flow-women-skirt","status":"publish","type":"product","link":"https:\/\/tapistr.com\/en\/product\/flow-women-skirt\/","title":{"rendered":"Anatolian Flow Skirt"},"content":{"rendered":"<p>Renkler suyun y\u00fczeyinde bulu\u015fur, birbirine kar\u0131\u015f\u0131r, yeni bir forma d\u00f6n\u00fc\u015f\u00fcr. Ebru sanat\u0131, y\u00fczy\u0131llard\u0131r Anadolu\u2019da ak\u0131\u015f\u0131n ve de\u011fi\u015fimin sembol\u00fcd\u00fcr.<\/p>\n<p>TAPIS, Anatolian Flow koleksiyonu ile bu k\u00f6kl\u00fc zanaati bug\u00fcn\u00fcn \u015fehir ya\u015fam\u0131na ta\u015f\u0131yor. Yaz\u0131n hafifli\u011fi, ak\u0131\u015fkan desenlerle birle\u015fiyor; dokular, hareket hissi uyand\u0131r\u0131yor.<\/p>","protected":false},"excerpt":{"rendered":"<p>Renkler suyun y\u00fczeyinde bulu\u015fur, birbirine kar\u0131\u015f\u0131r, yeni bir forma d\u00f6n\u00fc\u015f\u00fcr. Ebru sanat\u0131, y\u00fczy\u0131llard\u0131r Anadolu\u2019da ak\u0131\u015f\u0131n ve de\u011fi\u015fimin sembol\u00fcd\u00fcr. TAPIS, Anatolian Flow koleksiyonu ile bu k\u00f6kl\u00fc zanaati bug\u00fcn\u00fcn \u015fehir ya\u015fam\u0131na ta\u015f\u0131yor. Yaz\u0131n hafifli\u011fi, ak\u0131\u015fkan desenlerle birle\u015fiyor; dokular, hareket hissi uyand\u0131r\u0131yor.<\/p>","protected":false},"featured_media":12877,"template":"","meta":[],"product_brand":[],"product_cat":[116,92,106,59],"product_tag":[],"class_list":{"0":"post-12867","1":"product","2":"type-product","3":"status-publish","4":"has-post-thumbnail","6":"product_cat-yeni-gelenler","7":"product_cat-anatolian-flow","8":"product_cat-etek","9":"product_cat-kadin","11":"first","12":"instock","13":"shipping-taxable","14":"purchasable","15":"product-type-variable"},"_links":{"self":[{"href":"https:\/\/tapistr.com\/en\/wp-json\/wp\/v2\/product\/12867","targetHints":{"allow":["GET"]}}],"collection":[{"href":"https:\/\/tapistr.com\/en\/wp-json\/wp\/v2\/product"}],"about":[{"href":"https:\/\/tapistr.com\/en\/wp-json\/wp\/v2\/types\/product"}],"wp:featuredmedia":[{"embeddable":true,"href":"https:\/\/tapistr.com\/en\/wp-json\/wp\/v2\/media\/12877"}],"wp:attachment":[{"href":"https:\/\/tapistr.com\/en\/wp-json\/wp\/v2\/media?parent=12867"}],"wp:term":[{"taxonomy":"product_brand","embeddable":true,"href":"https:\/\/tapistr.com\/en\/wp-json\/wp\/v2\/product_brand?post=12867"},{"taxonomy":"product_cat","embeddable":true,"href":"https:\/\/tapistr.com\/en\/wp-json\/wp\/v2\/product_cat?post=12867"},{"taxonomy":"product_tag","embeddable":true,"href":"https:\/\/tapistr.com\/en\/wp-json\/wp\/v2\/product_tag?post=12867"}],"curies":[{"name":"wp","href":"https:\/\/api.w.org\/{rel}","templated":true}]}}