{"id":12571,"date":"2025-05-01T15:16:35","date_gmt":"2025-05-01T12:16:35","guid":{"rendered":"https:\/\/tapistr.com\/?post_type=product&#038;p=12571"},"modified":"2026-04-23T11:03:49","modified_gmt":"2026-04-23T08:03:49","slug":"iznik-white-tshirt","status":"publish","type":"product","link":"https:\/\/tapistr.com\/en\/product\/iznik-white-tshirt\/","title":{"rendered":"\u0130znik Oversized White Tshirt"},"content":{"rendered":"<p>\u0130znik Oversized White Tshirt, motiflerini 700 y\u0131ll\u0131k tarihi olan iznik \u00e7inisinden alan bir desenin el tezgahlar\u0131nda dokunarak kuma\u015f halini ald\u0131\u011f\u0131 ve TAPIS dokunu\u015fuyla bulu\u015ftu\u011fu e\u015fsiz bir par\u00e7ad\u0131r.<\/p>","protected":false},"excerpt":{"rendered":"<p>\u0130znik Oversized White Tshirt, motiflerini 700 y\u0131ll\u0131k tarihi olan iznik \u00e7inisinden alan bir desenin el tezgahlar\u0131nda dokunarak kuma\u015f halini ald\u0131\u011f\u0131 ve TAPIS dokunu\u015fuyla bulu\u015ftu\u011fu e\u015fsiz bir par\u00e7ad\u0131r.<\/p>","protected":false},"featured_media":12581,"template":"","meta":[],"product_brand":[],"product_cat":[116,83,47,46],"product_tag":[],"class_list":{"0":"post-12571","1":"product","2":"type-product","3":"status-publish","4":"has-post-thumbnail","6":"product_cat-yeni-gelenler","7":"product_cat-iznik-tile","8":"product_cat-tisort","9":"product_cat-essentials","11":"first","12":"instock","13":"shipping-taxable","14":"purchasable","15":"product-type-variable"},"_links":{"self":[{"href":"https:\/\/tapistr.com\/en\/wp-json\/wp\/v2\/product\/12571","targetHints":{"allow":["GET"]}}],"collection":[{"href":"https:\/\/tapistr.com\/en\/wp-json\/wp\/v2\/product"}],"about":[{"href":"https:\/\/tapistr.com\/en\/wp-json\/wp\/v2\/types\/product"}],"wp:featuredmedia":[{"embeddable":true,"href":"https:\/\/tapistr.com\/en\/wp-json\/wp\/v2\/media\/12581"}],"wp:attachment":[{"href":"https:\/\/tapistr.com\/en\/wp-json\/wp\/v2\/media?parent=12571"}],"wp:term":[{"taxonomy":"product_brand","embeddable":true,"href":"https:\/\/tapistr.com\/en\/wp-json\/wp\/v2\/product_brand?post=12571"},{"taxonomy":"product_cat","embeddable":true,"href":"https:\/\/tapistr.com\/en\/wp-json\/wp\/v2\/product_cat?post=12571"},{"taxonomy":"product_tag","embeddable":true,"href":"https:\/\/tapistr.com\/en\/wp-json\/wp\/v2\/product_tag?post=12571"}],"curies":[{"name":"wp","href":"https:\/\/api.w.org\/{rel}","templated":true}]}}