{"id":12562,"date":"2025-05-01T15:13:00","date_gmt":"2025-05-01T12:13:00","guid":{"rendered":"https:\/\/tapistr.com\/?post_type=product&#038;p=12562"},"modified":"2026-03-11T13:41:08","modified_gmt":"2026-03-11T10:41:08","slug":"iznik-tile-black-jacket","status":"publish","type":"product","link":"https:\/\/tapistr.com\/en\/product\/iznik-tile-black-jacket\/","title":{"rendered":"\u0130znik Black Jacket"},"content":{"rendered":"<p>\u0130znik Black Jacket, motiflerini 700 y\u0131ll\u0131k tarihi olan iznik \u00e7inisinden alan bir desenin el tezgahlar\u0131nda dokunarak kuma\u015f halini ald\u0131\u011f\u0131 ve TAPIS dokunu\u015fuyla bulu\u015ftu\u011fu e\u015fsiz bir par\u00e7ad\u0131r.<\/p>","protected":false},"excerpt":{"rendered":"<p>\u0130znik Black Jacket, motiflerini 700 y\u0131ll\u0131k tarihi olan iznik \u00e7inisinden alan bir desenin el tezgahlar\u0131nda dokunarak kuma\u015f halini ald\u0131\u011f\u0131 ve TAPIS dokunu\u015fuyla bulu\u015ftu\u011fu e\u015fsiz bir par\u00e7ad\u0131r.<\/p>","protected":false},"featured_media":12569,"template":"","meta":[],"product_brand":[],"product_cat":[45,83],"product_tag":[],"class_list":{"0":"post-12562","1":"product","2":"type-product","3":"status-publish","4":"has-post-thumbnail","6":"product_cat-ceket","7":"product_cat-iznik-tile","9":"first","10":"outofstock","11":"shipping-taxable","12":"purchasable","13":"product-type-variable"},"_links":{"self":[{"href":"https:\/\/tapistr.com\/en\/wp-json\/wp\/v2\/product\/12562","targetHints":{"allow":["GET"]}}],"collection":[{"href":"https:\/\/tapistr.com\/en\/wp-json\/wp\/v2\/product"}],"about":[{"href":"https:\/\/tapistr.com\/en\/wp-json\/wp\/v2\/types\/product"}],"wp:featuredmedia":[{"embeddable":true,"href":"https:\/\/tapistr.com\/en\/wp-json\/wp\/v2\/media\/12569"}],"wp:attachment":[{"href":"https:\/\/tapistr.com\/en\/wp-json\/wp\/v2\/media?parent=12562"}],"wp:term":[{"taxonomy":"product_brand","embeddable":true,"href":"https:\/\/tapistr.com\/en\/wp-json\/wp\/v2\/product_brand?post=12562"},{"taxonomy":"product_cat","embeddable":true,"href":"https:\/\/tapistr.com\/en\/wp-json\/wp\/v2\/product_cat?post=12562"},{"taxonomy":"product_tag","embeddable":true,"href":"https:\/\/tapistr.com\/en\/wp-json\/wp\/v2\/product_tag?post=12562"}],"curies":[{"name":"wp","href":"https:\/\/api.w.org\/{rel}","templated":true}]}}