{"id":12445,"date":"2025-04-19T12:31:12","date_gmt":"2025-04-19T09:31:12","guid":{"rendered":"https:\/\/tapistr.com\/?post_type=product&#038;p=12445"},"modified":"2026-02-04T12:16:53","modified_gmt":"2026-02-04T09:16:53","slug":"tapis-1843-siyah-tshirt","status":"publish","type":"product","link":"https:\/\/tapistr.com\/en\/product\/tapis-1843-siyah-tshirt\/","title":{"rendered":"TAPIS X Karak\u00f6y G\u00fcll\u00fco\u011flu 1843 Siyah T-Shirt"},"content":{"rendered":"","protected":false},"excerpt":{"rendered":"","protected":false},"featured_media":12454,"template":"","meta":[],"product_brand":[],"product_cat":[65],"product_tag":[],"class_list":{"0":"post-12445","1":"product","2":"type-product","3":"status-publish","4":"has-post-thumbnail","6":"product_cat-tapis-x-karakoy-gulluoglu","8":"first","9":"instock","10":"shipping-taxable","11":"purchasable","12":"product-type-variable"},"_links":{"self":[{"href":"https:\/\/tapistr.com\/en\/wp-json\/wp\/v2\/product\/12445","targetHints":{"allow":["GET"]}}],"collection":[{"href":"https:\/\/tapistr.com\/en\/wp-json\/wp\/v2\/product"}],"about":[{"href":"https:\/\/tapistr.com\/en\/wp-json\/wp\/v2\/types\/product"}],"wp:featuredmedia":[{"embeddable":true,"href":"https:\/\/tapistr.com\/en\/wp-json\/wp\/v2\/media\/12454"}],"wp:attachment":[{"href":"https:\/\/tapistr.com\/en\/wp-json\/wp\/v2\/media?parent=12445"}],"wp:term":[{"taxonomy":"product_brand","embeddable":true,"href":"https:\/\/tapistr.com\/en\/wp-json\/wp\/v2\/product_brand?post=12445"},{"taxonomy":"product_cat","embeddable":true,"href":"https:\/\/tapistr.com\/en\/wp-json\/wp\/v2\/product_cat?post=12445"},{"taxonomy":"product_tag","embeddable":true,"href":"https:\/\/tapistr.com\/en\/wp-json\/wp\/v2\/product_tag?post=12445"}],"curies":[{"name":"wp","href":"https:\/\/api.w.org\/{rel}","templated":true}]}}