{"id":12306,"date":"2025-02-15T10:36:57","date_gmt":"2025-02-15T07:36:57","guid":{"rendered":"https:\/\/tapistr.com\/?post_type=product&#038;p=12306"},"modified":"2026-04-11T13:04:19","modified_gmt":"2026-04-11T10:04:19","slug":"tapis-sivas-hoodie","status":"publish","type":"product","link":"https:\/\/tapistr.com\/en\/product\/tapis-sivas-hoodie\/","title":{"rendered":"TAPIS Sivas 1971 Hoodie"},"content":{"rendered":"<p>Bu sweatshirt tasar\u0131m\u0131nda yer alan kilim 1971 y\u0131l\u0131nda Sivas&#8217;da el dokumas\u0131 olarak \u00fcretilmi\u015ftir. Her bir \u00fcr\u00fcn\u00fcn \u00fczerindeki kilim deseni her \u00fcr\u00fcn i\u00e7in farkl\u0131d\u0131r, her desen sadece 1 par\u00e7a olarak k\u0131yafete uyarlan\u0131r ve s\u0131n\u0131rl\u0131 say\u0131da \u00fcretilir.<\/p>","protected":false},"excerpt":{"rendered":"<p>Bu sweatshirt tasar\u0131m\u0131nda yer alan kilim 1971 y\u0131l\u0131nda Sivas&#8217;da el dokumas\u0131 olarak \u00fcretilmi\u015ftir. Her bir \u00fcr\u00fcn\u00fcn \u00fczerindeki kilim deseni her \u00fcr\u00fcn i\u00e7in farkl\u0131d\u0131r, her desen sadece 1 par\u00e7a olarak k\u0131yafete uyarlan\u0131r ve s\u0131n\u0131rl\u0131 say\u0131da \u00fcretilir.<\/p>","protected":false},"featured_media":12311,"template":"","meta":[],"product_brand":[],"product_cat":[82,43],"product_tag":[],"class_list":{"0":"post-12306","1":"product","2":"type-product","3":"status-publish","4":"has-post-thumbnail","6":"product_cat-anatolian-heritage","7":"product_cat-hoodie","9":"first","10":"outofstock","11":"shipping-taxable","12":"purchasable","13":"product-type-variable"},"_links":{"self":[{"href":"https:\/\/tapistr.com\/en\/wp-json\/wp\/v2\/product\/12306","targetHints":{"allow":["GET"]}}],"collection":[{"href":"https:\/\/tapistr.com\/en\/wp-json\/wp\/v2\/product"}],"about":[{"href":"https:\/\/tapistr.com\/en\/wp-json\/wp\/v2\/types\/product"}],"wp:featuredmedia":[{"embeddable":true,"href":"https:\/\/tapistr.com\/en\/wp-json\/wp\/v2\/media\/12311"}],"wp:attachment":[{"href":"https:\/\/tapistr.com\/en\/wp-json\/wp\/v2\/media?parent=12306"}],"wp:term":[{"taxonomy":"product_brand","embeddable":true,"href":"https:\/\/tapistr.com\/en\/wp-json\/wp\/v2\/product_brand?post=12306"},{"taxonomy":"product_cat","embeddable":true,"href":"https:\/\/tapistr.com\/en\/wp-json\/wp\/v2\/product_cat?post=12306"},{"taxonomy":"product_tag","embeddable":true,"href":"https:\/\/tapistr.com\/en\/wp-json\/wp\/v2\/product_tag?post=12306"}],"curies":[{"name":"wp","href":"https:\/\/api.w.org\/{rel}","templated":true}]}}