{"id":11695,"date":"2024-09-14T11:46:08","date_gmt":"2024-09-14T08:46:08","guid":{"rendered":"https:\/\/tapistr.com\/?post_type=product&#038;p=11695"},"modified":"2026-03-27T15:20:48","modified_gmt":"2026-03-27T12:20:48","slug":"iznik-tile","status":"publish","type":"product","link":"https:\/\/tapistr.com\/en\/product\/iznik-tile\/","title":{"rendered":"Oversized \u0130znik Jacket"},"content":{"rendered":"<p>Oversized \u0130znik Jacket, motiflerini 700 y\u0131ll\u0131k tarihi olan iznik \u00e7inisinden alan bir desenin el tezgahlar\u0131nda dokunarak kuma\u015f halini ald\u0131\u011f\u0131 ve TAPIS dokunu\u015fuyla bulu\u015ftu\u011fu e\u015fsiz bir par\u00e7ad\u0131r.<\/p>","protected":false},"excerpt":{"rendered":"<p>Oversized \u0130znik Jacket, motiflerini 700 y\u0131ll\u0131k tarihi olan iznik \u00e7inisinden alan bir desenin el tezgahlar\u0131nda dokunarak kuma\u015f halini ald\u0131\u011f\u0131 ve TAPIS dokunu\u015fuyla bulu\u015ftu\u011fu e\u015fsiz bir par\u00e7ad\u0131r.<\/p>","protected":false},"featured_media":12582,"template":"","meta":[],"product_brand":[],"product_cat":[116,45,83],"product_tag":[],"class_list":{"0":"post-11695","1":"product","2":"type-product","3":"status-publish","4":"has-post-thumbnail","6":"product_cat-yeni-gelenler","7":"product_cat-ceket","8":"product_cat-iznik-tile","10":"first","11":"instock","12":"shipping-taxable","13":"purchasable","14":"product-type-variable"},"_links":{"self":[{"href":"https:\/\/tapistr.com\/en\/wp-json\/wp\/v2\/product\/11695","targetHints":{"allow":["GET"]}}],"collection":[{"href":"https:\/\/tapistr.com\/en\/wp-json\/wp\/v2\/product"}],"about":[{"href":"https:\/\/tapistr.com\/en\/wp-json\/wp\/v2\/types\/product"}],"wp:featuredmedia":[{"embeddable":true,"href":"https:\/\/tapistr.com\/en\/wp-json\/wp\/v2\/media\/12582"}],"wp:attachment":[{"href":"https:\/\/tapistr.com\/en\/wp-json\/wp\/v2\/media?parent=11695"}],"wp:term":[{"taxonomy":"product_brand","embeddable":true,"href":"https:\/\/tapistr.com\/en\/wp-json\/wp\/v2\/product_brand?post=11695"},{"taxonomy":"product_cat","embeddable":true,"href":"https:\/\/tapistr.com\/en\/wp-json\/wp\/v2\/product_cat?post=11695"},{"taxonomy":"product_tag","embeddable":true,"href":"https:\/\/tapistr.com\/en\/wp-json\/wp\/v2\/product_tag?post=11695"}],"curies":[{"name":"wp","href":"https:\/\/api.w.org\/{rel}","templated":true}]}}