{"id":11442,"date":"2024-08-24T15:42:17","date_gmt":"2024-08-24T12:42:17","guid":{"rendered":"https:\/\/tapistr.com\/?post_type=product&#038;p=11442"},"modified":"2026-04-01T13:01:39","modified_gmt":"2026-04-01T10:01:39","slug":"cat-black-tee","status":"publish","type":"product","link":"https:\/\/tapistr.com\/en\/product\/cat-black-tee\/","title":{"rendered":"Tapis Cat Black T-Shirt"},"content":{"rendered":"<p>\u0130stanbul&#8217;un her k\u00f6\u015fesinde bir kedi, her kedi bir hikaye. Bizans saraylar\u0131ndan Osmanl\u0131 sokaklar\u0131na, \u015fehrin ruhu hep onlarla an\u0131ld\u0131. \u015eimdi o miras, TAPIS Cat ile yeniden do\u011fuyor.<\/p>","protected":false},"excerpt":{"rendered":"<p>\u0130stanbul&#8217;un her k\u00f6\u015fesinde bir kedi, her kedi bir hikaye. Bizans saraylar\u0131ndan Osmanl\u0131 sokaklar\u0131na, \u015fehrin ruhu hep onlarla an\u0131ld\u0131. \u015eimdi o miras, TAPIS Cat ile yeniden do\u011fuyor.<\/p>","protected":false},"featured_media":13100,"template":"","meta":[],"product_brand":[],"product_cat":[116,42,98,47],"product_tag":[],"class_list":{"0":"post-11442","1":"product","2":"type-product","3":"status-publish","4":"has-post-thumbnail","6":"product_cat-yeni-gelenler","7":"product_cat-hediye-rehberi","8":"product_cat-tapis-cat","9":"product_cat-tisort","11":"first","12":"instock","13":"shipping-taxable","14":"purchasable","15":"product-type-variable"},"_links":{"self":[{"href":"https:\/\/tapistr.com\/en\/wp-json\/wp\/v2\/product\/11442","targetHints":{"allow":["GET"]}}],"collection":[{"href":"https:\/\/tapistr.com\/en\/wp-json\/wp\/v2\/product"}],"about":[{"href":"https:\/\/tapistr.com\/en\/wp-json\/wp\/v2\/types\/product"}],"wp:featuredmedia":[{"embeddable":true,"href":"https:\/\/tapistr.com\/en\/wp-json\/wp\/v2\/media\/13100"}],"wp:attachment":[{"href":"https:\/\/tapistr.com\/en\/wp-json\/wp\/v2\/media?parent=11442"}],"wp:term":[{"taxonomy":"product_brand","embeddable":true,"href":"https:\/\/tapistr.com\/en\/wp-json\/wp\/v2\/product_brand?post=11442"},{"taxonomy":"product_cat","embeddable":true,"href":"https:\/\/tapistr.com\/en\/wp-json\/wp\/v2\/product_cat?post=11442"},{"taxonomy":"product_tag","embeddable":true,"href":"https:\/\/tapistr.com\/en\/wp-json\/wp\/v2\/product_tag?post=11442"}],"curies":[{"name":"wp","href":"https:\/\/api.w.org\/{rel}","templated":true}]}}