{"id":11245,"date":"2024-07-13T18:35:56","date_gmt":"2024-07-13T15:35:56","guid":{"rendered":"https:\/\/tapistr.com\/?post_type=product&#038;p=11245"},"modified":"2026-02-14T23:07:40","modified_gmt":"2026-02-14T20:07:40","slug":"tapis-x-karakoy-gulluoglu-pembe-t-shirt","status":"publish","type":"product","link":"https:\/\/tapistr.com\/en\/product\/tapis-x-karakoy-gulluoglu-pembe-t-shirt\/","title":{"rendered":"TAPIS X Karak\u00f6y G\u00fcll\u00fco\u011flu Pembe T-Shirt"},"content":{"rendered":"","protected":false},"excerpt":{"rendered":"","protected":false},"featured_media":11253,"template":"","meta":[],"product_brand":[],"product_cat":[65],"product_tag":[],"class_list":{"0":"post-11245","1":"product","2":"type-product","3":"status-publish","4":"has-post-thumbnail","6":"product_cat-tapis-x-karakoy-gulluoglu","8":"first","9":"instock","10":"shipping-taxable","11":"purchasable","12":"product-type-variable"},"_links":{"self":[{"href":"https:\/\/tapistr.com\/en\/wp-json\/wp\/v2\/product\/11245","targetHints":{"allow":["GET"]}}],"collection":[{"href":"https:\/\/tapistr.com\/en\/wp-json\/wp\/v2\/product"}],"about":[{"href":"https:\/\/tapistr.com\/en\/wp-json\/wp\/v2\/types\/product"}],"wp:featuredmedia":[{"embeddable":true,"href":"https:\/\/tapistr.com\/en\/wp-json\/wp\/v2\/media\/11253"}],"wp:attachment":[{"href":"https:\/\/tapistr.com\/en\/wp-json\/wp\/v2\/media?parent=11245"}],"wp:term":[{"taxonomy":"product_brand","embeddable":true,"href":"https:\/\/tapistr.com\/en\/wp-json\/wp\/v2\/product_brand?post=11245"},{"taxonomy":"product_cat","embeddable":true,"href":"https:\/\/tapistr.com\/en\/wp-json\/wp\/v2\/product_cat?post=11245"},{"taxonomy":"product_tag","embeddable":true,"href":"https:\/\/tapistr.com\/en\/wp-json\/wp\/v2\/product_tag?post=11245"}],"curies":[{"name":"wp","href":"https:\/\/api.w.org\/{rel}","templated":true}]}}