{"id":11063,"date":"2024-06-15T13:10:31","date_gmt":"2024-06-15T10:10:31","guid":{"rendered":"https:\/\/tapistr.com\/?post_type=product&#038;p=11063"},"modified":"2026-01-19T16:22:33","modified_gmt":"2026-01-19T13:22:33","slug":"tapis-x-asuman-beyaztisort","status":"publish","type":"product","link":"https:\/\/tapistr.com\/en\/product\/tapis-x-asuman-beyaztisort\/","title":{"rendered":"TAPIS X Asuman Beyaz Ti\u015f\u00f6rt"},"content":{"rendered":"<p>TAPIS ve Asuman \u00c7ikolata olarak, Anadolu&#8217;nun lezzetlerini ve k\u00fclt\u00fcrel zenginliklerini g\u00fcn\u00fcm\u00fcze ta\u015f\u0131mak i\u00e7in g\u00fc\u00e7lerimizi birle\u015ftirdik. Asuman\u2019\u0131n Anadolu Koleksiyonu&#8217;ndan ilham ald\u0131\u011f\u0131m\u0131z bu i\u015f birli\u011finde, geleneksel tatlar\u0131 ve k\u00fclt\u00fcrel motifleri \u00e7a\u011fda\u015f bir dokunu\u015fla bulu\u015fturuyoruz.<\/p>\n<p>Bu \u00f6zel koleksiyon, TAPIS tasar\u0131mlar\u0131yla Asuman\u2019\u0131n benzersiz \u00e7ikolatalar\u0131n\u0131 bir araya getirerek, Anadolu\u2019nun k\u00fclt\u00fcrel miras\u0131n\u0131 kutluyor. Her bir par\u00e7a, ge\u00e7mi\u015fin hikayelerini ve zenginliklerini g\u00fcn\u00fcm\u00fcz d\u00fcnyas\u0131na ta\u015f\u0131yor.<\/p>","protected":false},"excerpt":{"rendered":"<p>TAPIS ve Asuman \u00c7ikolata olarak, Anadolu&#8217;nun lezzetlerini ve k\u00fclt\u00fcrel zenginliklerini g\u00fcn\u00fcm\u00fcze ta\u015f\u0131mak i\u00e7in g\u00fc\u00e7lerimizi birle\u015ftirdik. Asuman\u2019\u0131n Anadolu Koleksiyonu&#8217;ndan ilham ald\u0131\u011f\u0131m\u0131z bu i\u015f birli\u011finde, geleneksel tatlar\u0131 ve k\u00fclt\u00fcrel motifleri \u00e7a\u011fda\u015f bir dokunu\u015fla bulu\u015fturuyoruz. Bu \u00f6zel koleksiyon, TAPIS tasar\u0131mlar\u0131yla Asuman\u2019\u0131n benzersiz \u00e7ikolatalar\u0131n\u0131 bir araya getirerek, Anadolu\u2019nun k\u00fclt\u00fcrel miras\u0131n\u0131 kutluyor. Her bir par\u00e7a, ge\u00e7mi\u015fin hikayelerini ve zenginliklerini g\u00fcn\u00fcm\u00fcz [&hellip;]<\/p>\n","protected":false},"featured_media":11071,"template":"","meta":[],"product_brand":[],"product_cat":[47,75],"product_tag":[],"class_list":{"0":"post-11063","1":"product","2":"type-product","3":"status-publish","4":"has-post-thumbnail","6":"product_cat-tisort","7":"product_cat-tapis-x-asuman","9":"first","10":"outofstock","11":"shipping-taxable","12":"purchasable","13":"product-type-variable"},"_links":{"self":[{"href":"https:\/\/tapistr.com\/en\/wp-json\/wp\/v2\/product\/11063","targetHints":{"allow":["GET"]}}],"collection":[{"href":"https:\/\/tapistr.com\/en\/wp-json\/wp\/v2\/product"}],"about":[{"href":"https:\/\/tapistr.com\/en\/wp-json\/wp\/v2\/types\/product"}],"wp:featuredmedia":[{"embeddable":true,"href":"https:\/\/tapistr.com\/en\/wp-json\/wp\/v2\/media\/11071"}],"wp:attachment":[{"href":"https:\/\/tapistr.com\/en\/wp-json\/wp\/v2\/media?parent=11063"}],"wp:term":[{"taxonomy":"product_brand","embeddable":true,"href":"https:\/\/tapistr.com\/en\/wp-json\/wp\/v2\/product_brand?post=11063"},{"taxonomy":"product_cat","embeddable":true,"href":"https:\/\/tapistr.com\/en\/wp-json\/wp\/v2\/product_cat?post=11063"},{"taxonomy":"product_tag","embeddable":true,"href":"https:\/\/tapistr.com\/en\/wp-json\/wp\/v2\/product_tag?post=11063"}],"curies":[{"name":"wp","href":"https:\/\/api.w.org\/{rel}","templated":true}]}}