{"id":836,"date":"2024-03-29T13:18:15","date_gmt":"2024-03-29T10:18:15","guid":{"rendered":"https:\/\/tapistr.com\/?page_id=836"},"modified":"2024-03-31T12:57:54","modified_gmt":"2024-03-31T09:57:54","slug":"world-of-tapis","status":"publish","type":"page","link":"https:\/\/tapistr.com\/en\/world-of-tapis\/","title":{"rendered":"WORLD OF TAPIS"},"content":{"rendered":"<div data-elementor-type=\"wp-page\" data-elementor-id=\"836\" class=\"elementor elementor-836\" data-elementor-post-type=\"page\">\n\t\t\t\t<div class=\"elementor-element elementor-element-b4ebb07 e-con-full e-flex e-con e-parent\" data-id=\"b4ebb07\" data-element_type=\"container\" data-e-type=\"container\" data-settings=\"{&quot;background_background&quot;:&quot;classic&quot;}\">\n\t\t\t\t<div class=\"elementor-element elementor-element-0ad7663 elementor-widget elementor-widget-heading\" data-id=\"0ad7663\" data-element_type=\"widget\" data-e-type=\"widget\" data-widget_type=\"heading.default\">\n\t\t\t\t<div class=\"elementor-widget-container\">\n\t\t\t\t\t<h2 class=\"elementor-heading-title elementor-size-default\">WORLD OF TAPIS<\/h2>\t\t\t\t<\/div>\n\t\t\t\t<\/div>\n\t\t\t\t<div class=\"elementor-element elementor-element-c69078f elementor-widget elementor-widget-text-editor\" data-id=\"c69078f\" data-element_type=\"widget\" data-e-type=\"widget\" data-widget_type=\"text-editor.default\">\n\t\t\t\t<div class=\"elementor-widget-container\">\n\t\t\t\t\t\t\t\t\t<p>WHERE TRADITION MEETS MODERN TAPIS DISCOVER THE WORLD OF FASHION<\/p>\t\t\t\t\t\t\t\t<\/div>\n\t\t\t\t<\/div>\n\t\t\t\t<\/div>\n\t\t<div class=\"elementor-element elementor-element-4748cb3 e-flex e-con-boxed e-con e-parent\" data-id=\"4748cb3\" data-element_type=\"container\" data-e-type=\"container\">\n\t\t\t\t\t<div class=\"e-con-inner\">\n\t\t<div class=\"elementor-element elementor-element-129e15a e-con-full e-flex e-con e-child\" data-id=\"129e15a\" data-element_type=\"container\" data-e-type=\"container\">\n\t\t\t\t<div class=\"elementor-element elementor-element-2d2a7ef elementor-widget elementor-widget-spacer\" data-id=\"2d2a7ef\" data-element_type=\"widget\" data-e-type=\"widget\" data-widget_type=\"spacer.default\">\n\t\t\t\t<div class=\"elementor-widget-container\">\n\t\t\t\t\t\t\t<div class=\"elementor-spacer\">\n\t\t\t<div class=\"elementor-spacer-inner\"><\/div>\n\t\t<\/div>\n\t\t\t\t\t\t<\/div>\n\t\t\t\t<\/div>\n\t\t\t\t<div class=\"elementor-element elementor-element-b5b76f1 elementor-widget elementor-widget-heading\" data-id=\"b5b76f1\" data-element_type=\"widget\" data-e-type=\"widget\" data-widget_type=\"heading.default\">\n\t\t\t\t<div class=\"elementor-widget-container\">\n\t\t\t\t\t<h2 class=\"elementor-heading-title elementor-size-default\">Our story<\/h2>\t\t\t\t<\/div>\n\t\t\t\t<\/div>\n\t\t\t\t<div class=\"elementor-element elementor-element-e06d40f elementor-widget elementor-widget-text-editor\" data-id=\"e06d40f\" data-element_type=\"widget\" data-e-type=\"widget\" data-widget_type=\"text-editor.default\">\n\t\t\t\t<div class=\"elementor-widget-container\">\n\t\t\t\t\t\t\t\t\t<p>Celebrating the culture and heritage of Anatolia, unique we discover the story of a unique collection of Tapis.<\/p>\t\t\t\t\t\t\t\t<\/div>\n\t\t\t\t<\/div>\n\t\t\t\t<div class=\"elementor-element elementor-element-9e8e337 elementor-widget elementor-widget-button\" data-id=\"9e8e337\" data-element_type=\"widget\" data-e-type=\"widget\" data-widget_type=\"button.default\">\n\t\t\t\t<div class=\"elementor-widget-container\">\n\t\t\t\t\t\t\t\t\t<div class=\"elementor-button-wrapper\">\n\t\t\t\t\t<a class=\"elementor-button elementor-button-link elementor-size-sm\" href=\"\/en\/hikayemiz\/\">\n\t\t\t\t\t\t<span class=\"elementor-button-content-wrapper\">\n\t\t\t\t\t\t\t\t\t<span class=\"elementor-button-text\">Learn More<\/span>\n\t\t\t\t\t<\/span>\n\t\t\t\t\t<\/a>\n\t\t\t\t<\/div>\n\t\t\t\t\t\t\t\t<\/div>\n\t\t\t\t<\/div>\n\t\t\t\t<\/div>\n\t\t<div class=\"elementor-element elementor-element-a8ce67f e-con-full e-flex e-con e-child\" data-id=\"a8ce67f\" data-element_type=\"container\" data-e-type=\"container\">\n\t\t\t\t<div class=\"elementor-element elementor-element-5ee2ac2 elementor-widget elementor-widget-image\" data-id=\"5ee2ac2\" data-element_type=\"widget\" data-e-type=\"widget\" data-widget_type=\"image.default\">\n\t\t\t\t<div class=\"elementor-widget-container\">\n\t\t\t\t\t\t\t\t\t\t\t\t\t\t\t<img fetchpriority=\"high\" decoding=\"async\" width=\"2560\" height=\"1965\" src=\"https:\/\/tapistr.com\/wp-content\/uploads\/2024\/03\/DSCF6159-e1674170425354-1-scaled.jpg\" class=\"attachment-full size-full wp-image-1208\" alt=\"\" srcset=\"https:\/\/tapistr.com\/wp-content\/uploads\/2024\/03\/DSCF6159-e1674170425354-1-scaled.jpg 2560w, https:\/\/tapistr.com\/wp-content\/uploads\/2024\/03\/DSCF6159-e1674170425354-1-scaled-150x115.jpg 150w, https:\/\/tapistr.com\/wp-content\/uploads\/2024\/03\/DSCF6159-e1674170425354-1-scaled-768x590.jpg 768w, https:\/\/tapistr.com\/wp-content\/uploads\/2024\/03\/DSCF6159-e1674170425354-1-scaled-1536x1179.jpg 1536w, https:\/\/tapistr.com\/wp-content\/uploads\/2024\/03\/DSCF6159-e1674170425354-1-scaled-2048x1572.jpg 2048w, https:\/\/tapistr.com\/wp-content\/uploads\/2024\/03\/DSCF6159-e1674170425354-1-scaled-16x12.jpg 16w, https:\/\/tapistr.com\/wp-content\/uploads\/2024\/03\/DSCF6159-e1674170425354-1-scaled-990x760.jpg 990w, https:\/\/tapistr.com\/wp-content\/uploads\/2024\/03\/DSCF6159-e1674170425354-1-scaled-441x339.jpg 441w\" sizes=\"(max-width: 2560px) 100vw, 2560px\" \/>\t\t\t\t\t\t\t\t\t\t\t\t\t\t\t<\/div>\n\t\t\t\t<\/div>\n\t\t\t\t<\/div>\n\t\t\t\t\t<\/div>\n\t\t\t\t<\/div>\n\t\t<div class=\"elementor-element elementor-element-9af0573 e-flex e-con-boxed e-con e-parent\" data-id=\"9af0573\" data-element_type=\"container\" data-e-type=\"container\">\n\t\t\t\t\t<div class=\"e-con-inner\">\n\t\t\t\t<div class=\"elementor-element elementor-element-f9a8f05 elementor-widget elementor-widget-spacer\" data-id=\"f9a8f05\" data-element_type=\"widget\" data-e-type=\"widget\" data-widget_type=\"spacer.default\">\n\t\t\t\t<div class=\"elementor-widget-container\">\n\t\t\t\t\t\t\t<div class=\"elementor-spacer\">\n\t\t\t<div class=\"elementor-spacer-inner\"><\/div>\n\t\t<\/div>\n\t\t\t\t\t\t<\/div>\n\t\t\t\t<\/div>\n\t\t\t\t\t<\/div>\n\t\t\t\t<\/div>\n\t\t<div class=\"elementor-element elementor-element-00e285d e-con-full e-flex e-con e-parent\" data-id=\"00e285d\" data-element_type=\"container\" data-e-type=\"container\">\n\t\t<div class=\"elementor-element elementor-element-209356a e-con-full e-flex e-con e-child\" data-id=\"209356a\" data-element_type=\"container\" data-e-type=\"container\">\n\t\t\t\t<div class=\"elementor-element elementor-element-0fc4905 elementor-widget elementor-widget-image\" data-id=\"0fc4905\" data-element_type=\"widget\" data-e-type=\"widget\" data-widget_type=\"image.default\">\n\t\t\t\t<div class=\"elementor-widget-container\">\n\t\t\t\t\t\t\t\t\t\t\t\t\t\t\t<img decoding=\"async\" width=\"820\" height=\"616\" src=\"https:\/\/tapistr.com\/wp-content\/uploads\/2024\/03\/WOT-Our-Values.png\" class=\"attachment-full size-full wp-image-1209\" alt=\"\" srcset=\"https:\/\/tapistr.com\/wp-content\/uploads\/2024\/03\/WOT-Our-Values.png 820w, https:\/\/tapistr.com\/wp-content\/uploads\/2024\/03\/WOT-Our-Values-150x113.png 150w, https:\/\/tapistr.com\/wp-content\/uploads\/2024\/03\/WOT-Our-Values-768x577.png 768w, https:\/\/tapistr.com\/wp-content\/uploads\/2024\/03\/WOT-Our-Values-16x12.png 16w, https:\/\/tapistr.com\/wp-content\/uploads\/2024\/03\/WOT-Our-Values-441x331.png 441w\" sizes=\"(max-width: 820px) 100vw, 820px\" \/>\t\t\t\t\t\t\t\t\t\t\t\t\t\t\t<\/div>\n\t\t\t\t<\/div>\n\t\t\t\t<\/div>\n\t\t<div class=\"elementor-element elementor-element-efa1ed8 e-con-full e-flex e-con e-child\" data-id=\"efa1ed8\" data-element_type=\"container\" data-e-type=\"container\">\n\t\t\t\t<div class=\"elementor-element elementor-element-c850ea5 elementor-widget elementor-widget-spacer\" data-id=\"c850ea5\" data-element_type=\"widget\" data-e-type=\"widget\" data-widget_type=\"spacer.default\">\n\t\t\t\t<div class=\"elementor-widget-container\">\n\t\t\t\t\t\t\t<div class=\"elementor-spacer\">\n\t\t\t<div class=\"elementor-spacer-inner\"><\/div>\n\t\t<\/div>\n\t\t\t\t\t\t<\/div>\n\t\t\t\t<\/div>\n\t\t\t\t<div class=\"elementor-element elementor-element-409694c elementor-widget elementor-widget-heading\" data-id=\"409694c\" data-element_type=\"widget\" data-e-type=\"widget\" data-widget_type=\"heading.default\">\n\t\t\t\t<div class=\"elementor-widget-container\">\n\t\t\t\t\t<h2 class=\"elementor-heading-title elementor-size-default\">Our values<\/h2>\t\t\t\t<\/div>\n\t\t\t\t<\/div>\n\t\t\t\t<div class=\"elementor-element elementor-element-a84df44 elementor-widget elementor-widget-text-editor\" data-id=\"a84df44\" data-element_type=\"widget\" data-e-type=\"widget\" data-widget_type=\"text-editor.default\">\n\t\t\t\t<div class=\"elementor-widget-container\">\n\t\t\t\t\t\t\t\t\t<p>In Tapis give back and make a difference to protect our planet. we believe. We are working for a more sustainable future and make a difference in the world.<\/p>\t\t\t\t\t\t\t\t<\/div>\n\t\t\t\t<\/div>\n\t\t\t\t<div class=\"elementor-element elementor-element-c6a3e05 elementor-widget elementor-widget-button\" data-id=\"c6a3e05\" data-element_type=\"widget\" data-e-type=\"widget\" data-widget_type=\"button.default\">\n\t\t\t\t<div class=\"elementor-widget-container\">\n\t\t\t\t\t\t\t\t\t<div class=\"elementor-button-wrapper\">\n\t\t\t\t\t<a class=\"elementor-button elementor-button-link elementor-size-sm\" href=\"\/en\/our-values\/\">\n\t\t\t\t\t\t<span class=\"elementor-button-content-wrapper\">\n\t\t\t\t\t\t\t\t\t<span class=\"elementor-button-text\">Learn More<\/span>\n\t\t\t\t\t<\/span>\n\t\t\t\t\t<\/a>\n\t\t\t\t<\/div>\n\t\t\t\t\t\t\t\t<\/div>\n\t\t\t\t<\/div>\n\t\t\t\t<\/div>\n\t\t\t\t<\/div>\n\t\t<div class=\"elementor-element elementor-element-71a7ab1 e-flex e-con-boxed e-con e-parent\" data-id=\"71a7ab1\" data-element_type=\"container\" data-e-type=\"container\">\n\t\t\t\t\t<div class=\"e-con-inner\">\n\t\t\t\t<div class=\"elementor-element elementor-element-771d86f elementor-widget elementor-widget-spacer\" data-id=\"771d86f\" data-element_type=\"widget\" data-e-type=\"widget\" data-widget_type=\"spacer.default\">\n\t\t\t\t<div class=\"elementor-widget-container\">\n\t\t\t\t\t\t\t<div class=\"elementor-spacer\">\n\t\t\t<div class=\"elementor-spacer-inner\"><\/div>\n\t\t<\/div>\n\t\t\t\t\t\t<\/div>\n\t\t\t\t<\/div>\n\t\t\t\t\t<\/div>\n\t\t\t\t<\/div>\n\t\t<div class=\"elementor-element elementor-element-882f615 e-flex e-con-boxed e-con e-parent\" data-id=\"882f615\" data-element_type=\"container\" data-e-type=\"container\">\n\t\t\t\t\t<div class=\"e-con-inner\">\n\t\t<div class=\"elementor-element elementor-element-f771c99 e-con-full e-flex e-con e-child\" data-id=\"f771c99\" data-element_type=\"container\" data-e-type=\"container\">\n\t\t\t\t<div class=\"elementor-element elementor-element-e064813 elementor-widget elementor-widget-spacer\" data-id=\"e064813\" data-element_type=\"widget\" data-e-type=\"widget\" data-widget_type=\"spacer.default\">\n\t\t\t\t<div class=\"elementor-widget-container\">\n\t\t\t\t\t\t\t<div class=\"elementor-spacer\">\n\t\t\t<div class=\"elementor-spacer-inner\"><\/div>\n\t\t<\/div>\n\t\t\t\t\t\t<\/div>\n\t\t\t\t<\/div>\n\t\t\t\t<div class=\"elementor-element elementor-element-73a2e8c elementor-widget elementor-widget-heading\" data-id=\"73a2e8c\" data-element_type=\"widget\" data-e-type=\"widget\" data-widget_type=\"heading.default\">\n\t\t\t\t<div class=\"elementor-widget-container\">\n\t\t\t\t\t<h2 class=\"elementor-heading-title elementor-size-default\">Guide To Rugs<\/h2>\t\t\t\t<\/div>\n\t\t\t\t<\/div>\n\t\t\t\t<div class=\"elementor-element elementor-element-dba9829 elementor-widget elementor-widget-text-editor\" data-id=\"dba9829\" data-element_type=\"widget\" data-e-type=\"widget\" data-widget_type=\"text-editor.default\">\n\t\t\t\t<div class=\"elementor-widget-container\">\n\t\t\t\t\t\t\t\t\t<p>The history behind our parts with our guide and discover the beauty of carpet. The cultural heritage of each pattern, color variations, and learn more about weaving techniques that makes them very special.<\/p>\t\t\t\t\t\t\t\t<\/div>\n\t\t\t\t<\/div>\n\t\t\t\t<div class=\"elementor-element elementor-element-5ec64cb elementor-widget elementor-widget-button\" data-id=\"5ec64cb\" data-element_type=\"widget\" data-e-type=\"widget\" data-widget_type=\"button.default\">\n\t\t\t\t<div class=\"elementor-widget-container\">\n\t\t\t\t\t\t\t\t\t<div class=\"elementor-button-wrapper\">\n\t\t\t\t\t<a class=\"elementor-button elementor-button-link elementor-size-sm\" href=\"\/en\/kilim-rehberi\/\">\n\t\t\t\t\t\t<span class=\"elementor-button-content-wrapper\">\n\t\t\t\t\t\t\t\t\t<span class=\"elementor-button-text\">Learn More<\/span>\n\t\t\t\t\t<\/span>\n\t\t\t\t\t<\/a>\n\t\t\t\t<\/div>\n\t\t\t\t\t\t\t\t<\/div>\n\t\t\t\t<\/div>\n\t\t\t\t<\/div>\n\t\t<div class=\"elementor-element elementor-element-4d55ddc e-con-full e-flex e-con e-child\" data-id=\"4d55ddc\" data-element_type=\"container\" data-e-type=\"container\">\n\t\t\t\t<div class=\"elementor-element elementor-element-2a56e37 elementor-widget elementor-widget-image\" data-id=\"2a56e37\" data-element_type=\"widget\" data-e-type=\"widget\" data-widget_type=\"image.default\">\n\t\t\t\t<div class=\"elementor-widget-container\">\n\t\t\t\t\t\t\t\t\t\t\t\t\t\t\t<img decoding=\"async\" width=\"553\" height=\"397\" src=\"https:\/\/tapistr.com\/wp-content\/uploads\/2024\/03\/WOT-Carpet-Guide.png\" class=\"attachment-full size-full wp-image-846\" alt=\"\" srcset=\"https:\/\/tapistr.com\/wp-content\/uploads\/2024\/03\/WOT-Carpet-Guide.png 553w, https:\/\/tapistr.com\/wp-content\/uploads\/2024\/03\/WOT-Carpet-Guide-150x108.png 150w, https:\/\/tapistr.com\/wp-content\/uploads\/2024\/03\/WOT-Carpet-Guide-18x12.png 18w, https:\/\/tapistr.com\/wp-content\/uploads\/2024\/03\/WOT-Carpet-Guide-441x317.png 441w\" sizes=\"(max-width: 553px) 100vw, 553px\" \/>\t\t\t\t\t\t\t\t\t\t\t\t\t\t\t<\/div>\n\t\t\t\t<\/div>\n\t\t\t\t<\/div>\n\t\t\t\t\t<\/div>\n\t\t\t\t<\/div>\n\t\t<div class=\"elementor-element elementor-element-33fd272 e-flex e-con-boxed e-con e-parent\" data-id=\"33fd272\" data-element_type=\"container\" data-e-type=\"container\">\n\t\t\t\t\t<div class=\"e-con-inner\">\n\t\t\t\t<div class=\"elementor-element elementor-element-edcfec6 elementor-widget elementor-widget-spacer\" data-id=\"edcfec6\" data-element_type=\"widget\" data-e-type=\"widget\" data-widget_type=\"spacer.default\">\n\t\t\t\t<div class=\"elementor-widget-container\">\n\t\t\t\t\t\t\t<div class=\"elementor-spacer\">\n\t\t\t<div class=\"elementor-spacer-inner\"><\/div>\n\t\t<\/div>\n\t\t\t\t\t\t<\/div>\n\t\t\t\t<\/div>\n\t\t\t\t\t<\/div>\n\t\t\t\t<\/div>\n\t\t<div class=\"elementor-element elementor-element-c64f838 e-flex e-con-boxed e-con e-parent\" data-id=\"c64f838\" data-element_type=\"container\" data-e-type=\"container\">\n\t\t\t\t\t<div class=\"e-con-inner\">\n\t\t<div class=\"elementor-element elementor-element-84c6f66 e-con-full e-flex e-con e-child\" data-id=\"84c6f66\" data-element_type=\"container\" data-e-type=\"container\">\n\t\t\t\t<div class=\"elementor-element elementor-element-335903b elementor-widget elementor-widget-image\" data-id=\"335903b\" data-element_type=\"widget\" data-e-type=\"widget\" data-widget_type=\"image.default\">\n\t\t\t\t<div class=\"elementor-widget-container\">\n\t\t\t\t\t\t\t\t\t\t\t\t\t\t\t<img loading=\"lazy\" decoding=\"async\" width=\"553\" height=\"397\" src=\"https:\/\/tapistr.com\/wp-content\/uploads\/2024\/03\/WOT-Manufacturing.png\" class=\"attachment-full size-full wp-image-1210\" alt=\"\" srcset=\"https:\/\/tapistr.com\/wp-content\/uploads\/2024\/03\/WOT-Manufacturing.png 553w, https:\/\/tapistr.com\/wp-content\/uploads\/2024\/03\/WOT-Manufacturing-150x108.png 150w, https:\/\/tapistr.com\/wp-content\/uploads\/2024\/03\/WOT-Manufacturing-18x12.png 18w, https:\/\/tapistr.com\/wp-content\/uploads\/2024\/03\/WOT-Manufacturing-441x317.png 441w\" sizes=\"(max-width: 553px) 100vw, 553px\" \/>\t\t\t\t\t\t\t\t\t\t\t\t\t\t\t<\/div>\n\t\t\t\t<\/div>\n\t\t\t\t<\/div>\n\t\t<div class=\"elementor-element elementor-element-d487017 e-con-full e-flex e-con e-child\" data-id=\"d487017\" data-element_type=\"container\" data-e-type=\"container\">\n\t\t\t\t<div class=\"elementor-element elementor-element-7a79e73 elementor-hidden-tablet elementor-widget elementor-widget-spacer\" data-id=\"7a79e73\" data-element_type=\"widget\" data-e-type=\"widget\" data-widget_type=\"spacer.default\">\n\t\t\t\t<div class=\"elementor-widget-container\">\n\t\t\t\t\t\t\t<div class=\"elementor-spacer\">\n\t\t\t<div class=\"elementor-spacer-inner\"><\/div>\n\t\t<\/div>\n\t\t\t\t\t\t<\/div>\n\t\t\t\t<\/div>\n\t\t\t\t<div class=\"elementor-element elementor-element-88fa384 elementor-widget elementor-widget-heading\" data-id=\"88fa384\" data-element_type=\"widget\" data-e-type=\"widget\" data-widget_type=\"heading.default\">\n\t\t\t\t<div class=\"elementor-widget-container\">\n\t\t\t\t\t<h2 class=\"elementor-heading-title elementor-size-default\">Production<\/h2>\t\t\t\t<\/div>\n\t\t\t\t<\/div>\n\t\t\t\t<div class=\"elementor-element elementor-element-4dadbb7 elementor-widget elementor-widget-text-editor\" data-id=\"4dadbb7\" data-element_type=\"widget\" data-e-type=\"widget\" data-widget_type=\"text-editor.default\">\n\t\t\t\t<div class=\"elementor-widget-container\">\n\t\t\t\t\t\t\t\t\t<p>In Tapis, we aim to offer quality products that embraces the values of our brand. Our products are manufactured with maximum care and attention is handmade in our workshop. Traditional Anatolian carpets and rugs bring a unique style to modern fashion pieces for you to use.<\/p>\t\t\t\t\t\t\t\t<\/div>\n\t\t\t\t<\/div>\n\t\t\t\t<div class=\"elementor-element elementor-element-10a057e elementor-widget elementor-widget-button\" data-id=\"10a057e\" data-element_type=\"widget\" data-e-type=\"widget\" data-widget_type=\"button.default\">\n\t\t\t\t<div class=\"elementor-widget-container\">\n\t\t\t\t\t\t\t\t\t<div class=\"elementor-button-wrapper\">\n\t\t\t\t\t<a class=\"elementor-button elementor-button-link elementor-size-sm\" href=\"\/en\/uretim\/\">\n\t\t\t\t\t\t<span class=\"elementor-button-content-wrapper\">\n\t\t\t\t\t\t\t\t\t<span class=\"elementor-button-text\">Learn More<\/span>\n\t\t\t\t\t<\/span>\n\t\t\t\t\t<\/a>\n\t\t\t\t<\/div>\n\t\t\t\t\t\t\t\t<\/div>\n\t\t\t\t<\/div>\n\t\t\t\t<\/div>\n\t\t\t\t\t<\/div>\n\t\t\t\t<\/div>\n\t\t<div class=\"elementor-element elementor-element-a257867 e-flex e-con-boxed e-con e-parent\" data-id=\"a257867\" data-element_type=\"container\" data-e-type=\"container\">\n\t\t\t\t\t<div class=\"e-con-inner\">\n\t\t\t\t<div class=\"elementor-element elementor-element-1bb07f9 elementor-widget elementor-widget-spacer\" data-id=\"1bb07f9\" data-element_type=\"widget\" data-e-type=\"widget\" data-widget_type=\"spacer.default\">\n\t\t\t\t<div class=\"elementor-widget-container\">\n\t\t\t\t\t\t\t<div class=\"elementor-spacer\">\n\t\t\t<div class=\"elementor-spacer-inner\"><\/div>\n\t\t<\/div>\n\t\t\t\t\t\t<\/div>\n\t\t\t\t<\/div>\n\t\t\t\t\t<\/div>\n\t\t\t\t<\/div>\n\t\t\t\t<\/div>","protected":false},"excerpt":{"rendered":"<p>WORLD OF TAPIS GELENE\u011e\u0130N MODERN MODA \u0130LE BULU\u015eTU\u011eU TAPIS D\u00dcNYASINI KE\u015eFED\u0130N Hikayemiz Anadolu&#8217;nun e\u015fsiz k\u00fclt\u00fcr ve miras\u0131n\u0131 e\u015fsiz koleksiyonlarla kutlad\u0131\u011f\u0131m\u0131z TAPIS&#8217;in hikayesini ke\u015ffedin. Daha fazla ke\u015ffet De\u011ferlerimiz TAPIS\u2019de geri vermeye, gezegenimizi korumaya ve etki yaratmaya inan\u0131yoruz. D\u00fcnyada bir fark yaratmak ve daha s\u00fcrd\u00fcr\u00fclebilir bir gelecek i\u00e7in \u00e7al\u0131\u015f\u0131yoruz. Daha fazla ke\u015ffet Kilim Rehberi Hal\u0131 Rehberimizle par\u00e7alar\u0131m\u0131z\u0131n [&hellip;]<\/p>\n","protected":false},"author":1,"featured_media":0,"parent":0,"menu_order":0,"comment_status":"closed","ping_status":"closed","template":"template-canvas.php","meta":{"footnotes":""},"class_list":["post-836","page","type-page","status-publish","hentry"],"_links":{"self":[{"href":"https:\/\/tapistr.com\/en\/wp-json\/wp\/v2\/pages\/836","targetHints":{"allow":["GET"]}}],"collection":[{"href":"https:\/\/tapistr.com\/en\/wp-json\/wp\/v2\/pages"}],"about":[{"href":"https:\/\/tapistr.com\/en\/wp-json\/wp\/v2\/types\/page"}],"author":[{"embeddable":true,"href":"https:\/\/tapistr.com\/en\/wp-json\/wp\/v2\/users\/1"}],"replies":[{"embeddable":true,"href":"https:\/\/tapistr.com\/en\/wp-json\/wp\/v2\/comments?post=836"}],"version-history":[{"count":11,"href":"https:\/\/tapistr.com\/en\/wp-json\/wp\/v2\/pages\/836\/revisions"}],"predecessor-version":[{"id":1213,"href":"https:\/\/tapistr.com\/en\/wp-json\/wp\/v2\/pages\/836\/revisions\/1213"}],"wp:attachment":[{"href":"https:\/\/tapistr.com\/en\/wp-json\/wp\/v2\/media?parent=836"}],"curies":[{"name":"wp","href":"https:\/\/api.w.org\/{rel}","templated":true}]}}