{"id":1206,"date":"2024-03-31T09:31:19","date_gmt":"2024-03-31T06:31:19","guid":{"rendered":"https:\/\/tapistr.com\/?page_id=1206"},"modified":"2024-03-31T12:59:18","modified_gmt":"2024-03-31T09:59:18","slug":"bombshellcollection","status":"publish","type":"page","link":"https:\/\/tapistr.com\/en\/bombshellcollection\/","title":{"rendered":"BOMBSHELL COLLECTION"},"content":{"rendered":"<div data-elementor-type=\"wp-page\" data-elementor-id=\"1206\" class=\"elementor elementor-1206\" data-elementor-post-type=\"page\">\n\t\t\t\t<div class=\"elementor-element elementor-element-62adc349 e-con-full e-flex e-con e-parent\" data-id=\"62adc349\" data-element_type=\"container\" data-e-type=\"container\" data-settings=\"{&quot;background_background&quot;:&quot;classic&quot;}\">\n\t\t\t\t<div class=\"elementor-element elementor-element-2dc65562 elementor-widget elementor-widget-heading\" data-id=\"2dc65562\" data-element_type=\"widget\" data-e-type=\"widget\" data-widget_type=\"heading.default\">\n\t\t\t\t<div class=\"elementor-widget-container\">\n\t\t\t\t\t<h2 class=\"elementor-heading-title elementor-size-default\">BOMBSHELL<br>\nCOLLECTION<\/h2>\t\t\t\t<\/div>\n\t\t\t\t<\/div>\n\t\t\t\t<\/div>\n\t\t<div class=\"elementor-element elementor-element-eb08c88 e-con-full e-flex e-con e-parent\" data-id=\"eb08c88\" data-element_type=\"container\" data-e-type=\"container\">\n\t\t\t\t<div class=\"elementor-element elementor-element-47e6525c elementor-widget elementor-widget-heading\" data-id=\"47e6525c\" data-element_type=\"widget\" data-e-type=\"widget\" data-widget_type=\"heading.default\">\n\t\t\t\t<div class=\"elementor-widget-container\">\n\t\t\t\t\t<h2 class=\"elementor-heading-title elementor-size-default\">This collection features concept and thematic pieces that stand out from the crowd and are carefully crafted with limited production runs. <\/h2>\t\t\t\t<\/div>\n\t\t\t\t<\/div>\n\t\t\t\t<\/div>\n\t\t<div class=\"elementor-element elementor-element-1b63383 e-con-full e-flex e-con e-parent\" data-id=\"1b63383\" data-element_type=\"container\" data-e-type=\"container\">\n\t\t<div class=\"elementor-element elementor-element-4515cbbd e-con-full e-flex e-con e-child\" data-id=\"4515cbbd\" data-element_type=\"container\" data-e-type=\"container\">\n\t\t\t\t<div class=\"elementor-element elementor-element-5f3ea4b9 elementor-widget elementor-widget-heading\" data-id=\"5f3ea4b9\" data-element_type=\"widget\" data-e-type=\"widget\" data-widget_type=\"heading.default\">\n\t\t\t\t<div class=\"elementor-widget-container\">\n\t\t\t\t\t<h2 class=\"elementor-heading-title elementor-size-default\">One of the iconic pieces of the collection, the 1970 Series Denim Jacket, limited to just 125 pieces, features 6 different handcrafted rugs made on hand looms and herbal root dye.<\/h2>\t\t\t\t<\/div>\n\t\t\t\t<\/div>\n\t\t\t\t<\/div>\n\t\t<div class=\"elementor-element elementor-element-5023f618 e-con-full e-flex e-con e-child\" data-id=\"5023f618\" data-element_type=\"container\" data-e-type=\"container\">\n\t\t\t\t<div class=\"elementor-element elementor-element-1b14c098 elementor-widget elementor-widget-image\" data-id=\"1b14c098\" data-element_type=\"widget\" data-e-type=\"widget\" data-widget_type=\"image.default\">\n\t\t\t\t<div class=\"elementor-widget-container\">\n\t\t\t\t\t\t\t\t\t\t\t\t\t\t\t<img fetchpriority=\"high\" decoding=\"async\" width=\"704\" height=\"735\" src=\"https:\/\/tapistr.com\/wp-content\/uploads\/2024\/03\/bombshell2.png\" class=\"attachment-full size-full wp-image-109\" alt=\"\" srcset=\"https:\/\/tapistr.com\/wp-content\/uploads\/2024\/03\/bombshell2.png 704w, https:\/\/tapistr.com\/wp-content\/uploads\/2024\/03\/bombshell2-150x157.png 150w, https:\/\/tapistr.com\/wp-content\/uploads\/2024\/03\/bombshell2-287x300.png 287w, https:\/\/tapistr.com\/wp-content\/uploads\/2024\/03\/bombshell2-11x12.png 11w, https:\/\/tapistr.com\/wp-content\/uploads\/2024\/03\/bombshell2-441x460.png 441w, https:\/\/tapistr.com\/wp-content\/uploads\/2024\/03\/bombshell2-420x438.png 420w\" sizes=\"(max-width: 704px) 100vw, 704px\" \/>\t\t\t\t\t\t\t\t\t\t\t\t\t\t\t<\/div>\n\t\t\t\t<\/div>\n\t\t\t\t<\/div>\n\t\t\t\t<\/div>\n\t\t<div class=\"elementor-element elementor-element-16b15eee e-flex e-con-boxed e-con e-parent\" data-id=\"16b15eee\" data-element_type=\"container\" data-e-type=\"container\">\n\t\t\t\t\t<div class=\"e-con-inner\">\n\t\t\t\t<div class=\"elementor-element elementor-element-6b8cba5a elementor-widget elementor-widget-spacer\" data-id=\"6b8cba5a\" data-element_type=\"widget\" data-e-type=\"widget\" data-widget_type=\"spacer.default\">\n\t\t\t\t<div class=\"elementor-widget-container\">\n\t\t\t\t\t\t\t<div class=\"elementor-spacer\">\n\t\t\t<div class=\"elementor-spacer-inner\"><\/div>\n\t\t<\/div>\n\t\t\t\t\t\t<\/div>\n\t\t\t\t<\/div>\n\t\t\t\t\t<\/div>\n\t\t\t\t<\/div>\n\t\t<div class=\"elementor-element elementor-element-17937741 e-con-full e-flex e-con e-parent\" data-id=\"17937741\" data-element_type=\"container\" data-e-type=\"container\" data-settings=\"{&quot;background_background&quot;:&quot;classic&quot;}\">\n\t\t<div class=\"elementor-element elementor-element-1af4c8ee e-con-full e-flex e-con e-child\" data-id=\"1af4c8ee\" data-element_type=\"container\" data-e-type=\"container\">\n\t\t\t\t<div class=\"elementor-element elementor-element-14606fb7 elementor-widget elementor-widget-image\" data-id=\"14606fb7\" data-element_type=\"widget\" data-e-type=\"widget\" data-widget_type=\"image.default\">\n\t\t\t\t<div class=\"elementor-widget-container\">\n\t\t\t\t\t\t\t\t\t\t\t\t\t\t\t<img decoding=\"async\" width=\"720\" height=\"492\" src=\"https:\/\/tapistr.com\/wp-content\/uploads\/2024\/03\/bombshell3.png\" class=\"attachment-full size-full wp-image-110\" alt=\"\" srcset=\"https:\/\/tapistr.com\/wp-content\/uploads\/2024\/03\/bombshell3.png 720w, https:\/\/tapistr.com\/wp-content\/uploads\/2024\/03\/bombshell3-150x103.png 150w, https:\/\/tapistr.com\/wp-content\/uploads\/2024\/03\/bombshell3-300x205.png 300w, https:\/\/tapistr.com\/wp-content\/uploads\/2024\/03\/bombshell3-18x12.png 18w, https:\/\/tapistr.com\/wp-content\/uploads\/2024\/03\/bombshell3-441x301.png 441w, https:\/\/tapistr.com\/wp-content\/uploads\/2024\/03\/bombshell3-420x287.png 420w\" sizes=\"(max-width: 720px) 100vw, 720px\" \/>\t\t\t\t\t\t\t\t\t\t\t\t\t\t\t<\/div>\n\t\t\t\t<\/div>\n\t\t\t\t<\/div>\n\t\t<div class=\"elementor-element elementor-element-282be69b e-con-full e-flex e-con e-child\" data-id=\"282be69b\" data-element_type=\"container\" data-e-type=\"container\">\n\t\t\t\t<div class=\"elementor-element elementor-element-6f6bdef0 elementor-widget elementor-widget-heading\" data-id=\"6f6bdef0\" data-element_type=\"widget\" data-e-type=\"widget\" data-widget_type=\"heading.default\">\n\t\t\t\t<div class=\"elementor-widget-container\">\n\t\t\t\t\t<h2 class=\"elementor-heading-title elementor-size-default\"> Each rug range in age from as far back as 1970 and comes from different parts of Turkey such as Isparta, Sivas, Bal\u0131kesir, U\u015fak, and Denizli.<\/h2>\t\t\t\t<\/div>\n\t\t\t\t<\/div>\n\t\t\t\t<\/div>\n\t\t\t\t<\/div>\n\t\t<div class=\"elementor-element elementor-element-732b2e55 e-flex e-con-boxed e-con e-parent\" data-id=\"732b2e55\" data-element_type=\"container\" data-e-type=\"container\">\n\t\t\t\t\t<div class=\"e-con-inner\">\n\t\t\t\t<div class=\"elementor-element elementor-element-69a5f4c6 elementor-widget elementor-widget-spacer\" data-id=\"69a5f4c6\" data-element_type=\"widget\" data-e-type=\"widget\" data-widget_type=\"spacer.default\">\n\t\t\t\t<div class=\"elementor-widget-container\">\n\t\t\t\t\t\t\t<div class=\"elementor-spacer\">\n\t\t\t<div class=\"elementor-spacer-inner\"><\/div>\n\t\t<\/div>\n\t\t\t\t\t\t<\/div>\n\t\t\t\t<\/div>\n\t\t\t\t\t<\/div>\n\t\t\t\t<\/div>\n\t\t<div class=\"elementor-element elementor-element-38ad8b80 e-con-full e-flex e-con e-parent\" data-id=\"38ad8b80\" data-element_type=\"container\" data-e-type=\"container\">\n\t\t<div class=\"elementor-element elementor-element-2b175cf0 e-con-full e-flex e-con e-child\" data-id=\"2b175cf0\" data-element_type=\"container\" data-e-type=\"container\">\n\t\t\t\t<div class=\"elementor-element elementor-element-3bab6bb4 elementor-widget elementor-widget-heading\" data-id=\"3bab6bb4\" data-element_type=\"widget\" data-e-type=\"widget\" data-widget_type=\"heading.default\">\n\t\t\t\t<div class=\"elementor-widget-container\">\n\t\t\t\t\t<h2 class=\"elementor-heading-title elementor-size-default\">TAPIS\u2019 first accessory product, baseball caps launched with Bombshell Collection.\n\nCrafted with an eye for detail, each cap is unique and available in limited numbers.<\/h2>\t\t\t\t<\/div>\n\t\t\t\t<\/div>\n\t\t\t\t<\/div>\n\t\t<div class=\"elementor-element elementor-element-2db285b3 e-con-full e-flex e-con e-child\" data-id=\"2db285b3\" data-element_type=\"container\" data-e-type=\"container\">\n\t\t\t\t<div class=\"elementor-element elementor-element-24d0b5c0 elementor-widget elementor-widget-image\" data-id=\"24d0b5c0\" data-element_type=\"widget\" data-e-type=\"widget\" data-widget_type=\"image.default\">\n\t\t\t\t<div class=\"elementor-widget-container\">\n\t\t\t\t\t\t\t\t\t\t\t\t\t\t\t<img decoding=\"async\" width=\"704\" height=\"735\" src=\"https:\/\/tapistr.com\/wp-content\/uploads\/2024\/03\/bombshell4.png\" class=\"attachment-full size-full wp-image-111\" alt=\"\" srcset=\"https:\/\/tapistr.com\/wp-content\/uploads\/2024\/03\/bombshell4.png 704w, https:\/\/tapistr.com\/wp-content\/uploads\/2024\/03\/bombshell4-150x157.png 150w, https:\/\/tapistr.com\/wp-content\/uploads\/2024\/03\/bombshell4-287x300.png 287w, https:\/\/tapistr.com\/wp-content\/uploads\/2024\/03\/bombshell4-11x12.png 11w, https:\/\/tapistr.com\/wp-content\/uploads\/2024\/03\/bombshell4-441x460.png 441w, https:\/\/tapistr.com\/wp-content\/uploads\/2024\/03\/bombshell4-420x438.png 420w\" sizes=\"(max-width: 704px) 100vw, 704px\" \/>\t\t\t\t\t\t\t\t\t\t\t\t\t\t\t<\/div>\n\t\t\t\t<\/div>\n\t\t\t\t<\/div>\n\t\t\t\t<\/div>\n\t\t<div class=\"elementor-element elementor-element-1405e32a e-flex e-con-boxed e-con e-parent\" data-id=\"1405e32a\" data-element_type=\"container\" data-e-type=\"container\">\n\t\t\t\t\t<div class=\"e-con-inner\">\n\t\t<div class=\"elementor-element elementor-element-6d2a2406 e-con-full e-flex e-con e-child\" data-id=\"6d2a2406\" data-element_type=\"container\" data-e-type=\"container\">\n\t\t\t\t<div class=\"elementor-element elementor-element-49fa8a28 elementor-widget elementor-widget-image\" data-id=\"49fa8a28\" data-element_type=\"widget\" data-e-type=\"widget\" data-widget_type=\"image.default\">\n\t\t\t\t<div class=\"elementor-widget-container\">\n\t\t\t\t\t\t\t\t\t\t\t\t\t\t\t<img decoding=\"async\" src=\"https:\/\/tapistr.com\/wp-content\/uploads\/2024\/03\/Bombshell-1-1970-Series-Denim-Jacket--1200x1300.jpg\" title=\"Bombshell-1-1970-Series-Denim-Jacket-.jpg\" alt=\"Bombshell-1-1970-Series-Denim-Jacket-.jpg\" class=\"elementor-animation-float\" loading=\"lazy\" \/>\t\t\t\t\t\t\t\t\t\t\t\t\t\t\t<\/div>\n\t\t\t\t<\/div>\n\t\t\t\t<div class=\"elementor-element elementor-element-57135310 elementor-widget elementor-widget-heading\" data-id=\"57135310\" data-element_type=\"widget\" data-e-type=\"widget\" data-widget_type=\"heading.default\">\n\t\t\t\t<div class=\"elementor-widget-container\">\n\t\t\t\t\t<h2 class=\"elementor-heading-title elementor-size-default\">1970 Series Denim Jacket<\/h2>\t\t\t\t<\/div>\n\t\t\t\t<\/div>\n\t\t\t\t<\/div>\n\t\t<div class=\"elementor-element elementor-element-6ee42d53 e-con-full e-flex e-con e-child\" data-id=\"6ee42d53\" data-element_type=\"container\" data-e-type=\"container\">\n\t\t\t\t<div class=\"elementor-element elementor-element-78c4e323 elementor-widget elementor-widget-image\" data-id=\"78c4e323\" data-element_type=\"widget\" data-e-type=\"widget\" data-widget_type=\"image.default\">\n\t\t\t\t<div class=\"elementor-widget-container\">\n\t\t\t\t\t\t\t\t\t\t\t\t\t\t\t<img decoding=\"async\" src=\"https:\/\/tapistr.com\/wp-content\/uploads\/2024\/03\/Bombshell-1200x1300.jpg\" title=\"Bombshell.jpg\" alt=\"Bombshell.jpg\" class=\"elementor-animation-float\" loading=\"lazy\" \/>\t\t\t\t\t\t\t\t\t\t\t\t\t\t\t<\/div>\n\t\t\t\t<\/div>\n\t\t\t\t<div class=\"elementor-element elementor-element-43ada9e7 elementor-widget elementor-widget-heading\" data-id=\"43ada9e7\" data-element_type=\"widget\" data-e-type=\"widget\" data-widget_type=\"heading.default\">\n\t\t\t\t<div class=\"elementor-widget-container\">\n\t\t\t\t\t<h2 class=\"elementor-heading-title elementor-size-default\">TAPIS Red Cap<\/h2>\t\t\t\t<\/div>\n\t\t\t\t<\/div>\n\t\t\t\t<\/div>\n\t\t<div class=\"elementor-element elementor-element-7145447f e-con-full e-flex e-con e-child\" data-id=\"7145447f\" data-element_type=\"container\" data-e-type=\"container\">\n\t\t\t\t<div class=\"elementor-element elementor-element-174a908c elementor-widget elementor-widget-image\" data-id=\"174a908c\" data-element_type=\"widget\" data-e-type=\"widget\" data-widget_type=\"image.default\">\n\t\t\t\t<div class=\"elementor-widget-container\">\n\t\t\t\t\t\t\t\t\t\t\t\t\t\t\t<img decoding=\"async\" src=\"https:\/\/tapistr.com\/wp-content\/uploads\/2024\/03\/Bombshell-1-1200x1300.jpg\" title=\"Bombshell-1.jpg\" alt=\"Bombshell-1.jpg\" class=\"elementor-animation-float\" loading=\"lazy\" \/>\t\t\t\t\t\t\t\t\t\t\t\t\t\t\t<\/div>\n\t\t\t\t<\/div>\n\t\t\t\t<div class=\"elementor-element elementor-element-72bb70 elementor-widget elementor-widget-heading\" data-id=\"72bb70\" data-element_type=\"widget\" data-e-type=\"widget\" data-widget_type=\"heading.default\">\n\t\t\t\t<div class=\"elementor-widget-container\">\n\t\t\t\t\t<h2 class=\"elementor-heading-title elementor-size-default\">TAPIS Ethnic Cap<\/h2>\t\t\t\t<\/div>\n\t\t\t\t<\/div>\n\t\t\t\t<\/div>\n\t\t\t\t\t<\/div>\n\t\t\t\t<\/div>\n\t\t<div class=\"elementor-element elementor-element-4adb7178 e-con-full e-flex e-con e-parent\" data-id=\"4adb7178\" data-element_type=\"container\" data-e-type=\"container\">\n\t\t\t\t<div class=\"elementor-element elementor-element-30787c3c elementor-widget-divider--view-line elementor-widget elementor-widget-divider\" data-id=\"30787c3c\" data-element_type=\"widget\" data-e-type=\"widget\" data-widget_type=\"divider.default\">\n\t\t\t\t<div class=\"elementor-widget-container\">\n\t\t\t\t\t\t\t<div class=\"elementor-divider\">\n\t\t\t<span class=\"elementor-divider-separator\">\n\t\t\t\t\t\t<\/span>\n\t\t<\/div>\n\t\t\t\t\t\t<\/div>\n\t\t\t\t<\/div>\n\t\t\t\t<\/div>\n\t\t<div class=\"elementor-element elementor-element-6e9dbb45 e-con-full e-flex e-con e-parent\" data-id=\"6e9dbb45\" data-element_type=\"container\" data-e-type=\"container\">\n\t\t\t\t<div class=\"elementor-element elementor-element-bb8e3d9 elementor-widget elementor-widget-heading\" data-id=\"bb8e3d9\" data-element_type=\"widget\" data-e-type=\"widget\" data-widget_type=\"heading.default\">\n\t\t\t\t<div class=\"elementor-widget-container\">\n\t\t\t\t\t<h2 class=\"elementor-heading-title elementor-size-default\">Daha Fazla Ke\u015ffedin&gt;<\/h2>\t\t\t\t<\/div>\n\t\t\t\t<\/div>\n\t\t\t\t<\/div>\n\t\t<div class=\"elementor-element elementor-element-79a44ba3 e-flex e-con-boxed e-con e-parent\" data-id=\"79a44ba3\" data-element_type=\"container\" data-e-type=\"container\">\n\t\t\t\t\t<div class=\"e-con-inner\">\n\t\t<div class=\"elementor-element elementor-element-ecbe222 e-con-full e-flex e-con e-child\" data-id=\"ecbe222\" data-element_type=\"container\" data-e-type=\"container\" data-settings=\"{&quot;background_background&quot;:&quot;classic&quot;}\">\n\t\t\t\t<div class=\"elementor-element elementor-element-ffb54b1 elementor-widget elementor-widget-heading\" data-id=\"ffb54b1\" data-element_type=\"widget\" data-e-type=\"widget\" data-widget_type=\"heading.default\">\n\t\t\t\t<div class=\"elementor-widget-container\">\n\t\t\t\t\t<h2 class=\"elementor-heading-title elementor-size-default\"><a href=\"\/en\/showcase\/\">SHOWCASE<\/a><\/h2>\t\t\t\t<\/div>\n\t\t\t\t<\/div>\n\t\t\t\t<div class=\"elementor-element elementor-element-a47a0c3 elementor-widget elementor-widget-heading\" data-id=\"a47a0c3\" data-element_type=\"widget\" data-e-type=\"widget\" data-widget_type=\"heading.default\">\n\t\t\t\t<div class=\"elementor-widget-container\">\n\t\t\t\t\t<h2 class=\"elementor-heading-title elementor-size-default\">FALL WINTER 21\/22<\/h2>\t\t\t\t<\/div>\n\t\t\t\t<\/div>\n\t\t\t\t<\/div>\n\t\t<div class=\"elementor-element elementor-element-37b889b0 e-con-full e-flex e-con e-child\" data-id=\"37b889b0\" data-element_type=\"container\" data-e-type=\"container\" data-settings=\"{&quot;background_background&quot;:&quot;classic&quot;}\">\n\t\t\t\t<div class=\"elementor-element elementor-element-246cbd92 elementor-widget elementor-widget-heading\" data-id=\"246cbd92\" data-element_type=\"widget\" data-e-type=\"widget\" data-widget_type=\"heading.default\">\n\t\t\t\t<div class=\"elementor-widget-container\">\n\t\t\t\t\t<h2 class=\"elementor-heading-title elementor-size-default\"><a href=\"\/en\/wear-the-culture\/\">WEAR THE CULTURE<\/a><\/h2>\t\t\t\t<\/div>\n\t\t\t\t<\/div>\n\t\t\t\t<div class=\"elementor-element elementor-element-7c5e5b5 elementor-widget elementor-widget-heading\" data-id=\"7c5e5b5\" data-element_type=\"widget\" data-e-type=\"widget\" data-widget_type=\"heading.default\">\n\t\t\t\t<div class=\"elementor-widget-container\">\n\t\t\t\t\t<h2 class=\"elementor-heading-title elementor-size-default\">SPRING SUMMER 20\/21<\/h2>\t\t\t\t<\/div>\n\t\t\t\t<\/div>\n\t\t\t\t<\/div>\n\t\t\t\t\t<\/div>\n\t\t\t\t<\/div>\n\t\t\t\t<\/div>","protected":false},"excerpt":{"rendered":"<p>BOMBSHELL COLLECTION Monotonluktan uzakla\u015fmak isteyenlere yeni bir soluk getiren Bombshell Koleksiyonu, s\u0131n\u0131rl\u0131 say\u0131da \u00fcretilen konsept par\u00e7alardan olu\u015fuyor. Yaln\u0131zca 125 adet \u00fcretilen ve koleksiyonun ikonik par\u00e7alar\u0131ndan biri olan 1970 Series Denim Ceket i\u00e7in, T\u00fcrkiye\u2019nin farkl\u0131 b\u00f6lgelerindeki el tezgahlar\u0131nda el i\u015f\u00e7ili\u011fi ile \u00fcretilen 6 farkl\u0131 kilim kullan\u0131l\u0131yor. Isparta, Sivas, Bal\u0131kesir, U\u015fak ve Denizli gibi farkl\u0131 b\u00f6lgelerden gelen [&hellip;]<\/p>\n","protected":false},"author":1,"featured_media":0,"parent":0,"menu_order":0,"comment_status":"closed","ping_status":"closed","template":"template-canvas.php","meta":{"footnotes":""},"class_list":["post-1206","page","type-page","status-publish","hentry"],"_links":{"self":[{"href":"https:\/\/tapistr.com\/en\/wp-json\/wp\/v2\/pages\/1206","targetHints":{"allow":["GET"]}}],"collection":[{"href":"https:\/\/tapistr.com\/en\/wp-json\/wp\/v2\/pages"}],"about":[{"href":"https:\/\/tapistr.com\/en\/wp-json\/wp\/v2\/types\/page"}],"author":[{"embeddable":true,"href":"https:\/\/tapistr.com\/en\/wp-json\/wp\/v2\/users\/1"}],"replies":[{"embeddable":true,"href":"https:\/\/tapistr.com\/en\/wp-json\/wp\/v2\/comments?post=1206"}],"version-history":[{"count":4,"href":"https:\/\/tapistr.com\/en\/wp-json\/wp\/v2\/pages\/1206\/revisions"}],"predecessor-version":[{"id":1312,"href":"https:\/\/tapistr.com\/en\/wp-json\/wp\/v2\/pages\/1206\/revisions\/1312"}],"wp:attachment":[{"href":"https:\/\/tapistr.com\/en\/wp-json\/wp\/v2\/media?parent=1206"}],"curies":[{"name":"wp","href":"https:\/\/api.w.org\/{rel}","templated":true}]}}