{"id":1204,"date":"2024-03-31T09:30:58","date_gmt":"2024-03-31T06:30:58","guid":{"rendered":"https:\/\/tapistr.com\/?page_id=1204"},"modified":"2024-03-31T12:59:15","modified_gmt":"2024-03-31T09:59:15","slug":"the-birth-of-anatolia","status":"publish","type":"page","link":"https:\/\/tapistr.com\/en\/the-birth-of-anatolia\/","title":{"rendered":"THE BIRTH OF ANATOLIA"},"content":{"rendered":"<div data-elementor-type=\"wp-page\" data-elementor-id=\"1204\" class=\"elementor elementor-1204\" data-elementor-post-type=\"page\">\n\t\t\t\t<div class=\"elementor-element elementor-element-d891686 e-con-full e-flex e-con e-parent\" data-id=\"d891686\" data-element_type=\"container\" data-e-type=\"container\" data-settings=\"{&quot;background_background&quot;:&quot;classic&quot;}\">\n\t\t\t\t<div class=\"elementor-element elementor-element-6cdefd36 elementor-widget elementor-widget-heading\" data-id=\"6cdefd36\" data-element_type=\"widget\" data-e-type=\"widget\" data-widget_type=\"heading.default\">\n\t\t\t\t<div class=\"elementor-widget-container\">\n\t\t\t\t\t<h2 class=\"elementor-heading-title elementor-size-default\">THE BIRTH OF ANATOLIA<\/h2>\t\t\t\t<\/div>\n\t\t\t\t<\/div>\n\t\t\t\t<div class=\"elementor-element elementor-element-14040f35 elementor-widget elementor-widget-text-editor\" data-id=\"14040f35\" data-element_type=\"widget\" data-e-type=\"widget\" data-widget_type=\"text-editor.default\">\n\t\t\t\t<div class=\"elementor-widget-container\">\n\t\t\t\t\t\t\t\t\t<p>FALL WINTER 20\/21<\/p>\t\t\t\t\t\t\t\t<\/div>\n\t\t\t\t<\/div>\n\t\t\t\t<\/div>\n\t\t<div class=\"elementor-element elementor-element-770eec8 e-con-full e-flex e-con e-parent\" data-id=\"770eec8\" data-element_type=\"container\" data-e-type=\"container\">\n\t\t\t\t<div class=\"elementor-element elementor-element-4ac039dd elementor-widget elementor-widget-heading\" data-id=\"4ac039dd\" data-element_type=\"widget\" data-e-type=\"widget\" data-widget_type=\"heading.default\">\n\t\t\t\t<div class=\"elementor-widget-container\">\n\t\t\t\t\t<h2 class=\"elementor-heading-title elementor-size-default\">Blending traditional elements of Turkish and Anatolian culture with modern streetwear fashion, TAPIS presents its first collection: \u201cThe Birth of Anatolia\u201d.<\/h2>\t\t\t\t<\/div>\n\t\t\t\t<\/div>\n\t\t\t\t<\/div>\n\t\t<div class=\"elementor-element elementor-element-753ab856 e-con-full e-flex e-con e-parent\" data-id=\"753ab856\" data-element_type=\"container\" data-e-type=\"container\">\n\t\t<div class=\"elementor-element elementor-element-67599913 e-con-full e-flex e-con e-child\" data-id=\"67599913\" data-element_type=\"container\" data-e-type=\"container\">\n\t\t\t\t<div class=\"elementor-element elementor-element-7dfe3d99 elementor-widget elementor-widget-heading\" data-id=\"7dfe3d99\" data-element_type=\"widget\" data-e-type=\"widget\" data-widget_type=\"heading.default\">\n\t\t\t\t<div class=\"elementor-widget-container\">\n\t\t\t\t\t<h2 class=\"elementor-heading-title elementor-size-default\">From the intricate motifs of Turkish carpets to the bold geometry of Anatolian architecture, the collection features simple and sleek designs that pay homage to the region's past while remaining firmly rooted in the present.<\/h2>\t\t\t\t<\/div>\n\t\t\t\t<\/div>\n\t\t\t\t<\/div>\n\t\t<div class=\"elementor-element elementor-element-4d07146 e-con-full e-flex e-con e-child\" data-id=\"4d07146\" data-element_type=\"container\" data-e-type=\"container\">\n\t\t\t\t<div class=\"elementor-element elementor-element-3c2de07f elementor-widget elementor-widget-image\" data-id=\"3c2de07f\" data-element_type=\"widget\" data-e-type=\"widget\" data-widget_type=\"image.default\">\n\t\t\t\t<div class=\"elementor-widget-container\">\n\t\t\t\t\t\t\t\t\t\t\t\t\t\t\t<img fetchpriority=\"high\" decoding=\"async\" width=\"704\" height=\"735\" src=\"https:\/\/tapistr.com\/wp-content\/uploads\/2024\/03\/The-Birth-of-Anatolia-1.jpg\" class=\"attachment-full size-full wp-image-81\" alt=\"\" srcset=\"https:\/\/tapistr.com\/wp-content\/uploads\/2024\/03\/The-Birth-of-Anatolia-1.jpg 704w, https:\/\/tapistr.com\/wp-content\/uploads\/2024\/03\/The-Birth-of-Anatolia-1-150x157.jpg 150w, https:\/\/tapistr.com\/wp-content\/uploads\/2024\/03\/The-Birth-of-Anatolia-1-287x300.jpg 287w, https:\/\/tapistr.com\/wp-content\/uploads\/2024\/03\/The-Birth-of-Anatolia-1-11x12.jpg 11w, https:\/\/tapistr.com\/wp-content\/uploads\/2024\/03\/The-Birth-of-Anatolia-1-441x460.jpg 441w, https:\/\/tapistr.com\/wp-content\/uploads\/2024\/03\/The-Birth-of-Anatolia-1-420x438.jpg 420w\" sizes=\"(max-width: 704px) 100vw, 704px\" \/>\t\t\t\t\t\t\t\t\t\t\t\t\t\t\t<\/div>\n\t\t\t\t<\/div>\n\t\t\t\t<\/div>\n\t\t\t\t<\/div>\n\t\t<div class=\"elementor-element elementor-element-9217d15 e-con-full e-flex e-con e-parent\" data-id=\"9217d15\" data-element_type=\"container\" data-e-type=\"container\" data-settings=\"{&quot;background_background&quot;:&quot;classic&quot;}\">\n\t\t<div class=\"elementor-element elementor-element-8d8708e e-con-full e-flex e-con e-child\" data-id=\"8d8708e\" data-element_type=\"container\" data-e-type=\"container\" data-settings=\"{&quot;background_background&quot;:&quot;classic&quot;}\">\n\t\t\t\t<\/div>\n\t\t<div class=\"elementor-element elementor-element-effae96 e-con-full e-flex e-con e-child\" data-id=\"effae96\" data-element_type=\"container\" data-e-type=\"container\">\n\t\t\t\t<div class=\"elementor-element elementor-element-45ecc21d elementor-widget elementor-widget-heading\" data-id=\"45ecc21d\" data-element_type=\"widget\" data-e-type=\"widget\" data-widget_type=\"heading.default\">\n\t\t\t\t<div class=\"elementor-widget-container\">\n\t\t\t\t\t<h2 class=\"elementor-heading-title elementor-size-default\">One of the unique pieces from the collection, Ege Bergama Hoodie, features a unique design that incorporates a rug that was woven by hand over 60 years ago in the Bergama district of the Aegean region. <\/h2>\t\t\t\t<\/div>\n\t\t\t\t<\/div>\n\t\t\t\t<\/div>\n\t\t\t\t<\/div>\n\t\t<div class=\"elementor-element elementor-element-29c97a18 e-con-full e-flex e-con e-parent\" data-id=\"29c97a18\" data-element_type=\"container\" data-e-type=\"container\">\n\t\t<div class=\"elementor-element elementor-element-46d450bc e-con-full e-flex e-con e-child\" data-id=\"46d450bc\" data-element_type=\"container\" data-e-type=\"container\">\n\t\t\t\t<div class=\"elementor-element elementor-element-35c71c1a elementor-widget elementor-widget-heading\" data-id=\"35c71c1a\" data-element_type=\"widget\" data-e-type=\"widget\" data-widget_type=\"heading.default\">\n\t\t\t\t<div class=\"elementor-widget-container\">\n\t\t\t\t\t<h2 class=\"elementor-heading-title elementor-size-default\">Through its careful use of color, fabric, and texture, TAPIS invites you to experience the richness of Turkish and Anatolian culture in a fresh and contemporary way.<\/h2>\t\t\t\t<\/div>\n\t\t\t\t<\/div>\n\t\t\t\t<\/div>\n\t\t<div class=\"elementor-element elementor-element-3217bb24 e-con-full e-flex e-con e-child\" data-id=\"3217bb24\" data-element_type=\"container\" data-e-type=\"container\">\n\t\t\t\t<div class=\"elementor-element elementor-element-7aa03795 elementor-widget elementor-widget-image\" data-id=\"7aa03795\" data-element_type=\"widget\" data-e-type=\"widget\" data-widget_type=\"image.default\">\n\t\t\t\t<div class=\"elementor-widget-container\">\n\t\t\t\t\t\t\t\t\t\t\t\t\t\t\t<img decoding=\"async\" width=\"704\" height=\"735\" src=\"https:\/\/tapistr.com\/wp-content\/uploads\/2024\/03\/The-Birth-of-Anatolia-3.jpg\" class=\"attachment-full size-full wp-image-83\" alt=\"\" srcset=\"https:\/\/tapistr.com\/wp-content\/uploads\/2024\/03\/The-Birth-of-Anatolia-3.jpg 704w, https:\/\/tapistr.com\/wp-content\/uploads\/2024\/03\/The-Birth-of-Anatolia-3-150x157.jpg 150w, https:\/\/tapistr.com\/wp-content\/uploads\/2024\/03\/The-Birth-of-Anatolia-3-287x300.jpg 287w, https:\/\/tapistr.com\/wp-content\/uploads\/2024\/03\/The-Birth-of-Anatolia-3-11x12.jpg 11w, https:\/\/tapistr.com\/wp-content\/uploads\/2024\/03\/The-Birth-of-Anatolia-3-441x460.jpg 441w, https:\/\/tapistr.com\/wp-content\/uploads\/2024\/03\/The-Birth-of-Anatolia-3-420x438.jpg 420w\" sizes=\"(max-width: 704px) 100vw, 704px\" \/>\t\t\t\t\t\t\t\t\t\t\t\t\t\t\t<\/div>\n\t\t\t\t<\/div>\n\t\t\t\t<\/div>\n\t\t\t\t<\/div>\n\t\t<div class=\"elementor-element elementor-element-76539987 e-flex e-con-boxed e-con e-parent\" data-id=\"76539987\" data-element_type=\"container\" data-e-type=\"container\">\n\t\t\t\t\t<div class=\"e-con-inner\">\n\t\t<div class=\"elementor-element elementor-element-3f4d3ff0 e-con-full e-flex e-con e-child\" data-id=\"3f4d3ff0\" data-element_type=\"container\" data-e-type=\"container\">\n\t\t\t\t<div class=\"elementor-element elementor-element-380a9202 elementor-widget elementor-widget-image\" data-id=\"380a9202\" data-element_type=\"widget\" data-e-type=\"widget\" data-widget_type=\"image.default\">\n\t\t\t\t<div class=\"elementor-widget-container\">\n\t\t\t\t\t\t\t\t\t\t\t\t\t\t\t<img decoding=\"async\" src=\"https:\/\/tapistr.com\/wp-content\/uploads\/2024\/03\/The-Birth-Of-Anatolia-1-1-1200x1300.jpg\" title=\"The-Birth-Of-Anatolia-1.jpg\" alt=\"The-Birth-Of-Anatolia-1.jpg\" class=\"elementor-animation-float\" loading=\"lazy\" \/>\t\t\t\t\t\t\t\t\t\t\t\t\t\t\t<\/div>\n\t\t\t\t<\/div>\n\t\t\t\t<div class=\"elementor-element elementor-element-4a5626a8 elementor-widget elementor-widget-heading\" data-id=\"4a5626a8\" data-element_type=\"widget\" data-e-type=\"widget\" data-widget_type=\"heading.default\">\n\t\t\t\t<div class=\"elementor-widget-container\">\n\t\t\t\t\t<h2 class=\"elementor-heading-title elementor-size-default\">Hoodie Ege Bergama<\/h2>\t\t\t\t<\/div>\n\t\t\t\t<\/div>\n\t\t\t\t<\/div>\n\t\t<div class=\"elementor-element elementor-element-6487077c e-con-full e-flex e-con e-child\" data-id=\"6487077c\" data-element_type=\"container\" data-e-type=\"container\">\n\t\t\t\t<div class=\"elementor-element elementor-element-3f867a60 elementor-widget elementor-widget-image\" data-id=\"3f867a60\" data-element_type=\"widget\" data-e-type=\"widget\" data-widget_type=\"image.default\">\n\t\t\t\t<div class=\"elementor-widget-container\">\n\t\t\t\t\t\t\t\t\t\t\t\t\t\t\t<img decoding=\"async\" src=\"https:\/\/tapistr.com\/wp-content\/uploads\/2024\/03\/The-Birth-Of-Anatolia-2-1-1200x1300.jpg\" title=\"The-Birth-Of-Anatolia-2.jpg\" alt=\"The-Birth-Of-Anatolia-2.jpg\" class=\"elementor-animation-float\" loading=\"lazy\" \/>\t\t\t\t\t\t\t\t\t\t\t\t\t\t\t<\/div>\n\t\t\t\t<\/div>\n\t\t\t\t<div class=\"elementor-element elementor-element-466c4ea6 elementor-widget elementor-widget-heading\" data-id=\"466c4ea6\" data-element_type=\"widget\" data-e-type=\"widget\" data-widget_type=\"heading.default\">\n\t\t\t\t<div class=\"elementor-widget-container\">\n\t\t\t\t\t<h2 class=\"elementor-heading-title elementor-size-default\">TAPIS Eastern Pyramids Sweatshirt<\/h2>\t\t\t\t<\/div>\n\t\t\t\t<\/div>\n\t\t\t\t<\/div>\n\t\t<div class=\"elementor-element elementor-element-63793b50 e-con-full e-flex e-con e-child\" data-id=\"63793b50\" data-element_type=\"container\" data-e-type=\"container\">\n\t\t\t\t<div class=\"elementor-element elementor-element-266d73fe elementor-widget elementor-widget-image\" data-id=\"266d73fe\" data-element_type=\"widget\" data-e-type=\"widget\" data-widget_type=\"image.default\">\n\t\t\t\t<div class=\"elementor-widget-container\">\n\t\t\t\t\t\t\t\t\t\t\t\t\t\t\t<img decoding=\"async\" src=\"https:\/\/tapistr.com\/wp-content\/uploads\/2024\/03\/The-Birth-Of-Anatolia-4-1200x1300.jpg\" title=\"The-Birth-Of-Anatolia.jpg\" alt=\"The-Birth-Of-Anatolia.jpg\" class=\"elementor-animation-float\" loading=\"lazy\" \/>\t\t\t\t\t\t\t\t\t\t\t\t\t\t\t<\/div>\n\t\t\t\t<\/div>\n\t\t\t\t<div class=\"elementor-element elementor-element-4aa2da81 elementor-widget elementor-widget-heading\" data-id=\"4aa2da81\" data-element_type=\"widget\" data-e-type=\"widget\" data-widget_type=\"heading.default\">\n\t\t\t\t<div class=\"elementor-widget-container\">\n\t\t\t\t\t<h2 class=\"elementor-heading-title elementor-size-default\">TAPIS Anatolian Sun Sweatshirt<\/h2>\t\t\t\t<\/div>\n\t\t\t\t<\/div>\n\t\t\t\t<\/div>\n\t\t<div class=\"elementor-element elementor-element-617f9077 e-con-full e-flex e-con e-child\" data-id=\"617f9077\" data-element_type=\"container\" data-e-type=\"container\">\n\t\t\t\t<div class=\"elementor-element elementor-element-30d23cc9 elementor-widget elementor-widget-image\" data-id=\"30d23cc9\" data-element_type=\"widget\" data-e-type=\"widget\" data-widget_type=\"image.default\">\n\t\t\t\t<div class=\"elementor-widget-container\">\n\t\t\t\t\t\t\t\t\t\t\t\t\t\t\t<img decoding=\"async\" src=\"https:\/\/tapistr.com\/wp-content\/uploads\/2024\/03\/The-Birth-Of-Anatolia.-1-1200x1300.jpg\" title=\"The-Birth-Of-Anatolia.-1.jpg\" alt=\"The-Birth-Of-Anatolia.-1.jpg\" class=\"elementor-animation-float\" loading=\"lazy\" \/>\t\t\t\t\t\t\t\t\t\t\t\t\t\t\t<\/div>\n\t\t\t\t<\/div>\n\t\t\t\t<div class=\"elementor-element elementor-element-2e0d6559 elementor-widget elementor-widget-heading\" data-id=\"2e0d6559\" data-element_type=\"widget\" data-e-type=\"widget\" data-widget_type=\"heading.default\">\n\t\t\t\t<div class=\"elementor-widget-container\">\n\t\t\t\t\t<h2 class=\"elementor-heading-title elementor-size-default\">TAPIS Evil Eye Sweatshirt<\/h2>\t\t\t\t<\/div>\n\t\t\t\t<\/div>\n\t\t\t\t<\/div>\n\t\t\t\t\t<\/div>\n\t\t\t\t<\/div>\n\t\t<div class=\"elementor-element elementor-element-5f4c7ded e-con-full e-flex e-con e-parent\" data-id=\"5f4c7ded\" data-element_type=\"container\" data-e-type=\"container\">\n\t\t\t\t<div class=\"elementor-element elementor-element-21887cf8 elementor-widget-divider--view-line elementor-widget elementor-widget-divider\" data-id=\"21887cf8\" data-element_type=\"widget\" data-e-type=\"widget\" data-widget_type=\"divider.default\">\n\t\t\t\t<div class=\"elementor-widget-container\">\n\t\t\t\t\t\t\t<div class=\"elementor-divider\">\n\t\t\t<span class=\"elementor-divider-separator\">\n\t\t\t\t\t\t<\/span>\n\t\t<\/div>\n\t\t\t\t\t\t<\/div>\n\t\t\t\t<\/div>\n\t\t\t\t<\/div>\n\t\t<div class=\"elementor-element elementor-element-8b19bfa e-con-full e-flex e-con e-parent\" data-id=\"8b19bfa\" data-element_type=\"container\" data-e-type=\"container\">\n\t\t\t\t<div class=\"elementor-element elementor-element-72161849 elementor-widget elementor-widget-heading\" data-id=\"72161849\" data-element_type=\"widget\" data-e-type=\"widget\" data-widget_type=\"heading.default\">\n\t\t\t\t<div class=\"elementor-widget-container\">\n\t\t\t\t\t<h2 class=\"elementor-heading-title elementor-size-default\">Daha Fazla Ke\u015ffedin &gt;<\/h2>\t\t\t\t<\/div>\n\t\t\t\t<\/div>\n\t\t\t\t<\/div>\n\t\t<div class=\"elementor-element elementor-element-7bbd8b7d e-flex e-con-boxed e-con e-parent\" data-id=\"7bbd8b7d\" data-element_type=\"container\" data-e-type=\"container\">\n\t\t\t\t\t<div class=\"e-con-inner\">\n\t\t<div class=\"elementor-element elementor-element-f878d04 e-con-full e-flex e-con e-child\" data-id=\"f878d04\" data-element_type=\"container\" data-e-type=\"container\" data-settings=\"{&quot;background_background&quot;:&quot;classic&quot;}\">\n\t\t\t\t<div class=\"elementor-element elementor-element-2a4b485c elementor-widget elementor-widget-heading\" data-id=\"2a4b485c\" data-element_type=\"widget\" data-e-type=\"widget\" data-widget_type=\"heading.default\">\n\t\t\t\t<div class=\"elementor-widget-container\">\n\t\t\t\t\t<h2 class=\"elementor-heading-title elementor-size-default\"><a href=\"\/en\/bombshellcollection\/\">BOMBSHELL COLLECTION<\/a><\/h2>\t\t\t\t<\/div>\n\t\t\t\t<\/div>\n\t\t\t\t<\/div>\n\t\t<div class=\"elementor-element elementor-element-4b29afe6 e-con-full e-flex e-con e-child\" data-id=\"4b29afe6\" data-element_type=\"container\" data-e-type=\"container\" data-settings=\"{&quot;background_background&quot;:&quot;classic&quot;}\">\n\t\t\t\t<div class=\"elementor-element elementor-element-5da86be8 elementor-widget elementor-widget-heading\" data-id=\"5da86be8\" data-element_type=\"widget\" data-e-type=\"widget\" data-widget_type=\"heading.default\">\n\t\t\t\t<div class=\"elementor-widget-container\">\n\t\t\t\t\t<h2 class=\"elementor-heading-title elementor-size-default\"><a href=\"\/en\/wear-the-culture\/\">WEAR THE CULTURE<\/a><\/h2>\t\t\t\t<\/div>\n\t\t\t\t<\/div>\n\t\t\t\t<div class=\"elementor-element elementor-element-39630198 elementor-widget elementor-widget-heading\" data-id=\"39630198\" data-element_type=\"widget\" data-e-type=\"widget\" data-widget_type=\"heading.default\">\n\t\t\t\t<div class=\"elementor-widget-container\">\n\t\t\t\t\t<h2 class=\"elementor-heading-title elementor-size-default\">SPRING SUMMER 20\/21<\/h2>\t\t\t\t<\/div>\n\t\t\t\t<\/div>\n\t\t\t\t<\/div>\n\t\t\t\t\t<\/div>\n\t\t\t\t<\/div>\n\t\t\t\t<\/div>","protected":false},"excerpt":{"rendered":"<p>THE BIRTH OF ANATOLIA FALL WINTER 20\/21 Anadolu k\u00fclt\u00fcr\u00fcn\u00fcn geleneksel \u00f6\u011felerini modern sokak giyim modas\u0131yla harmanlayan TAPIS, ilk koleksiyonu \u201cThe Birth of Anatolia\u201dy\u0131 sunuyor. T\u00fcrk hal\u0131lar\u0131n\u0131n karma\u015f\u0131k motiflerinden ve Anadolu mimarisinin cesur geometrisinden ilham alan koleksiyon, gelenekseli modern modaya ta\u015f\u0131yan sade ve \u015f\u0131k tasar\u0131mlar i\u00e7eriyor. Koleksiyonun ikonik par\u00e7alar\u0131ndan Ege Bergama Hoodie\u2019de; Ege b\u00f6lgesinin Bergama il\u00e7esinde, [&hellip;]<\/p>\n","protected":false},"author":1,"featured_media":0,"parent":0,"menu_order":0,"comment_status":"closed","ping_status":"closed","template":"template-canvas.php","meta":{"footnotes":""},"class_list":["post-1204","page","type-page","status-publish","hentry"],"_links":{"self":[{"href":"https:\/\/tapistr.com\/en\/wp-json\/wp\/v2\/pages\/1204","targetHints":{"allow":["GET"]}}],"collection":[{"href":"https:\/\/tapistr.com\/en\/wp-json\/wp\/v2\/pages"}],"about":[{"href":"https:\/\/tapistr.com\/en\/wp-json\/wp\/v2\/types\/page"}],"author":[{"embeddable":true,"href":"https:\/\/tapistr.com\/en\/wp-json\/wp\/v2\/users\/1"}],"replies":[{"embeddable":true,"href":"https:\/\/tapistr.com\/en\/wp-json\/wp\/v2\/comments?post=1204"}],"version-history":[{"count":4,"href":"https:\/\/tapistr.com\/en\/wp-json\/wp\/v2\/pages\/1204\/revisions"}],"predecessor-version":[{"id":1305,"href":"https:\/\/tapistr.com\/en\/wp-json\/wp\/v2\/pages\/1204\/revisions\/1305"}],"wp:attachment":[{"href":"https:\/\/tapistr.com\/en\/wp-json\/wp\/v2\/media?parent=1204"}],"curies":[{"name":"wp","href":"https:\/\/api.w.org\/{rel}","templated":true}]}}