{"id":1202,"date":"2024-03-31T09:30:26","date_gmt":"2024-03-31T06:30:26","guid":{"rendered":"https:\/\/tapistr.com\/?page_id=1202"},"modified":"2024-03-31T12:59:10","modified_gmt":"2024-03-31T09:59:10","slug":"wear-the-culture","status":"publish","type":"page","link":"https:\/\/tapistr.com\/en\/wear-the-culture\/","title":{"rendered":"WEAR THE CULTURE"},"content":{"rendered":"<div data-elementor-type=\"wp-page\" data-elementor-id=\"1202\" class=\"elementor elementor-1202\" data-elementor-post-type=\"page\">\n\t\t\t\t<div class=\"elementor-element elementor-element-6e2d5e1a e-con-full e-flex e-con e-parent\" data-id=\"6e2d5e1a\" data-element_type=\"container\" data-e-type=\"container\" data-settings=\"{&quot;background_background&quot;:&quot;classic&quot;}\">\n\t\t\t\t<div class=\"elementor-element elementor-element-22ac81d1 elementor-widget elementor-widget-heading\" data-id=\"22ac81d1\" data-element_type=\"widget\" data-e-type=\"widget\" data-widget_type=\"heading.default\">\n\t\t\t\t<div class=\"elementor-widget-container\">\n\t\t\t\t\t<h2 class=\"elementor-heading-title elementor-size-default\">WEAR YOUR CULTURE<\/h2>\t\t\t\t<\/div>\n\t\t\t\t<\/div>\n\t\t\t\t<div class=\"elementor-element elementor-element-31f6cbb5 elementor-widget elementor-widget-text-editor\" data-id=\"31f6cbb5\" data-element_type=\"widget\" data-e-type=\"widget\" data-widget_type=\"text-editor.default\">\n\t\t\t\t<div class=\"elementor-widget-container\">\n\t\t\t\t\t\t\t\t\t<p>SPRING SUMMER 20\/21<\/p>\t\t\t\t\t\t\t\t<\/div>\n\t\t\t\t<\/div>\n\t\t\t\t<\/div>\n\t\t<div class=\"elementor-element elementor-element-61100558 e-con-full e-flex e-con e-parent\" data-id=\"61100558\" data-element_type=\"container\" data-e-type=\"container\">\n\t\t\t\t<div class=\"elementor-element elementor-element-3790c4c8 elementor-widget elementor-widget-heading\" data-id=\"3790c4c8\" data-element_type=\"widget\" data-e-type=\"widget\" data-widget_type=\"heading.default\">\n\t\t\t\t<div class=\"elementor-widget-container\">\n\t\t\t\t\t<h2 class=\"elementor-heading-title elementor-size-default\">Introducing \"Wear Your Culture\", the exciting new collaboration between TAPIS and Pier Habib, that blends the worlds of fashion and pastry-making like never before.<\/h2>\t\t\t\t<\/div>\n\t\t\t\t<\/div>\n\t\t\t\t<\/div>\n\t\t<div class=\"elementor-element elementor-element-7aed9d5d e-con-full e-flex e-con e-parent\" data-id=\"7aed9d5d\" data-element_type=\"container\" data-e-type=\"container\">\n\t\t<div class=\"elementor-element elementor-element-36588213 e-con-full e-flex e-con e-child\" data-id=\"36588213\" data-element_type=\"container\" data-e-type=\"container\">\n\t\t\t\t<div class=\"elementor-element elementor-element-46388ca9 elementor-widget elementor-widget-heading\" data-id=\"46388ca9\" data-element_type=\"widget\" data-e-type=\"widget\" data-widget_type=\"heading.default\">\n\t\t\t\t<div class=\"elementor-widget-container\">\n\t\t\t\t\t<h2 class=\"elementor-heading-title elementor-size-default\">This limited edition collection celebrates the artistry and craftsmanship of both fashion and pastry-making, bringing together two unique brands in a truly unique way.<\/h2>\t\t\t\t<\/div>\n\t\t\t\t<\/div>\n\t\t\t\t<\/div>\n\t\t<div class=\"elementor-element elementor-element-3073371d e-con-full e-flex e-con e-child\" data-id=\"3073371d\" data-element_type=\"container\" data-e-type=\"container\">\n\t\t\t\t<div class=\"elementor-element elementor-element-743ec6f4 elementor-widget elementor-widget-image\" data-id=\"743ec6f4\" data-element_type=\"widget\" data-e-type=\"widget\" data-widget_type=\"image.default\">\n\t\t\t\t<div class=\"elementor-widget-container\">\n\t\t\t\t\t\t\t\t\t\t\t\t\t\t\t<img fetchpriority=\"high\" decoding=\"async\" width=\"704\" height=\"735\" src=\"https:\/\/tapistr.com\/wp-content\/uploads\/2024\/03\/Wear-Your-Culture-1.jpg\" class=\"attachment-full size-full wp-image-93\" alt=\"\" srcset=\"https:\/\/tapistr.com\/wp-content\/uploads\/2024\/03\/Wear-Your-Culture-1.jpg 704w, https:\/\/tapistr.com\/wp-content\/uploads\/2024\/03\/Wear-Your-Culture-1-150x157.jpg 150w, https:\/\/tapistr.com\/wp-content\/uploads\/2024\/03\/Wear-Your-Culture-1-287x300.jpg 287w, https:\/\/tapistr.com\/wp-content\/uploads\/2024\/03\/Wear-Your-Culture-1-11x12.jpg 11w, https:\/\/tapistr.com\/wp-content\/uploads\/2024\/03\/Wear-Your-Culture-1-441x460.jpg 441w, https:\/\/tapistr.com\/wp-content\/uploads\/2024\/03\/Wear-Your-Culture-1-420x438.jpg 420w\" sizes=\"(max-width: 704px) 100vw, 704px\" \/>\t\t\t\t\t\t\t\t\t\t\t\t\t\t\t<\/div>\n\t\t\t\t<\/div>\n\t\t\t\t<\/div>\n\t\t\t\t<\/div>\n\t\t<div class=\"elementor-element elementor-element-295d6486 e-con-full e-flex e-con e-parent\" data-id=\"295d6486\" data-element_type=\"container\" data-e-type=\"container\" data-settings=\"{&quot;background_background&quot;:&quot;classic&quot;}\">\n\t\t<div class=\"elementor-element elementor-element-71744e3a e-con-full e-flex e-con e-child\" data-id=\"71744e3a\" data-element_type=\"container\" data-e-type=\"container\">\n\t\t\t\t<div class=\"elementor-element elementor-element-5e820785 elementor-widget elementor-widget-image\" data-id=\"5e820785\" data-element_type=\"widget\" data-e-type=\"widget\" data-widget_type=\"image.default\">\n\t\t\t\t<div class=\"elementor-widget-container\">\n\t\t\t\t\t\t\t\t\t\t\t\t\t\t\t<img decoding=\"async\" width=\"720\" height=\"492\" src=\"https:\/\/tapistr.com\/wp-content\/uploads\/2024\/03\/Wear-Your-Culture-2.png\" class=\"attachment-full size-full wp-image-94\" alt=\"\" srcset=\"https:\/\/tapistr.com\/wp-content\/uploads\/2024\/03\/Wear-Your-Culture-2.png 720w, https:\/\/tapistr.com\/wp-content\/uploads\/2024\/03\/Wear-Your-Culture-2-150x103.png 150w, https:\/\/tapistr.com\/wp-content\/uploads\/2024\/03\/Wear-Your-Culture-2-300x205.png 300w, https:\/\/tapistr.com\/wp-content\/uploads\/2024\/03\/Wear-Your-Culture-2-18x12.png 18w, https:\/\/tapistr.com\/wp-content\/uploads\/2024\/03\/Wear-Your-Culture-2-441x301.png 441w, https:\/\/tapistr.com\/wp-content\/uploads\/2024\/03\/Wear-Your-Culture-2-420x287.png 420w\" sizes=\"(max-width: 720px) 100vw, 720px\" \/>\t\t\t\t\t\t\t\t\t\t\t\t\t\t\t<\/div>\n\t\t\t\t<\/div>\n\t\t\t\t<\/div>\n\t\t<div class=\"elementor-element elementor-element-37841a0f e-con-full e-flex e-con e-child\" data-id=\"37841a0f\" data-element_type=\"container\" data-e-type=\"container\">\n\t\t\t\t<div class=\"elementor-element elementor-element-18cf2f1b elementor-widget elementor-widget-heading\" data-id=\"18cf2f1b\" data-element_type=\"widget\" data-e-type=\"widget\" data-widget_type=\"heading.default\">\n\t\t\t\t<div class=\"elementor-widget-container\">\n\t\t\t\t\t<h2 class=\"elementor-heading-title elementor-size-default\">This collaboration is not only a celebration of craftsmanship and creativity, but also a homage to the traditional art and culture of both fashion and pastry-making.<\/h2>\t\t\t\t<\/div>\n\t\t\t\t<\/div>\n\t\t\t\t<\/div>\n\t\t\t\t<\/div>\n\t\t<div class=\"elementor-element elementor-element-76a00bb8 e-con-full e-flex e-con e-parent\" data-id=\"76a00bb8\" data-element_type=\"container\" data-e-type=\"container\">\n\t\t<div class=\"elementor-element elementor-element-258d97b1 e-con-full e-flex e-con e-child\" data-id=\"258d97b1\" data-element_type=\"container\" data-e-type=\"container\">\n\t\t\t\t<div class=\"elementor-element elementor-element-6ff35094 elementor-widget elementor-widget-heading\" data-id=\"6ff35094\" data-element_type=\"widget\" data-e-type=\"widget\" data-widget_type=\"heading.default\">\n\t\t\t\t<div class=\"elementor-widget-container\">\n\t\t\t\t\t<h2 class=\"elementor-heading-title elementor-size-default\">By blending these two art forms in a unique way, \"Wear Your Culture\" showcases the beauty and richness of these traditional practices and brings them to a wider audience.<\/h2>\t\t\t\t<\/div>\n\t\t\t\t<\/div>\n\t\t\t\t<\/div>\n\t\t<div class=\"elementor-element elementor-element-32e6f958 e-con-full e-flex e-con e-child\" data-id=\"32e6f958\" data-element_type=\"container\" data-e-type=\"container\">\n\t\t\t\t<div class=\"elementor-element elementor-element-1f769c2c elementor-widget elementor-widget-image\" data-id=\"1f769c2c\" data-element_type=\"widget\" data-e-type=\"widget\" data-widget_type=\"image.default\">\n\t\t\t\t<div class=\"elementor-widget-container\">\n\t\t\t\t\t\t\t\t\t\t\t\t\t\t\t<img decoding=\"async\" width=\"704\" height=\"735\" src=\"https:\/\/tapistr.com\/wp-content\/uploads\/2024\/03\/Wear-Your-Culture-3.jpg\" class=\"attachment-full size-full wp-image-95\" alt=\"\" srcset=\"https:\/\/tapistr.com\/wp-content\/uploads\/2024\/03\/Wear-Your-Culture-3.jpg 704w, https:\/\/tapistr.com\/wp-content\/uploads\/2024\/03\/Wear-Your-Culture-3-150x157.jpg 150w, https:\/\/tapistr.com\/wp-content\/uploads\/2024\/03\/Wear-Your-Culture-3-287x300.jpg 287w, https:\/\/tapistr.com\/wp-content\/uploads\/2024\/03\/Wear-Your-Culture-3-11x12.jpg 11w, https:\/\/tapistr.com\/wp-content\/uploads\/2024\/03\/Wear-Your-Culture-3-441x460.jpg 441w, https:\/\/tapistr.com\/wp-content\/uploads\/2024\/03\/Wear-Your-Culture-3-420x438.jpg 420w\" sizes=\"(max-width: 704px) 100vw, 704px\" \/>\t\t\t\t\t\t\t\t\t\t\t\t\t\t\t<\/div>\n\t\t\t\t<\/div>\n\t\t\t\t<\/div>\n\t\t\t\t<\/div>\n\t\t<div class=\"elementor-element elementor-element-2e95ca8 e-flex e-con-boxed e-con e-parent\" data-id=\"2e95ca8\" data-element_type=\"container\" data-e-type=\"container\">\n\t\t\t\t\t<div class=\"e-con-inner\">\n\t\t<div class=\"elementor-element elementor-element-50152464 e-con-full e-flex e-con e-child\" data-id=\"50152464\" data-element_type=\"container\" data-e-type=\"container\">\n\t\t\t\t<div class=\"elementor-element elementor-element-2ae60f63 elementor-widget elementor-widget-image\" data-id=\"2ae60f63\" data-element_type=\"widget\" data-e-type=\"widget\" data-widget_type=\"image.default\">\n\t\t\t\t<div class=\"elementor-widget-container\">\n\t\t\t\t\t\t\t\t\t\t\t\t\t\t\t<img decoding=\"async\" src=\"https:\/\/tapistr.com\/wp-content\/uploads\/2024\/03\/Wear-Your-Culture-1-TAPIS-Eastern-Floral-Tee--1300x1300.png\" title=\"Wear-Your-Culture-1-TAPIS-Eastern-Floral-Tee-.png\" alt=\"Wear-Your-Culture-1-TAPIS-Eastern-Floral-Tee-.png\" class=\"elementor-animation-float\" loading=\"lazy\" \/>\t\t\t\t\t\t\t\t\t\t\t\t\t\t\t<\/div>\n\t\t\t\t<\/div>\n\t\t\t\t<div class=\"elementor-element elementor-element-68ed68be elementor-widget elementor-widget-heading\" data-id=\"68ed68be\" data-element_type=\"widget\" data-e-type=\"widget\" data-widget_type=\"heading.default\">\n\t\t\t\t<div class=\"elementor-widget-container\">\n\t\t\t\t\t<h2 class=\"elementor-heading-title elementor-size-default\">TAPIS Eastern Floral Tee<\/h2>\t\t\t\t<\/div>\n\t\t\t\t<\/div>\n\t\t\t\t<\/div>\n\t\t<div class=\"elementor-element elementor-element-4bd19597 e-con-full e-flex e-con e-child\" data-id=\"4bd19597\" data-element_type=\"container\" data-e-type=\"container\">\n\t\t\t\t<div class=\"elementor-element elementor-element-23cc0cec elementor-widget elementor-widget-image\" data-id=\"23cc0cec\" data-element_type=\"widget\" data-e-type=\"widget\" data-widget_type=\"image.default\">\n\t\t\t\t<div class=\"elementor-widget-container\">\n\t\t\t\t\t\t\t\t\t\t\t\t\t\t\t<img decoding=\"async\" src=\"https:\/\/tapistr.com\/wp-content\/uploads\/2024\/03\/Wear-Your-Culture-2-TAPIS-x-Pier-Habib--1300x1300.png\" title=\"Wear-Your-Culture-2-TAPIS-x-Pier-Habib-.png\" alt=\"Wear-Your-Culture-2-TAPIS-x-Pier-Habib-.png\" class=\"elementor-animation-float\" loading=\"lazy\" \/>\t\t\t\t\t\t\t\t\t\t\t\t\t\t\t<\/div>\n\t\t\t\t<\/div>\n\t\t\t\t<div class=\"elementor-element elementor-element-168916f9 elementor-widget elementor-widget-heading\" data-id=\"168916f9\" data-element_type=\"widget\" data-e-type=\"widget\" data-widget_type=\"heading.default\">\n\t\t\t\t<div class=\"elementor-widget-container\">\n\t\t\t\t\t<h2 class=\"elementor-heading-title elementor-size-default\">TAPIS x Pier Habib<\/h2>\t\t\t\t<\/div>\n\t\t\t\t<\/div>\n\t\t\t\t<\/div>\n\t\t<div class=\"elementor-element elementor-element-6d88eb3f e-con-full e-flex e-con e-child\" data-id=\"6d88eb3f\" data-element_type=\"container\" data-e-type=\"container\">\n\t\t\t\t<div class=\"elementor-element elementor-element-223caf78 elementor-widget elementor-widget-image\" data-id=\"223caf78\" data-element_type=\"widget\" data-e-type=\"widget\" data-widget_type=\"image.default\">\n\t\t\t\t<div class=\"elementor-widget-container\">\n\t\t\t\t\t\t\t\t\t\t\t\t\t\t\t<img decoding=\"async\" src=\"https:\/\/tapistr.com\/wp-content\/uploads\/2024\/03\/Wear-Your-Culture-3-TAPIS-Neocultural-Tee-.-e1679920626587-1300x1300.jpeg\" title=\"Wear-Your-Culture-3-TAPIS-Neocultural-Tee-.-e1679920626587.jpeg\" alt=\"Wear-Your-Culture-3-TAPIS-Neocultural-Tee-.-e1679920626587.jpeg\" class=\"elementor-animation-float\" loading=\"lazy\" \/>\t\t\t\t\t\t\t\t\t\t\t\t\t\t\t<\/div>\n\t\t\t\t<\/div>\n\t\t\t\t<div class=\"elementor-element elementor-element-73a9b0ac elementor-widget elementor-widget-heading\" data-id=\"73a9b0ac\" data-element_type=\"widget\" data-e-type=\"widget\" data-widget_type=\"heading.default\">\n\t\t\t\t<div class=\"elementor-widget-container\">\n\t\t\t\t\t<h2 class=\"elementor-heading-title elementor-size-default\">TAPIS Neocultural Tee<\/h2>\t\t\t\t<\/div>\n\t\t\t\t<\/div>\n\t\t\t\t<\/div>\n\t\t<div class=\"elementor-element elementor-element-60e65629 e-con-full e-flex e-con e-child\" data-id=\"60e65629\" data-element_type=\"container\" data-e-type=\"container\">\n\t\t\t\t<div class=\"elementor-element elementor-element-13af2eb1 elementor-widget elementor-widget-image\" data-id=\"13af2eb1\" data-element_type=\"widget\" data-e-type=\"widget\" data-widget_type=\"image.default\">\n\t\t\t\t<div class=\"elementor-widget-container\">\n\t\t\t\t\t\t\t\t\t\t\t\t\t\t\t<img decoding=\"async\" src=\"https:\/\/tapistr.com\/wp-content\/uploads\/2024\/03\/Wear-Your-Culture-4-TAPIS-Neocultural-Tee-1-e1679920659501-1300x1300.jpeg\" title=\"Wear-Your-Culture-4-TAPIS-Neocultural-Tee-1-e1679920659501.jpeg\" alt=\"Wear-Your-Culture-4-TAPIS-Neocultural-Tee-1-e1679920659501.jpeg\" class=\"elementor-animation-float\" loading=\"lazy\" \/>\t\t\t\t\t\t\t\t\t\t\t\t\t\t\t<\/div>\n\t\t\t\t<\/div>\n\t\t\t\t<div class=\"elementor-element elementor-element-7e1ce64b elementor-widget elementor-widget-heading\" data-id=\"7e1ce64b\" data-element_type=\"widget\" data-e-type=\"widget\" data-widget_type=\"heading.default\">\n\t\t\t\t<div class=\"elementor-widget-container\">\n\t\t\t\t\t<h2 class=\"elementor-heading-title elementor-size-default\">TAPIS Neocultural Tee<\/h2>\t\t\t\t<\/div>\n\t\t\t\t<\/div>\n\t\t\t\t<\/div>\n\t\t\t\t\t<\/div>\n\t\t\t\t<\/div>\n\t\t<div class=\"elementor-element elementor-element-48c17662 e-con-full e-flex e-con e-parent\" data-id=\"48c17662\" data-element_type=\"container\" data-e-type=\"container\">\n\t\t\t\t<div class=\"elementor-element elementor-element-59faf40a elementor-widget-divider--view-line elementor-widget elementor-widget-divider\" data-id=\"59faf40a\" data-element_type=\"widget\" data-e-type=\"widget\" data-widget_type=\"divider.default\">\n\t\t\t\t<div class=\"elementor-widget-container\">\n\t\t\t\t\t\t\t<div class=\"elementor-divider\">\n\t\t\t<span class=\"elementor-divider-separator\">\n\t\t\t\t\t\t<\/span>\n\t\t<\/div>\n\t\t\t\t\t\t<\/div>\n\t\t\t\t<\/div>\n\t\t\t\t<\/div>\n\t\t<div class=\"elementor-element elementor-element-e232b1f e-con-full e-flex e-con e-parent\" data-id=\"e232b1f\" data-element_type=\"container\" data-e-type=\"container\">\n\t\t\t\t<div class=\"elementor-element elementor-element-2466a509 elementor-widget elementor-widget-heading\" data-id=\"2466a509\" data-element_type=\"widget\" data-e-type=\"widget\" data-widget_type=\"heading.default\">\n\t\t\t\t<div class=\"elementor-widget-container\">\n\t\t\t\t\t<h2 class=\"elementor-heading-title elementor-size-default\">Daha Fazla Ke\u015ffedin &gt;<\/h2>\t\t\t\t<\/div>\n\t\t\t\t<\/div>\n\t\t\t\t<\/div>\n\t\t<div class=\"elementor-element elementor-element-12e66a66 e-flex e-con-boxed e-con e-parent\" data-id=\"12e66a66\" data-element_type=\"container\" data-e-type=\"container\">\n\t\t\t\t\t<div class=\"e-con-inner\">\n\t\t<div class=\"elementor-element elementor-element-15199f0f e-con-full e-flex e-con e-child\" data-id=\"15199f0f\" data-element_type=\"container\" data-e-type=\"container\" data-settings=\"{&quot;background_background&quot;:&quot;classic&quot;}\">\n\t\t\t\t<div class=\"elementor-element elementor-element-6485870f elementor-widget elementor-widget-heading\" data-id=\"6485870f\" data-element_type=\"widget\" data-e-type=\"widget\" data-widget_type=\"heading.default\">\n\t\t\t\t<div class=\"elementor-widget-container\">\n\t\t\t\t\t<h2 class=\"elementor-heading-title elementor-size-default\"><a href=\"\/en\/showcase\/\">SHOWCASE<\/a><\/h2>\t\t\t\t<\/div>\n\t\t\t\t<\/div>\n\t\t\t\t<div class=\"elementor-element elementor-element-8bf8fe7 elementor-widget elementor-widget-heading\" data-id=\"8bf8fe7\" data-element_type=\"widget\" data-e-type=\"widget\" data-widget_type=\"heading.default\">\n\t\t\t\t<div class=\"elementor-widget-container\">\n\t\t\t\t\t<h2 class=\"elementor-heading-title elementor-size-default\">FALL WINTER 21\/22<\/h2>\t\t\t\t<\/div>\n\t\t\t\t<\/div>\n\t\t\t\t<\/div>\n\t\t<div class=\"elementor-element elementor-element-3f0db3f4 e-con-full e-flex e-con e-child\" data-id=\"3f0db3f4\" data-element_type=\"container\" data-e-type=\"container\" data-settings=\"{&quot;background_background&quot;:&quot;classic&quot;}\">\n\t\t\t\t<div class=\"elementor-element elementor-element-3ffa3a2e elementor-widget elementor-widget-heading\" data-id=\"3ffa3a2e\" data-element_type=\"widget\" data-e-type=\"widget\" data-widget_type=\"heading.default\">\n\t\t\t\t<div class=\"elementor-widget-container\">\n\t\t\t\t\t<h2 class=\"elementor-heading-title elementor-size-default\"><a href=\"\/en\/hello-world\/\">HELLO WORLD<\/a><\/h2>\t\t\t\t<\/div>\n\t\t\t\t<\/div>\n\t\t\t\t<div class=\"elementor-element elementor-element-fb9f974 elementor-widget elementor-widget-heading\" data-id=\"fb9f974\" data-element_type=\"widget\" data-e-type=\"widget\" data-widget_type=\"heading.default\">\n\t\t\t\t<div class=\"elementor-widget-container\">\n\t\t\t\t\t<h2 class=\"elementor-heading-title elementor-size-default\">FALL WINTER 22\/23<\/h2>\t\t\t\t<\/div>\n\t\t\t\t<\/div>\n\t\t\t\t<\/div>\n\t\t\t\t\t<\/div>\n\t\t\t\t<\/div>\n\t\t\t\t<\/div>","protected":false},"excerpt":{"rendered":"<p>WEAR YOUR CULTURE SPRING SUMMER 20\/21 Geleneksel tatlar\u0131n ve modern modayla birle\u015fimini yans\u0131tan &#8220;Wear Your Culture&#8221; Koleksiyonu ile TAPIS, baklava markas\u0131 Pier Habib ile i\u015f birli\u011fini sunuyor. S\u0131n\u0131rl\u0131 say\u0131da \u00fcretilen bu koleksiyon, hem modan\u0131n hem de baklava yap\u0131m\u0131n\u0131n sanat\u0131n\u0131 ve ustal\u0131\u011f\u0131n\u0131 kutlayarak iki e\u015fsiz markay\u0131 benzersiz bir \u015fekilde bir araya getiriyor. Koleksiyona \u00f6zel bu ti\u015f\u00f6rtte, [&hellip;]<\/p>\n","protected":false},"author":1,"featured_media":0,"parent":0,"menu_order":0,"comment_status":"closed","ping_status":"closed","template":"template-canvas.php","meta":{"footnotes":""},"class_list":["post-1202","page","type-page","status-publish","hentry"],"_links":{"self":[{"href":"https:\/\/tapistr.com\/en\/wp-json\/wp\/v2\/pages\/1202","targetHints":{"allow":["GET"]}}],"collection":[{"href":"https:\/\/tapistr.com\/en\/wp-json\/wp\/v2\/pages"}],"about":[{"href":"https:\/\/tapistr.com\/en\/wp-json\/wp\/v2\/types\/page"}],"author":[{"embeddable":true,"href":"https:\/\/tapistr.com\/en\/wp-json\/wp\/v2\/users\/1"}],"replies":[{"embeddable":true,"href":"https:\/\/tapistr.com\/en\/wp-json\/wp\/v2\/comments?post=1202"}],"version-history":[{"count":4,"href":"https:\/\/tapistr.com\/en\/wp-json\/wp\/v2\/pages\/1202\/revisions"}],"predecessor-version":[{"id":1298,"href":"https:\/\/tapistr.com\/en\/wp-json\/wp\/v2\/pages\/1202\/revisions\/1298"}],"wp:attachment":[{"href":"https:\/\/tapistr.com\/en\/wp-json\/wp\/v2\/media?parent=1202"}],"curies":[{"name":"wp","href":"https:\/\/api.w.org\/{rel}","templated":true}]}}