{"id":1200,"date":"2024-03-31T09:29:55","date_gmt":"2024-03-31T06:29:55","guid":{"rendered":"https:\/\/tapistr.com\/?page_id=1200"},"modified":"2024-03-31T12:58:51","modified_gmt":"2024-03-31T09:58:51","slug":"showcase","status":"publish","type":"page","link":"https:\/\/tapistr.com\/en\/showcase\/","title":{"rendered":"SHOWCASE"},"content":{"rendered":"<div data-elementor-type=\"wp-page\" data-elementor-id=\"1200\" class=\"elementor elementor-1200\" data-elementor-post-type=\"page\">\n\t\t\t\t<div class=\"elementor-element elementor-element-3778c722 e-con-full e-flex e-con e-parent\" data-id=\"3778c722\" data-element_type=\"container\" data-e-type=\"container\" data-settings=\"{&quot;background_background&quot;:&quot;classic&quot;}\">\n\t\t\t\t<div class=\"elementor-element elementor-element-2bd063b9 elementor-widget elementor-widget-heading\" data-id=\"2bd063b9\" data-element_type=\"widget\" data-e-type=\"widget\" data-widget_type=\"heading.default\">\n\t\t\t\t<div class=\"elementor-widget-container\">\n\t\t\t\t\t<h2 class=\"elementor-heading-title elementor-size-default\">SHOWCASE<\/h2>\t\t\t\t<\/div>\n\t\t\t\t<\/div>\n\t\t\t\t<div class=\"elementor-element elementor-element-6415faec elementor-widget elementor-widget-text-editor\" data-id=\"6415faec\" data-element_type=\"widget\" data-e-type=\"widget\" data-widget_type=\"text-editor.default\">\n\t\t\t\t<div class=\"elementor-widget-container\">\n\t\t\t\t\t\t\t\t\t<p>FALL WINTER 21\/22<\/p>\t\t\t\t\t\t\t\t<\/div>\n\t\t\t\t<\/div>\n\t\t\t\t<\/div>\n\t\t<div class=\"elementor-element elementor-element-5e97f786 e-con-full e-flex e-con e-parent\" data-id=\"5e97f786\" data-element_type=\"container\" data-e-type=\"container\">\n\t\t\t\t<div class=\"elementor-element elementor-element-46d2faa1 elementor-widget elementor-widget-heading\" data-id=\"46d2faa1\" data-element_type=\"widget\" data-e-type=\"widget\" data-widget_type=\"heading.default\">\n\t\t\t\t<div class=\"elementor-widget-container\">\n\t\t\t\t\t<h2 class=\"elementor-heading-title elementor-size-default\">This collection is the first to physically appear in contracted sales points, and it is a true reflection of the brand's unique style and heritage.<\/h2>\t\t\t\t<\/div>\n\t\t\t\t<\/div>\n\t\t\t\t<\/div>\n\t\t<div class=\"elementor-element elementor-element-ceb2b77 e-con-full e-flex e-con e-parent\" data-id=\"ceb2b77\" data-element_type=\"container\" data-e-type=\"container\">\n\t\t<div class=\"elementor-element elementor-element-612e3f2d e-con-full e-flex e-con e-child\" data-id=\"612e3f2d\" data-element_type=\"container\" data-e-type=\"container\">\n\t\t\t\t<div class=\"elementor-element elementor-element-152ccf3d elementor-widget elementor-widget-heading\" data-id=\"152ccf3d\" data-element_type=\"widget\" data-e-type=\"widget\" data-widget_type=\"heading.default\">\n\t\t\t\t<div class=\"elementor-widget-container\">\n\t\t\t\t\t<h2 class=\"elementor-heading-title elementor-size-default\">\"Showcase\" is a collection that embodies the very essence of TAPIS. Our love for Anatolian culture and heritage is evident in every piece, and the use of specially woven rugs and weavings makes it a truly unique collection that stands out from the rest.<\/h2>\t\t\t\t<\/div>\n\t\t\t\t<\/div>\n\t\t\t\t<\/div>\n\t\t<div class=\"elementor-element elementor-element-471678b7 e-con-full e-flex e-con e-child\" data-id=\"471678b7\" data-element_type=\"container\" data-e-type=\"container\">\n\t\t\t\t<div class=\"elementor-element elementor-element-27bad058 elementor-widget elementor-widget-image\" data-id=\"27bad058\" data-element_type=\"widget\" data-e-type=\"widget\" data-widget_type=\"image.default\">\n\t\t\t\t<div class=\"elementor-widget-container\">\n\t\t\t\t\t\t\t\t\t\t\t\t\t\t\t<img fetchpriority=\"high\" decoding=\"async\" width=\"704\" height=\"735\" src=\"https:\/\/tapistr.com\/wp-content\/uploads\/2024\/03\/Showcase-1.png\" class=\"attachment-full size-full wp-image-69\" alt=\"\" srcset=\"https:\/\/tapistr.com\/wp-content\/uploads\/2024\/03\/Showcase-1.png 704w, https:\/\/tapistr.com\/wp-content\/uploads\/2024\/03\/Showcase-1-150x157.png 150w, https:\/\/tapistr.com\/wp-content\/uploads\/2024\/03\/Showcase-1-287x300.png 287w, https:\/\/tapistr.com\/wp-content\/uploads\/2024\/03\/Showcase-1-11x12.png 11w, https:\/\/tapistr.com\/wp-content\/uploads\/2024\/03\/Showcase-1-441x460.png 441w, https:\/\/tapistr.com\/wp-content\/uploads\/2024\/03\/Showcase-1-420x438.png 420w\" sizes=\"(max-width: 704px) 100vw, 704px\" \/>\t\t\t\t\t\t\t\t\t\t\t\t\t\t\t<\/div>\n\t\t\t\t<\/div>\n\t\t\t\t<\/div>\n\t\t\t\t<\/div>\n\t\t<div class=\"elementor-element elementor-element-612ac1c1 e-con-full e-flex e-con e-parent\" data-id=\"612ac1c1\" data-element_type=\"container\" data-e-type=\"container\" data-settings=\"{&quot;background_background&quot;:&quot;classic&quot;}\">\n\t\t<div class=\"elementor-element elementor-element-38e900e8 e-con-full e-flex e-con e-child\" data-id=\"38e900e8\" data-element_type=\"container\" data-e-type=\"container\">\n\t\t\t\t<div class=\"elementor-element elementor-element-61e1cb00 elementor-widget elementor-widget-image\" data-id=\"61e1cb00\" data-element_type=\"widget\" data-e-type=\"widget\" data-widget_type=\"image.default\">\n\t\t\t\t<div class=\"elementor-widget-container\">\n\t\t\t\t\t\t\t\t\t\t\t\t\t\t\t<img decoding=\"async\" width=\"720\" height=\"492\" src=\"https:\/\/tapistr.com\/wp-content\/uploads\/2024\/03\/Showcase-2.png\" class=\"attachment-full size-full wp-image-70\" alt=\"\" srcset=\"https:\/\/tapistr.com\/wp-content\/uploads\/2024\/03\/Showcase-2.png 720w, https:\/\/tapistr.com\/wp-content\/uploads\/2024\/03\/Showcase-2-150x103.png 150w, https:\/\/tapistr.com\/wp-content\/uploads\/2024\/03\/Showcase-2-300x205.png 300w, https:\/\/tapistr.com\/wp-content\/uploads\/2024\/03\/Showcase-2-18x12.png 18w, https:\/\/tapistr.com\/wp-content\/uploads\/2024\/03\/Showcase-2-441x301.png 441w, https:\/\/tapistr.com\/wp-content\/uploads\/2024\/03\/Showcase-2-420x287.png 420w\" sizes=\"(max-width: 720px) 100vw, 720px\" \/>\t\t\t\t\t\t\t\t\t\t\t\t\t\t\t<\/div>\n\t\t\t\t<\/div>\n\t\t\t\t<\/div>\n\t\t<div class=\"elementor-element elementor-element-30fbc526 e-con-full e-flex e-con e-child\" data-id=\"30fbc526\" data-element_type=\"container\" data-e-type=\"container\">\n\t\t\t\t<div class=\"elementor-element elementor-element-23d1bf2 elementor-widget elementor-widget-heading\" data-id=\"23d1bf2\" data-element_type=\"widget\" data-e-type=\"widget\" data-widget_type=\"heading.default\">\n\t\t\t\t<div class=\"elementor-widget-container\">\n\t\t\t\t\t<h2 class=\"elementor-heading-title elementor-size-default\">To reflect ourselves in the best way, we have chosen to use the colors red and black, which are also in our logo, throughout the collection.<\/h2>\t\t\t\t<\/div>\n\t\t\t\t<\/div>\n\t\t\t\t<\/div>\n\t\t\t\t<\/div>\n\t\t<div class=\"elementor-element elementor-element-9151469 e-con-full e-flex e-con e-parent\" data-id=\"9151469\" data-element_type=\"container\" data-e-type=\"container\">\n\t\t<div class=\"elementor-element elementor-element-13d985ca e-con-full e-flex e-con e-child\" data-id=\"13d985ca\" data-element_type=\"container\" data-e-type=\"container\">\n\t\t\t\t<div class=\"elementor-element elementor-element-fc063ef elementor-widget elementor-widget-heading\" data-id=\"fc063ef\" data-element_type=\"widget\" data-e-type=\"widget\" data-widget_type=\"heading.default\">\n\t\t\t\t<div class=\"elementor-widget-container\">\n\t\t\t\t\t<h2 class=\"elementor-heading-title elementor-size-default\">Each piece is carefully crafted to ensure the highest level of quality and attention to detail. This is a collection for anyone who is looking for something truly unique and special.<\/h2>\t\t\t\t<\/div>\n\t\t\t\t<\/div>\n\t\t\t\t<\/div>\n\t\t<div class=\"elementor-element elementor-element-d3b5818 e-con-full e-flex e-con e-child\" data-id=\"d3b5818\" data-element_type=\"container\" data-e-type=\"container\">\n\t\t\t\t<div class=\"elementor-element elementor-element-1bf689f1 elementor-widget elementor-widget-image\" data-id=\"1bf689f1\" data-element_type=\"widget\" data-e-type=\"widget\" data-widget_type=\"image.default\">\n\t\t\t\t<div class=\"elementor-widget-container\">\n\t\t\t\t\t\t\t\t\t\t\t\t\t\t\t<img decoding=\"async\" width=\"704\" height=\"735\" src=\"https:\/\/tapistr.com\/wp-content\/uploads\/2024\/03\/Showcase-3.png\" class=\"attachment-full size-full wp-image-71\" alt=\"\" srcset=\"https:\/\/tapistr.com\/wp-content\/uploads\/2024\/03\/Showcase-3.png 704w, https:\/\/tapistr.com\/wp-content\/uploads\/2024\/03\/Showcase-3-150x157.png 150w, https:\/\/tapistr.com\/wp-content\/uploads\/2024\/03\/Showcase-3-287x300.png 287w, https:\/\/tapistr.com\/wp-content\/uploads\/2024\/03\/Showcase-3-11x12.png 11w, https:\/\/tapistr.com\/wp-content\/uploads\/2024\/03\/Showcase-3-441x460.png 441w, https:\/\/tapistr.com\/wp-content\/uploads\/2024\/03\/Showcase-3-420x438.png 420w\" sizes=\"(max-width: 704px) 100vw, 704px\" \/>\t\t\t\t\t\t\t\t\t\t\t\t\t\t\t<\/div>\n\t\t\t\t<\/div>\n\t\t\t\t<\/div>\n\t\t\t\t<\/div>\n\t\t<div class=\"elementor-element elementor-element-5a98b0d6 e-flex e-con-boxed e-con e-parent\" data-id=\"5a98b0d6\" data-element_type=\"container\" data-e-type=\"container\">\n\t\t\t\t\t<div class=\"e-con-inner\">\n\t\t<div class=\"elementor-element elementor-element-7ac5b213 e-con-full e-flex e-con e-child\" data-id=\"7ac5b213\" data-element_type=\"container\" data-e-type=\"container\">\n\t\t\t\t<div class=\"elementor-element elementor-element-b3dc694 elementor-widget elementor-widget-image\" data-id=\"b3dc694\" data-element_type=\"widget\" data-e-type=\"widget\" data-widget_type=\"image.default\">\n\t\t\t\t<div class=\"elementor-widget-container\">\n\t\t\t\t\t\t\t\t\t\t\t\t\t\t\t<img loading=\"lazy\" decoding=\"async\" width=\"1500\" height=\"2250\" src=\"https:\/\/tapistr.com\/wp-content\/uploads\/2024\/03\/Showcase-1-TAPIS-Red-Hooded-Hoodie-.jpg\" class=\"elementor-animation-float attachment-full size-full wp-image-72\" alt=\"\" srcset=\"https:\/\/tapistr.com\/wp-content\/uploads\/2024\/03\/Showcase-1-TAPIS-Red-Hooded-Hoodie-.jpg 1500w, https:\/\/tapistr.com\/wp-content\/uploads\/2024\/03\/Showcase-1-TAPIS-Red-Hooded-Hoodie--150x225.jpg 150w, https:\/\/tapistr.com\/wp-content\/uploads\/2024\/03\/Showcase-1-TAPIS-Red-Hooded-Hoodie--200x300.jpg 200w, https:\/\/tapistr.com\/wp-content\/uploads\/2024\/03\/Showcase-1-TAPIS-Red-Hooded-Hoodie--768x1152.jpg 768w, https:\/\/tapistr.com\/wp-content\/uploads\/2024\/03\/Showcase-1-TAPIS-Red-Hooded-Hoodie--683x1024.jpg 683w, https:\/\/tapistr.com\/wp-content\/uploads\/2024\/03\/Showcase-1-TAPIS-Red-Hooded-Hoodie--1024x1536.jpg 1024w, https:\/\/tapistr.com\/wp-content\/uploads\/2024\/03\/Showcase-1-TAPIS-Red-Hooded-Hoodie--1365x2048.jpg 1365w, https:\/\/tapistr.com\/wp-content\/uploads\/2024\/03\/Showcase-1-TAPIS-Red-Hooded-Hoodie--8x12.jpg 8w, https:\/\/tapistr.com\/wp-content\/uploads\/2024\/03\/Showcase-1-TAPIS-Red-Hooded-Hoodie--990x1485.jpg 990w, https:\/\/tapistr.com\/wp-content\/uploads\/2024\/03\/Showcase-1-TAPIS-Red-Hooded-Hoodie--441x662.jpg 441w, https:\/\/tapistr.com\/wp-content\/uploads\/2024\/03\/Showcase-1-TAPIS-Red-Hooded-Hoodie--420x630.jpg 420w, https:\/\/tapistr.com\/wp-content\/uploads\/2024\/03\/Showcase-1-TAPIS-Red-Hooded-Hoodie--800x1200.jpg 800w\" sizes=\"(max-width: 1500px) 100vw, 1500px\" \/>\t\t\t\t\t\t\t\t\t\t\t\t\t\t\t<\/div>\n\t\t\t\t<\/div>\n\t\t\t\t<div class=\"elementor-element elementor-element-a3a9e05 elementor-widget elementor-widget-heading\" data-id=\"a3a9e05\" data-element_type=\"widget\" data-e-type=\"widget\" data-widget_type=\"heading.default\">\n\t\t\t\t<div class=\"elementor-widget-container\">\n\t\t\t\t\t<h2 class=\"elementor-heading-title elementor-size-default\">TAPIS Red Hooded Hoodie<\/h2>\t\t\t\t<\/div>\n\t\t\t\t<\/div>\n\t\t\t\t<\/div>\n\t\t<div class=\"elementor-element elementor-element-1d9cba70 e-con-full e-flex e-con e-child\" data-id=\"1d9cba70\" data-element_type=\"container\" data-e-type=\"container\">\n\t\t\t\t<div class=\"elementor-element elementor-element-5ebbc0b3 elementor-widget elementor-widget-image\" data-id=\"5ebbc0b3\" data-element_type=\"widget\" data-e-type=\"widget\" data-widget_type=\"image.default\">\n\t\t\t\t<div class=\"elementor-widget-container\">\n\t\t\t\t\t\t\t\t\t\t\t\t\t\t\t<img loading=\"lazy\" decoding=\"async\" width=\"1500\" height=\"2250\" src=\"https:\/\/tapistr.com\/wp-content\/uploads\/2024\/03\/Showcase-2-TAPIS-Red-Hooded-Ethnic-Hoodie-.jpg\" class=\"elementor-animation-float attachment-full size-full wp-image-73\" alt=\"\" srcset=\"https:\/\/tapistr.com\/wp-content\/uploads\/2024\/03\/Showcase-2-TAPIS-Red-Hooded-Ethnic-Hoodie-.jpg 1500w, https:\/\/tapistr.com\/wp-content\/uploads\/2024\/03\/Showcase-2-TAPIS-Red-Hooded-Ethnic-Hoodie--150x225.jpg 150w, https:\/\/tapistr.com\/wp-content\/uploads\/2024\/03\/Showcase-2-TAPIS-Red-Hooded-Ethnic-Hoodie--200x300.jpg 200w, https:\/\/tapistr.com\/wp-content\/uploads\/2024\/03\/Showcase-2-TAPIS-Red-Hooded-Ethnic-Hoodie--768x1152.jpg 768w, https:\/\/tapistr.com\/wp-content\/uploads\/2024\/03\/Showcase-2-TAPIS-Red-Hooded-Ethnic-Hoodie--683x1024.jpg 683w, https:\/\/tapistr.com\/wp-content\/uploads\/2024\/03\/Showcase-2-TAPIS-Red-Hooded-Ethnic-Hoodie--1024x1536.jpg 1024w, https:\/\/tapistr.com\/wp-content\/uploads\/2024\/03\/Showcase-2-TAPIS-Red-Hooded-Ethnic-Hoodie--1365x2048.jpg 1365w, https:\/\/tapistr.com\/wp-content\/uploads\/2024\/03\/Showcase-2-TAPIS-Red-Hooded-Ethnic-Hoodie--8x12.jpg 8w, https:\/\/tapistr.com\/wp-content\/uploads\/2024\/03\/Showcase-2-TAPIS-Red-Hooded-Ethnic-Hoodie--990x1485.jpg 990w, https:\/\/tapistr.com\/wp-content\/uploads\/2024\/03\/Showcase-2-TAPIS-Red-Hooded-Ethnic-Hoodie--441x662.jpg 441w, https:\/\/tapistr.com\/wp-content\/uploads\/2024\/03\/Showcase-2-TAPIS-Red-Hooded-Ethnic-Hoodie--420x630.jpg 420w, https:\/\/tapistr.com\/wp-content\/uploads\/2024\/03\/Showcase-2-TAPIS-Red-Hooded-Ethnic-Hoodie--800x1200.jpg 800w\" sizes=\"(max-width: 1500px) 100vw, 1500px\" \/>\t\t\t\t\t\t\t\t\t\t\t\t\t\t\t<\/div>\n\t\t\t\t<\/div>\n\t\t\t\t<div class=\"elementor-element elementor-element-fe45b94 elementor-widget elementor-widget-heading\" data-id=\"fe45b94\" data-element_type=\"widget\" data-e-type=\"widget\" data-widget_type=\"heading.default\">\n\t\t\t\t<div class=\"elementor-widget-container\">\n\t\t\t\t\t<h2 class=\"elementor-heading-title elementor-size-default\">TAPIS Red Hooded Ethnic Hoodie<\/h2>\t\t\t\t<\/div>\n\t\t\t\t<\/div>\n\t\t\t\t<\/div>\n\t\t<div class=\"elementor-element elementor-element-3a9311a7 e-con-full e-flex e-con e-child\" data-id=\"3a9311a7\" data-element_type=\"container\" data-e-type=\"container\">\n\t\t\t\t<div class=\"elementor-element elementor-element-73871b8b elementor-widget elementor-widget-image\" data-id=\"73871b8b\" data-element_type=\"widget\" data-e-type=\"widget\" data-widget_type=\"image.default\">\n\t\t\t\t<div class=\"elementor-widget-container\">\n\t\t\t\t\t\t\t\t\t\t\t\t\t\t\t<img loading=\"lazy\" decoding=\"async\" width=\"1500\" height=\"2250\" src=\"https:\/\/tapistr.com\/wp-content\/uploads\/2024\/03\/Showcase-3-TAPIS-Line-of-Anatolia-Hoodie-.jpg\" class=\"elementor-animation-float attachment-full size-full wp-image-74\" alt=\"\" srcset=\"https:\/\/tapistr.com\/wp-content\/uploads\/2024\/03\/Showcase-3-TAPIS-Line-of-Anatolia-Hoodie-.jpg 1500w, https:\/\/tapistr.com\/wp-content\/uploads\/2024\/03\/Showcase-3-TAPIS-Line-of-Anatolia-Hoodie--150x225.jpg 150w, https:\/\/tapistr.com\/wp-content\/uploads\/2024\/03\/Showcase-3-TAPIS-Line-of-Anatolia-Hoodie--200x300.jpg 200w, https:\/\/tapistr.com\/wp-content\/uploads\/2024\/03\/Showcase-3-TAPIS-Line-of-Anatolia-Hoodie--768x1152.jpg 768w, https:\/\/tapistr.com\/wp-content\/uploads\/2024\/03\/Showcase-3-TAPIS-Line-of-Anatolia-Hoodie--683x1024.jpg 683w, https:\/\/tapistr.com\/wp-content\/uploads\/2024\/03\/Showcase-3-TAPIS-Line-of-Anatolia-Hoodie--1024x1536.jpg 1024w, https:\/\/tapistr.com\/wp-content\/uploads\/2024\/03\/Showcase-3-TAPIS-Line-of-Anatolia-Hoodie--1365x2048.jpg 1365w, https:\/\/tapistr.com\/wp-content\/uploads\/2024\/03\/Showcase-3-TAPIS-Line-of-Anatolia-Hoodie--8x12.jpg 8w, https:\/\/tapistr.com\/wp-content\/uploads\/2024\/03\/Showcase-3-TAPIS-Line-of-Anatolia-Hoodie--990x1485.jpg 990w, https:\/\/tapistr.com\/wp-content\/uploads\/2024\/03\/Showcase-3-TAPIS-Line-of-Anatolia-Hoodie--441x662.jpg 441w, https:\/\/tapistr.com\/wp-content\/uploads\/2024\/03\/Showcase-3-TAPIS-Line-of-Anatolia-Hoodie--420x630.jpg 420w, https:\/\/tapistr.com\/wp-content\/uploads\/2024\/03\/Showcase-3-TAPIS-Line-of-Anatolia-Hoodie--800x1200.jpg 800w\" sizes=\"(max-width: 1500px) 100vw, 1500px\" \/>\t\t\t\t\t\t\t\t\t\t\t\t\t\t\t<\/div>\n\t\t\t\t<\/div>\n\t\t\t\t<div class=\"elementor-element elementor-element-16d38718 elementor-widget elementor-widget-heading\" data-id=\"16d38718\" data-element_type=\"widget\" data-e-type=\"widget\" data-widget_type=\"heading.default\">\n\t\t\t\t<div class=\"elementor-widget-container\">\n\t\t\t\t\t<h2 class=\"elementor-heading-title elementor-size-default\">TAPIS Line of Anatolia Hoodie<\/h2>\t\t\t\t<\/div>\n\t\t\t\t<\/div>\n\t\t\t\t<\/div>\n\t\t\t\t\t<\/div>\n\t\t\t\t<\/div>\n\t\t<div class=\"elementor-element elementor-element-750d55ff e-con-full e-flex e-con e-parent\" data-id=\"750d55ff\" data-element_type=\"container\" data-e-type=\"container\">\n\t\t\t\t<div class=\"elementor-element elementor-element-44cc4ab2 elementor-widget-divider--view-line elementor-widget elementor-widget-divider\" data-id=\"44cc4ab2\" data-element_type=\"widget\" data-e-type=\"widget\" data-widget_type=\"divider.default\">\n\t\t\t\t<div class=\"elementor-widget-container\">\n\t\t\t\t\t\t\t<div class=\"elementor-divider\">\n\t\t\t<span class=\"elementor-divider-separator\">\n\t\t\t\t\t\t<\/span>\n\t\t<\/div>\n\t\t\t\t\t\t<\/div>\n\t\t\t\t<\/div>\n\t\t\t\t<\/div>\n\t\t<div class=\"elementor-element elementor-element-647b6b3c e-con-full e-flex e-con e-parent\" data-id=\"647b6b3c\" data-element_type=\"container\" data-e-type=\"container\">\n\t\t\t\t<div class=\"elementor-element elementor-element-61fd58e2 elementor-widget elementor-widget-heading\" data-id=\"61fd58e2\" data-element_type=\"widget\" data-e-type=\"widget\" data-widget_type=\"heading.default\">\n\t\t\t\t<div class=\"elementor-widget-container\">\n\t\t\t\t\t<h2 class=\"elementor-heading-title elementor-size-default\">Daha Fazla Ke\u015ffedin &gt;<\/h2>\t\t\t\t<\/div>\n\t\t\t\t<\/div>\n\t\t\t\t<\/div>\n\t\t<div class=\"elementor-element elementor-element-389dc7ed e-flex e-con-boxed e-con e-parent\" data-id=\"389dc7ed\" data-element_type=\"container\" data-e-type=\"container\">\n\t\t\t\t\t<div class=\"e-con-inner\">\n\t\t<div class=\"elementor-element elementor-element-7d2ae02d e-con-full e-flex e-con e-child\" data-id=\"7d2ae02d\" data-element_type=\"container\" data-e-type=\"container\" data-settings=\"{&quot;background_background&quot;:&quot;classic&quot;}\">\n\t\t\t\t<div class=\"elementor-element elementor-element-644ec60a elementor-widget elementor-widget-heading\" data-id=\"644ec60a\" data-element_type=\"widget\" data-e-type=\"widget\" data-widget_type=\"heading.default\">\n\t\t\t\t<div class=\"elementor-widget-container\">\n\t\t\t\t\t<h2 class=\"elementor-heading-title elementor-size-default\"><a href=\"\/en\/hello-world\/\">HELLO WORLD<\/a><\/h2>\t\t\t\t<\/div>\n\t\t\t\t<\/div>\n\t\t\t\t<div class=\"elementor-element elementor-element-720dd64f elementor-widget elementor-widget-heading\" data-id=\"720dd64f\" data-element_type=\"widget\" data-e-type=\"widget\" data-widget_type=\"heading.default\">\n\t\t\t\t<div class=\"elementor-widget-container\">\n\t\t\t\t\t<h2 class=\"elementor-heading-title elementor-size-default\">FALL WINTER 22\/23<\/h2>\t\t\t\t<\/div>\n\t\t\t\t<\/div>\n\t\t\t\t<\/div>\n\t\t<div class=\"elementor-element elementor-element-430b4d6d e-con-full e-flex e-con e-child\" data-id=\"430b4d6d\" data-element_type=\"container\" data-e-type=\"container\" data-settings=\"{&quot;background_background&quot;:&quot;classic&quot;}\">\n\t\t\t\t<div class=\"elementor-element elementor-element-24e1e47c elementor-widget elementor-widget-heading\" data-id=\"24e1e47c\" data-element_type=\"widget\" data-e-type=\"widget\" data-widget_type=\"heading.default\">\n\t\t\t\t<div class=\"elementor-widget-container\">\n\t\t\t\t\t<h2 class=\"elementor-heading-title elementor-size-default\"><a href=\"\/en\/wear-the-culture\/\">WEAR THE CULTURE<\/a><\/h2>\t\t\t\t<\/div>\n\t\t\t\t<\/div>\n\t\t\t\t<div class=\"elementor-element elementor-element-1ae84a57 elementor-widget elementor-widget-heading\" data-id=\"1ae84a57\" data-element_type=\"widget\" data-e-type=\"widget\" data-widget_type=\"heading.default\">\n\t\t\t\t<div class=\"elementor-widget-container\">\n\t\t\t\t\t<h2 class=\"elementor-heading-title elementor-size-default\">SPRING SUMMER 20\/21<\/h2>\t\t\t\t<\/div>\n\t\t\t\t<\/div>\n\t\t\t\t<\/div>\n\t\t\t\t\t<\/div>\n\t\t\t\t<\/div>\n\t\t\t\t<\/div>","protected":false},"excerpt":{"rendered":"<p>SHOWCASE FALL WINTER 21\/22 Anla\u015fmal\u0131 sat\u0131\u015f noktalar\u0131nda fiziksel olarak ilk kez yer alacak olan bu koleksiyon, markan\u0131n benzersiz tarz\u0131n\u0131n ve miras\u0131n\u0131n ger\u00e7ek bir yans\u0131mas\u0131d\u0131r. &#8220;Showcase\u201d, TAPIS&#8217;in \u00f6z\u00fcn\u00fc yans\u0131tan bir koleksiyon olma niteli\u011fi ta\u015f\u0131yor. Anadolu k\u00fclt\u00fcr\u00fcne ve miras\u0131na olan sevgimiz, her par\u00e7ada kendini g\u00f6steriyor ve \u00f6zel olarak dokunan kilimlerin kullan\u0131m\u0131, Showcase\u2019i e\u015fsiz bir koleksiyona d\u00f6n\u00fc\u015ft\u00fcr\u00fcyor. TAPIS\u2019in [&hellip;]<\/p>\n","protected":false},"author":1,"featured_media":0,"parent":0,"menu_order":0,"comment_status":"closed","ping_status":"closed","template":"template-canvas.php","meta":{"footnotes":""},"class_list":["post-1200","page","type-page","status-publish","hentry"],"_links":{"self":[{"href":"https:\/\/tapistr.com\/en\/wp-json\/wp\/v2\/pages\/1200","targetHints":{"allow":["GET"]}}],"collection":[{"href":"https:\/\/tapistr.com\/en\/wp-json\/wp\/v2\/pages"}],"about":[{"href":"https:\/\/tapistr.com\/en\/wp-json\/wp\/v2\/types\/page"}],"author":[{"embeddable":true,"href":"https:\/\/tapistr.com\/en\/wp-json\/wp\/v2\/users\/1"}],"replies":[{"embeddable":true,"href":"https:\/\/tapistr.com\/en\/wp-json\/wp\/v2\/comments?post=1200"}],"version-history":[{"count":4,"href":"https:\/\/tapistr.com\/en\/wp-json\/wp\/v2\/pages\/1200\/revisions"}],"predecessor-version":[{"id":1291,"href":"https:\/\/tapistr.com\/en\/wp-json\/wp\/v2\/pages\/1200\/revisions\/1291"}],"wp:attachment":[{"href":"https:\/\/tapistr.com\/en\/wp-json\/wp\/v2\/media?parent=1200"}],"curies":[{"name":"wp","href":"https:\/\/api.w.org\/{rel}","templated":true}]}}