{"id":1198,"date":"2024-03-31T09:29:42","date_gmt":"2024-03-31T06:29:42","guid":{"rendered":"https:\/\/tapistr.com\/?page_id=1198"},"modified":"2024-03-31T12:58:30","modified_gmt":"2024-03-31T09:58:30","slug":"hello-world","status":"publish","type":"page","link":"https:\/\/tapistr.com\/en\/hello-world\/","title":{"rendered":"HELLO WORLD"},"content":{"rendered":"<div data-elementor-type=\"wp-page\" data-elementor-id=\"1198\" class=\"elementor elementor-1198\" data-elementor-post-type=\"page\">\n\t\t\t\t<div class=\"elementor-element elementor-element-1bc4e62d e-con-full e-flex e-con e-parent\" data-id=\"1bc4e62d\" data-element_type=\"container\" data-e-type=\"container\" data-settings=\"{&quot;background_background&quot;:&quot;classic&quot;}\">\n\t\t\t\t<div class=\"elementor-element elementor-element-3dc6f004 elementor-widget elementor-widget-heading\" data-id=\"3dc6f004\" data-element_type=\"widget\" data-e-type=\"widget\" data-widget_type=\"heading.default\">\n\t\t\t\t<div class=\"elementor-widget-container\">\n\t\t\t\t\t<h2 class=\"elementor-heading-title elementor-size-default\">HELLO WORLD<\/h2>\t\t\t\t<\/div>\n\t\t\t\t<\/div>\n\t\t\t\t<div class=\"elementor-element elementor-element-66a0f35b elementor-widget elementor-widget-text-editor\" data-id=\"66a0f35b\" data-element_type=\"widget\" data-e-type=\"widget\" data-widget_type=\"text-editor.default\">\n\t\t\t\t<div class=\"elementor-widget-container\">\n\t\t\t\t\t\t\t\t\t<p>FALL WINTER 22\/23<\/p>\t\t\t\t\t\t\t\t<\/div>\n\t\t\t\t<\/div>\n\t\t\t\t<\/div>\n\t\t<div class=\"elementor-element elementor-element-4ffdaf62 e-con-full e-flex e-con e-parent\" data-id=\"4ffdaf62\" data-element_type=\"container\" data-e-type=\"container\">\n\t\t\t\t<div class=\"elementor-element elementor-element-28ea52c4 elementor-widget elementor-widget-heading\" data-id=\"28ea52c4\" data-element_type=\"widget\" data-e-type=\"widget\" data-widget_type=\"heading.default\">\n\t\t\t\t<div class=\"elementor-widget-container\">\n\t\t\t\t\t<h2 class=\"elementor-heading-title elementor-size-default\">Combining tradition with modern fashion, TAPIS presents its first global collection. Featuring sweatshirt models with carpet pieces, this new collection celebrates \u201c#WearTheCulture\u201d proudly.\n<\/h2>\t\t\t\t<\/div>\n\t\t\t\t<\/div>\n\t\t\t\t<\/div>\n\t\t<div class=\"elementor-element elementor-element-18654518 e-con-full e-flex e-con e-parent\" data-id=\"18654518\" data-element_type=\"container\" data-e-type=\"container\">\n\t\t<div class=\"elementor-element elementor-element-42cd417 e-con-full e-flex e-con e-child\" data-id=\"42cd417\" data-element_type=\"container\" data-e-type=\"container\">\n\t\t\t\t<div class=\"elementor-element elementor-element-1ef28355 elementor-widget elementor-widget-heading\" data-id=\"1ef28355\" data-element_type=\"widget\" data-e-type=\"widget\" data-widget_type=\"heading.default\">\n\t\t\t\t<div class=\"elementor-widget-container\">\n\t\t\t\t\t<h2 class=\"elementor-heading-title elementor-size-default\">One of the unique pieces from the collection is the Hoodie Bal\u0131kesir Cicim, woven using the traditional Cicim technique on hand looms in the city of Bal\u0131kesir in 1966.<\/h2>\t\t\t\t<\/div>\n\t\t\t\t<\/div>\n\t\t\t\t<\/div>\n\t\t<div class=\"elementor-element elementor-element-29c5f4d9 e-con-full e-flex e-con e-child\" data-id=\"29c5f4d9\" data-element_type=\"container\" data-e-type=\"container\">\n\t\t\t\t<div class=\"elementor-element elementor-element-523b861f elementor-widget elementor-widget-image\" data-id=\"523b861f\" data-element_type=\"widget\" data-e-type=\"widget\" data-widget_type=\"image.default\">\n\t\t\t\t<div class=\"elementor-widget-container\">\n\t\t\t\t\t\t\t\t\t\t\t\t\t\t\t<img fetchpriority=\"high\" decoding=\"async\" width=\"704\" height=\"735\" src=\"https:\/\/tapistr.com\/wp-content\/uploads\/2024\/03\/hello-world2.png\" class=\"attachment-full size-full wp-image-119\" alt=\"\" srcset=\"https:\/\/tapistr.com\/wp-content\/uploads\/2024\/03\/hello-world2.png 704w, https:\/\/tapistr.com\/wp-content\/uploads\/2024\/03\/hello-world2-150x157.png 150w, https:\/\/tapistr.com\/wp-content\/uploads\/2024\/03\/hello-world2-287x300.png 287w, https:\/\/tapistr.com\/wp-content\/uploads\/2024\/03\/hello-world2-11x12.png 11w, https:\/\/tapistr.com\/wp-content\/uploads\/2024\/03\/hello-world2-441x460.png 441w, https:\/\/tapistr.com\/wp-content\/uploads\/2024\/03\/hello-world2-420x438.png 420w\" sizes=\"(max-width: 704px) 100vw, 704px\" \/>\t\t\t\t\t\t\t\t\t\t\t\t\t\t\t<\/div>\n\t\t\t\t<\/div>\n\t\t\t\t<\/div>\n\t\t\t\t<\/div>\n\t\t<div class=\"elementor-element elementor-element-4b7e0b08 e-flex e-con-boxed e-con e-parent\" data-id=\"4b7e0b08\" data-element_type=\"container\" data-e-type=\"container\">\n\t\t\t\t\t<div class=\"e-con-inner\">\n\t\t\t\t<div class=\"elementor-element elementor-element-55593fb4 elementor-widget elementor-widget-spacer\" data-id=\"55593fb4\" data-element_type=\"widget\" data-e-type=\"widget\" data-widget_type=\"spacer.default\">\n\t\t\t\t<div class=\"elementor-widget-container\">\n\t\t\t\t\t\t\t<div class=\"elementor-spacer\">\n\t\t\t<div class=\"elementor-spacer-inner\"><\/div>\n\t\t<\/div>\n\t\t\t\t\t\t<\/div>\n\t\t\t\t<\/div>\n\t\t\t\t\t<\/div>\n\t\t\t\t<\/div>\n\t\t<div class=\"elementor-element elementor-element-78116d40 e-con-full e-flex e-con e-parent\" data-id=\"78116d40\" data-element_type=\"container\" data-e-type=\"container\" data-settings=\"{&quot;background_background&quot;:&quot;classic&quot;}\">\n\t\t<div class=\"elementor-element elementor-element-33abb539 e-con-full e-flex e-con e-child\" data-id=\"33abb539\" data-element_type=\"container\" data-e-type=\"container\">\n\t\t\t\t<div class=\"elementor-element elementor-element-164b4f3f elementor-widget elementor-widget-image\" data-id=\"164b4f3f\" data-element_type=\"widget\" data-e-type=\"widget\" data-widget_type=\"image.default\">\n\t\t\t\t<div class=\"elementor-widget-container\">\n\t\t\t\t\t\t\t\t\t\t\t\t\t\t\t<img decoding=\"async\" width=\"720\" height=\"492\" src=\"https:\/\/tapistr.com\/wp-content\/uploads\/2024\/03\/hello-world3.png\" class=\"attachment-full size-full wp-image-120\" alt=\"\" srcset=\"https:\/\/tapistr.com\/wp-content\/uploads\/2024\/03\/hello-world3.png 720w, https:\/\/tapistr.com\/wp-content\/uploads\/2024\/03\/hello-world3-150x103.png 150w, https:\/\/tapistr.com\/wp-content\/uploads\/2024\/03\/hello-world3-300x205.png 300w, https:\/\/tapistr.com\/wp-content\/uploads\/2024\/03\/hello-world3-18x12.png 18w, https:\/\/tapistr.com\/wp-content\/uploads\/2024\/03\/hello-world3-441x301.png 441w, https:\/\/tapistr.com\/wp-content\/uploads\/2024\/03\/hello-world3-420x287.png 420w\" sizes=\"(max-width: 720px) 100vw, 720px\" \/>\t\t\t\t\t\t\t\t\t\t\t\t\t\t\t<\/div>\n\t\t\t\t<\/div>\n\t\t\t\t<\/div>\n\t\t<div class=\"elementor-element elementor-element-34fb92fe e-con-full e-flex e-con e-child\" data-id=\"34fb92fe\" data-element_type=\"container\" data-e-type=\"container\">\n\t\t\t\t<div class=\"elementor-element elementor-element-d40817e elementor-widget elementor-widget-heading\" data-id=\"d40817e\" data-element_type=\"widget\" data-e-type=\"widget\" data-widget_type=\"heading.default\">\n\t\t\t\t<div class=\"elementor-widget-container\">\n\t\t\t\t\t<h2 class=\"elementor-heading-title elementor-size-default\">It features small embossed motifs resembling flowers due to its weaving with the Cicim technique.<\/h2>\t\t\t\t<\/div>\n\t\t\t\t<\/div>\n\t\t\t\t<\/div>\n\t\t\t\t<\/div>\n\t\t<div class=\"elementor-element elementor-element-5b78bd00 e-flex e-con-boxed e-con e-parent\" data-id=\"5b78bd00\" data-element_type=\"container\" data-e-type=\"container\">\n\t\t\t\t\t<div class=\"e-con-inner\">\n\t\t\t\t<div class=\"elementor-element elementor-element-603795cd elementor-widget elementor-widget-spacer\" data-id=\"603795cd\" data-element_type=\"widget\" data-e-type=\"widget\" data-widget_type=\"spacer.default\">\n\t\t\t\t<div class=\"elementor-widget-container\">\n\t\t\t\t\t\t\t<div class=\"elementor-spacer\">\n\t\t\t<div class=\"elementor-spacer-inner\"><\/div>\n\t\t<\/div>\n\t\t\t\t\t\t<\/div>\n\t\t\t\t<\/div>\n\t\t\t\t\t<\/div>\n\t\t\t\t<\/div>\n\t\t<div class=\"elementor-element elementor-element-2497841b e-con-full e-flex e-con e-parent\" data-id=\"2497841b\" data-element_type=\"container\" data-e-type=\"container\">\n\t\t<div class=\"elementor-element elementor-element-784efee1 e-con-full e-flex e-con e-child\" data-id=\"784efee1\" data-element_type=\"container\" data-e-type=\"container\">\n\t\t\t\t<div class=\"elementor-element elementor-element-7b08e30f elementor-widget elementor-widget-heading\" data-id=\"7b08e30f\" data-element_type=\"widget\" data-e-type=\"widget\" data-widget_type=\"heading.default\">\n\t\t\t\t<div class=\"elementor-widget-container\">\n\t\t\t\t\t<h2 class=\"elementor-heading-title elementor-size-default\">With the \u201cHello World\u201d collection, TAPIS invites everyone to explore the art and heritage of traditional carpets.<\/h2>\t\t\t\t<\/div>\n\t\t\t\t<\/div>\n\t\t\t\t<\/div>\n\t\t<div class=\"elementor-element elementor-element-61bc14d6 e-con-full e-flex e-con e-child\" data-id=\"61bc14d6\" data-element_type=\"container\" data-e-type=\"container\">\n\t\t\t\t<div class=\"elementor-element elementor-element-b06907 elementor-widget elementor-widget-image\" data-id=\"b06907\" data-element_type=\"widget\" data-e-type=\"widget\" data-widget_type=\"image.default\">\n\t\t\t\t<div class=\"elementor-widget-container\">\n\t\t\t\t\t\t\t\t\t\t\t\t\t\t\t<img decoding=\"async\" width=\"704\" height=\"735\" src=\"https:\/\/tapistr.com\/wp-content\/uploads\/2024\/03\/hello-world4.png\" class=\"attachment-full size-full wp-image-121\" alt=\"\" srcset=\"https:\/\/tapistr.com\/wp-content\/uploads\/2024\/03\/hello-world4.png 704w, https:\/\/tapistr.com\/wp-content\/uploads\/2024\/03\/hello-world4-150x157.png 150w, https:\/\/tapistr.com\/wp-content\/uploads\/2024\/03\/hello-world4-287x300.png 287w, https:\/\/tapistr.com\/wp-content\/uploads\/2024\/03\/hello-world4-11x12.png 11w, https:\/\/tapistr.com\/wp-content\/uploads\/2024\/03\/hello-world4-441x460.png 441w, https:\/\/tapistr.com\/wp-content\/uploads\/2024\/03\/hello-world4-420x438.png 420w\" sizes=\"(max-width: 704px) 100vw, 704px\" \/>\t\t\t\t\t\t\t\t\t\t\t\t\t\t\t<\/div>\n\t\t\t\t<\/div>\n\t\t\t\t<\/div>\n\t\t\t\t<\/div>\n\t\t<div class=\"elementor-element elementor-element-6d761dce e-flex e-con-boxed e-con e-parent\" data-id=\"6d761dce\" data-element_type=\"container\" data-e-type=\"container\">\n\t\t\t\t\t<div class=\"e-con-inner\">\n\t\t<div class=\"elementor-element elementor-element-5ba86ca2 e-con-full e-flex e-con e-child\" data-id=\"5ba86ca2\" data-element_type=\"container\" data-e-type=\"container\">\n\t\t\t\t<div class=\"elementor-element elementor-element-17768670 elementor-widget elementor-widget-image\" data-id=\"17768670\" data-element_type=\"widget\" data-e-type=\"widget\" data-widget_type=\"image.default\">\n\t\t\t\t<div class=\"elementor-widget-container\">\n\t\t\t\t\t\t\t\t\t\t\t\t\t\t\t<img decoding=\"async\" src=\"https:\/\/tapistr.com\/wp-content\/uploads\/2024\/03\/Hello-World-1-Hoodie-Balikesir-Cicim-1200x1300-1.webp\" title=\"Hello-World-1-Hoodie-Balikesir-Cicim&#8211;1200&#215;1300\" alt=\"Hello-World-1-Hoodie-Balikesir-Cicim--1200x1300\" class=\"elementor-animation-float\" loading=\"lazy\" \/>\t\t\t\t\t\t\t\t\t\t\t\t\t\t\t<\/div>\n\t\t\t\t<\/div>\n\t\t\t\t<div class=\"elementor-element elementor-element-7cfca6d4 elementor-widget elementor-widget-heading\" data-id=\"7cfca6d4\" data-element_type=\"widget\" data-e-type=\"widget\" data-widget_type=\"heading.default\">\n\t\t\t\t<div class=\"elementor-widget-container\">\n\t\t\t\t\t<h2 class=\"elementor-heading-title elementor-size-default\">Hoodie Bal\u0131kesir Cicim<\/h2>\t\t\t\t<\/div>\n\t\t\t\t<\/div>\n\t\t\t\t<\/div>\n\t\t<div class=\"elementor-element elementor-element-b63782 e-con-full e-flex e-con e-child\" data-id=\"b63782\" data-element_type=\"container\" data-e-type=\"container\">\n\t\t\t\t<div class=\"elementor-element elementor-element-60b1fcfa elementor-widget elementor-widget-image\" data-id=\"60b1fcfa\" data-element_type=\"widget\" data-e-type=\"widget\" data-widget_type=\"image.default\">\n\t\t\t\t<div class=\"elementor-widget-container\">\n\t\t\t\t\t\t\t\t\t\t\t\t\t\t\t<img decoding=\"async\" src=\"https:\/\/tapistr.com\/wp-content\/uploads\/2024\/03\/Hello-World-2-Hoodie-Anatolian-Green-1200x1300-1.jpg\" title=\"Hello-World-2-Hoodie-Anatolian-Green&#8211;1200&#215;1300\" alt=\"Hello-World-2-Hoodie-Anatolian-Green--1200x1300\" class=\"elementor-animation-float\" loading=\"lazy\" \/>\t\t\t\t\t\t\t\t\t\t\t\t\t\t\t<\/div>\n\t\t\t\t<\/div>\n\t\t\t\t<div class=\"elementor-element elementor-element-650fe28c elementor-widget elementor-widget-heading\" data-id=\"650fe28c\" data-element_type=\"widget\" data-e-type=\"widget\" data-widget_type=\"heading.default\">\n\t\t\t\t<div class=\"elementor-widget-container\">\n\t\t\t\t\t<h2 class=\"elementor-heading-title elementor-size-default\">Hoodie Anatolian Green<\/h2>\t\t\t\t<\/div>\n\t\t\t\t<\/div>\n\t\t\t\t<\/div>\n\t\t<div class=\"elementor-element elementor-element-21aea138 e-con-full e-flex e-con e-child\" data-id=\"21aea138\" data-element_type=\"container\" data-e-type=\"container\">\n\t\t\t\t<div class=\"elementor-element elementor-element-18d81d28 elementor-widget elementor-widget-image\" data-id=\"18d81d28\" data-element_type=\"widget\" data-e-type=\"widget\" data-widget_type=\"image.default\">\n\t\t\t\t<div class=\"elementor-widget-container\">\n\t\t\t\t\t\t\t\t\t\t\t\t\t\t\t<img decoding=\"async\" src=\"https:\/\/tapistr.com\/wp-content\/uploads\/2024\/03\/Hello-World-3-TAPIS-Hoodie-1-1200x1300-1.webp\" title=\"Hello-World-3-TAPIS-Hoodie-1-1200&#215;1300\" alt=\"Hello-World-3-TAPIS-Hoodie-1-1200x1300\" class=\"elementor-animation-float\" loading=\"lazy\" \/>\t\t\t\t\t\t\t\t\t\t\t\t\t\t\t<\/div>\n\t\t\t\t<\/div>\n\t\t\t\t<div class=\"elementor-element elementor-element-15dfa56d elementor-widget elementor-widget-heading\" data-id=\"15dfa56d\" data-element_type=\"widget\" data-e-type=\"widget\" data-widget_type=\"heading.default\">\n\t\t\t\t<div class=\"elementor-widget-container\">\n\t\t\t\t\t<h2 class=\"elementor-heading-title elementor-size-default\">TAPIS Hoodie<\/h2>\t\t\t\t<\/div>\n\t\t\t\t<\/div>\n\t\t\t\t<\/div>\n\t\t\t\t\t<\/div>\n\t\t\t\t<\/div>\n\t\t<div class=\"elementor-element elementor-element-1527fe96 e-flex e-con-boxed e-con e-parent\" data-id=\"1527fe96\" data-element_type=\"container\" data-e-type=\"container\">\n\t\t\t\t\t<div class=\"e-con-inner\">\n\t\t\t\t<div class=\"elementor-element elementor-element-5bc695c7 elementor-widget-divider--view-line elementor-widget elementor-widget-divider\" data-id=\"5bc695c7\" data-element_type=\"widget\" data-e-type=\"widget\" data-widget_type=\"divider.default\">\n\t\t\t\t<div class=\"elementor-widget-container\">\n\t\t\t\t\t\t\t<div class=\"elementor-divider\">\n\t\t\t<span class=\"elementor-divider-separator\">\n\t\t\t\t\t\t<\/span>\n\t\t<\/div>\n\t\t\t\t\t\t<\/div>\n\t\t\t\t<\/div>\n\t\t\t\t\t<\/div>\n\t\t\t\t<\/div>\n\t\t<div class=\"elementor-element elementor-element-787eb003 e-con-full e-flex e-con e-parent\" data-id=\"787eb003\" data-element_type=\"container\" data-e-type=\"container\">\n\t\t\t\t<div class=\"elementor-element elementor-element-694dab19 elementor-widget elementor-widget-heading\" data-id=\"694dab19\" data-element_type=\"widget\" data-e-type=\"widget\" data-widget_type=\"heading.default\">\n\t\t\t\t<div class=\"elementor-widget-container\">\n\t\t\t\t\t<h2 class=\"elementor-heading-title elementor-size-default\">Daha Fazla Ke\u015ffedin &gt;<\/h2>\t\t\t\t<\/div>\n\t\t\t\t<\/div>\n\t\t\t\t<\/div>\n\t\t<div class=\"elementor-element elementor-element-1e76c9e6 e-flex e-con-boxed e-con e-parent\" data-id=\"1e76c9e6\" data-element_type=\"container\" data-e-type=\"container\">\n\t\t\t\t\t<div class=\"e-con-inner\">\n\t\t<div class=\"elementor-element elementor-element-3443ed32 e-con-full e-flex e-con e-child\" data-id=\"3443ed32\" data-element_type=\"container\" data-e-type=\"container\" data-settings=\"{&quot;background_background&quot;:&quot;classic&quot;}\">\n\t\t\t\t<div class=\"elementor-element elementor-element-77b9c957 elementor-widget elementor-widget-heading\" data-id=\"77b9c957\" data-element_type=\"widget\" data-e-type=\"widget\" data-widget_type=\"heading.default\">\n\t\t\t\t<div class=\"elementor-widget-container\">\n\t\t\t\t\t<h2 class=\"elementor-heading-title elementor-size-default\"><a href=\"\/en\/bombshellcollection\/\">BOMBSHELL COLLECTION<\/a><\/h2>\t\t\t\t<\/div>\n\t\t\t\t<\/div>\n\t\t\t\t<\/div>\n\t\t<div class=\"elementor-element elementor-element-70cb70e9 e-con-full e-flex e-con e-child\" data-id=\"70cb70e9\" data-element_type=\"container\" data-e-type=\"container\" data-settings=\"{&quot;background_background&quot;:&quot;classic&quot;}\">\n\t\t\t\t<div class=\"elementor-element elementor-element-676afcc elementor-widget elementor-widget-heading\" data-id=\"676afcc\" data-element_type=\"widget\" data-e-type=\"widget\" data-widget_type=\"heading.default\">\n\t\t\t\t<div class=\"elementor-widget-container\">\n\t\t\t\t\t<h2 class=\"elementor-heading-title elementor-size-default\"><a href=\"\/en\/wear-the-culture\/\">WEAR THE CULTURE<\/a><\/h2>\t\t\t\t<\/div>\n\t\t\t\t<\/div>\n\t\t\t\t<div class=\"elementor-element elementor-element-7bd43617 elementor-widget elementor-widget-heading\" data-id=\"7bd43617\" data-element_type=\"widget\" data-e-type=\"widget\" data-widget_type=\"heading.default\">\n\t\t\t\t<div class=\"elementor-widget-container\">\n\t\t\t\t\t<h2 class=\"elementor-heading-title elementor-size-default\">SPRING SUMMER 20\/21<\/h2>\t\t\t\t<\/div>\n\t\t\t\t<\/div>\n\t\t\t\t<\/div>\n\t\t\t\t\t<\/div>\n\t\t\t\t<\/div>\n\t\t\t\t<\/div>","protected":false},"excerpt":{"rendered":"<p>HELLO WORLD FALL WINTER 22\/23 TAPIS\u2019in globalde tan\u0131tt\u0131\u011f\u0131 ilk koleksiyonu olma niteli\u011fini ta\u015f\u0131yan Hello World, Anadolu\u2019nun geleneksel kilim motiflerini modern par\u00e7alarla harmanlayarak sokak stiline ta\u015f\u0131yor. Koleksiyonun e\u015fsiz par\u00e7alar\u0131ndan biri olan Bal\u0131kesir Cicim Hoodie, 1966\u2019da Bal\u0131kesir\u2019de cicim tekni\u011fi kullan\u0131larak dokunan kilimle birle\u015fiyor. Cicim tekni\u011fi ile dokunmas\u0131ndan \u00f6t\u00fcr\u00fc y\u00fczeyinde \u00e7i\u00e7e\u011fi and\u0131ran kabartmal\u0131 k\u00fc\u00e7\u00fck motifler yer al\u0131yor. TAPIS, [&hellip;]<\/p>\n","protected":false},"author":1,"featured_media":0,"parent":0,"menu_order":0,"comment_status":"closed","ping_status":"closed","template":"template-canvas.php","meta":{"footnotes":""},"class_list":["post-1198","page","type-page","status-publish","hentry"],"_links":{"self":[{"href":"https:\/\/tapistr.com\/en\/wp-json\/wp\/v2\/pages\/1198","targetHints":{"allow":["GET"]}}],"collection":[{"href":"https:\/\/tapistr.com\/en\/wp-json\/wp\/v2\/pages"}],"about":[{"href":"https:\/\/tapistr.com\/en\/wp-json\/wp\/v2\/types\/page"}],"author":[{"embeddable":true,"href":"https:\/\/tapistr.com\/en\/wp-json\/wp\/v2\/users\/1"}],"replies":[{"embeddable":true,"href":"https:\/\/tapistr.com\/en\/wp-json\/wp\/v2\/comments?post=1198"}],"version-history":[{"count":4,"href":"https:\/\/tapistr.com\/en\/wp-json\/wp\/v2\/pages\/1198\/revisions"}],"predecessor-version":[{"id":1284,"href":"https:\/\/tapistr.com\/en\/wp-json\/wp\/v2\/pages\/1198\/revisions\/1284"}],"wp:attachment":[{"href":"https:\/\/tapistr.com\/en\/wp-json\/wp\/v2\/media?parent=1198"}],"curies":[{"name":"wp","href":"https:\/\/api.w.org\/{rel}","templated":true}]}}