{"id":1160,"date":"2024-03-30T19:50:42","date_gmt":"2024-03-30T16:50:42","guid":{"rendered":"https:\/\/tapistr.com\/?page_id=1160"},"modified":"2024-04-02T11:27:07","modified_gmt":"2024-04-02T08:27:07","slug":"kvkk","status":"publish","type":"page","link":"https:\/\/tapistr.com\/en\/kvkk\/","title":{"rendered":"COOK\u0130E POL\u0130CY"},"content":{"rendered":"<div data-elementor-type=\"wp-page\" data-elementor-id=\"1160\" class=\"elementor elementor-1160\" data-elementor-post-type=\"page\">\n\t\t\t\t<div class=\"elementor-element elementor-element-caa14e5 e-con-full e-flex e-con e-parent\" data-id=\"caa14e5\" data-element_type=\"container\" data-e-type=\"container\" data-settings=\"{&quot;background_background&quot;:&quot;classic&quot;}\">\n\t\t\t\t<div class=\"elementor-element elementor-element-246dea5 elementor-widget elementor-widget-heading\" data-id=\"246dea5\" data-element_type=\"widget\" data-e-type=\"widget\" data-widget_type=\"heading.default\">\n\t\t\t\t<div class=\"elementor-widget-container\">\n\t\t\t\t\t<h2 class=\"elementor-heading-title elementor-size-default\">LAW ON PROTECTION OF PERSONAL DATA<\/h2>\t\t\t\t<\/div>\n\t\t\t\t<\/div>\n\t\t\t\t<\/div>\n\t\t<div class=\"elementor-element elementor-element-2a08f0d e-con-full e-flex e-con e-parent\" data-id=\"2a08f0d\" data-element_type=\"container\" data-e-type=\"container\">\n\t\t<div class=\"elementor-element elementor-element-321aecf e-con-full e-flex e-con e-child\" data-id=\"321aecf\" data-element_type=\"container\" data-e-type=\"container\">\n\t\t\t\t<div class=\"elementor-element elementor-element-2dee866 elementor-widget elementor-widget-heading\" data-id=\"2dee866\" data-element_type=\"widget\" data-e-type=\"widget\" data-widget_type=\"heading.default\">\n\t\t\t\t<div class=\"elementor-widget-container\">\n\t\t\t\t\t<h2 class=\"elementor-heading-title elementor-size-default\">LAW ON PROTECTION OF PERSONAL DATA<\/h2>\t\t\t\t<\/div>\n\t\t\t\t<\/div>\n\t\t\t\t<div class=\"elementor-element elementor-element-a00bd57 elementor-widget elementor-widget-text-editor\" data-id=\"a00bd57\" data-element_type=\"widget\" data-e-type=\"widget\" data-widget_type=\"text-editor.default\">\n\t\t\t\t<div class=\"elementor-widget-container\">\n\t\t\t\t\t\t\t\t\t<div class=\"elementor-element elementor-element-fcef3bf elementor-widget elementor-widget-heading\" data-id=\"fcef3bf\" data-element_type=\"widget\" data-widget_type=\"heading.default\"><div class=\"elementor-widget-container\"><div class=\"elementor-element elementor-element-a154520 elementor-widget elementor-widget-heading\" data-id=\"a154520\" data-element_type=\"widget\" data-widget_type=\"heading.default\"><div class=\"elementor-widget-container\"><div class=\"elementor-element elementor-element-83ebe85 elementor-widget elementor-widget-heading\" data-id=\"83ebe85\" data-element_type=\"widget\" data-widget_type=\"heading.default\"><div class=\"elementor-widget-container\"><h2 class=\"elementor-heading-title elementor-size-default\">I. lighting TEXT<br \/><br \/><\/h2><\/div><\/div><div class=\"elementor-element elementor-element-a3ccf40 elementor-widget elementor-widget-text-editor\" data-id=\"a3ccf40\" data-element_type=\"widget\" data-widget_type=\"text-editor.default\"><div class=\"elementor-widget-container\"><p>SELAHATTIN ALPINE and Ismail SAMANCI ordinary partnership G\u00dcRELI \u2013 TAPIS (the\u201ccompany\u201d), as the text of this lighting with the law on protection of personal data (\u201cLaw\u201d) is intended to fulfill our obligation under lighting. In this context, we are obliged to inform you that the topics are as follows:<\/p><\/div><\/div><div class=\"elementor-element elementor-element-aa9f011 elementor-widget elementor-widget-heading\" data-id=\"aa9f011\" data-element_type=\"widget\" data-widget_type=\"heading.default\"><div class=\"elementor-widget-container\"><h2 class=\"elementor-heading-title elementor-size-default\">The principal of and any data if the ID of the representative<br \/><br \/><\/h2><\/div><\/div><div class=\"elementor-element elementor-element-5829e6a elementor-widget elementor-widget-text-editor\" data-id=\"5829e6a\" data-element_type=\"widget\" data-widget_type=\"text-editor.default\"><div class=\"elementor-widget-container\"><p>Responsible for data: Ye\u015filyurt Ye\u015filyurt Sports Club Seaside Street Quarter 8E\/1 Bak\u0131rk\u00f6y\/Istanbul resident, and Ismail SAMANCI G\u00dcRELI, Bak\u0131rk\u00f6y 7591016695 number registered with the tax office to ALPINE SELAHATTIN the ordinary partnership.<\/p><\/div><\/div><div class=\"elementor-element elementor-element-9d3286d elementor-widget elementor-widget-heading\" data-id=\"9d3286d\" data-element_type=\"widget\" data-widget_type=\"heading.default\"><div class=\"elementor-widget-container\"><h2 class=\"elementor-heading-title elementor-size-default\">Personal data processed for any purpose<br \/><br \/><\/h2><\/div><\/div><div class=\"elementor-element elementor-element-ab6c68d elementor-widget elementor-widget-text-editor\" data-id=\"ab6c68d\" data-element_type=\"widget\" data-widget_type=\"text-editor.default\"><div class=\"elementor-widget-container\"><p>www.tapistr.com (\u201cwebsite\u201d), to purchase products through our company with the aim that you have provided your e-mail address, full name, address and a mobile phone in the category of personal data; the product you purchased will be delivered by your company, established in fulfillment of the requirements of the sales agreement between the company to communicate with you regarding your order if necessary, the completion of your transaction if you are a member of the internet site in the event you want to confirm membership of the commercial electronic message sending a party to the terms and conditions of the membership agreement which you are to be fulfilled in the direction of the limitation period and arising from the legislation with the aim of hide processed.<\/p><\/div><\/div><div class=\"elementor-element elementor-element-48dc339 elementor-widget elementor-widget-heading\" data-id=\"48dc339\" data-element_type=\"widget\" data-widget_type=\"heading.default\"><div class=\"elementor-widget-container\"><h2 class=\"elementor-heading-title elementor-size-default\">To whom and for what purpose personal data that is processed by the company can be transferred<br \/><br \/><\/h2><\/div><\/div><div class=\"elementor-element elementor-element-f84b87d elementor-widget elementor-widget-text-editor\" data-id=\"f84b87d\" data-element_type=\"widget\" data-widget_type=\"text-editor.default\"><div class=\"elementor-widget-container\"><p>3 any of your personal data. The person is not transferred.<\/p><\/div><\/div><div class=\"elementor-element elementor-element-5dd2662 elementor-widget elementor-widget-heading\" data-id=\"5dd2662\" data-element_type=\"widget\" data-widget_type=\"heading.default\"><div class=\"elementor-widget-container\"><h2 class=\"elementor-heading-title elementor-size-default\">The method and legal reason of personal data collection<br \/><br \/><\/h2><\/div><\/div><div class=\"elementor-element elementor-element-eb29635 elementor-widget elementor-widget-text-editor\" data-id=\"eb29635\" data-element_type=\"widget\" data-widget_type=\"text-editor.default\"><div class=\"elementor-widget-container\"><p>Your personal data is obtained through your transaction, Purchase the form and within the scope of the internet site \u201cis directly related with the formation or performance of a contract provided that the contract parties to be required for the processing of personal data\u201d are collected with a legal reason.<\/p><\/div><\/div><div class=\"elementor-element elementor-element-f3356f1 elementor-widget elementor-widget-heading\" data-id=\"f3356f1\" data-element_type=\"widget\" data-widget_type=\"heading.default\"><div class=\"elementor-widget-container\"><h2 class=\"elementor-heading-title elementor-size-default\">Your rights under the law, your personal data are as follows:<br \/><br \/><\/h2><\/div><\/div><div class=\"elementor-element elementor-element-41f71d3 elementor-widget elementor-widget-text-editor\" data-id=\"41f71d3\" data-element_type=\"widget\" data-widget_type=\"text-editor.default\"><div class=\"elementor-widget-container\"><p>(A) if your personal data has been processed learning, (b), your personal data is processed, claim knowledge of it, and (C) whether the purposes of the processing of your personal data is used according to their purpose and learning, (C) your personal data is transferred within or outside the country, the knowledge of third parties, (d) missing or incorrectly processed your personal data if you ask for them to be corrected, (e) the processing of your personal data in the event of the disappearance of the reasons requiring or requesting that your personal data be erased, destroyed, (f) (d) and (e) transactions in accordance with paragraphs, personal data transferred to third parties be notified of the request to to (g) by analyzing the processed data exclusively through automated systems, one against one&#039;s self, the result of the appeal, (G) damage due to unlawful processing of personal data to the remedy of damages in case of demand.<\/p><p>This of your rights in writing or registered electronic mail (KEP address: info@tapistr.com address, electronic signature, mobile signature or the company previously reported and which are recorded in the company&#039;s system by using the electronic mail address (in this context info@tapistr.com e-mail address you can reach the company Via), or you can pass to the company through improved software for the purpose of reference or application.<\/p><p>We have picked out.<\/p><p>SELAHATTIN ALPINE AND ISMAIL SAMANCI ORDINARY PARTNERSHIP G\u00dcRELI \u2013 TAPIS<\/p><\/div><\/div><\/div><\/div><\/div><\/div>\t\t\t\t\t\t\t\t<\/div>\n\t\t\t\t<\/div>\n\t\t\t\t<div class=\"elementor-element elementor-element-c63f7a9 elementor-widget elementor-widget-spacer\" data-id=\"c63f7a9\" data-element_type=\"widget\" data-e-type=\"widget\" data-widget_type=\"spacer.default\">\n\t\t\t\t<div class=\"elementor-widget-container\">\n\t\t\t\t\t\t\t<div class=\"elementor-spacer\">\n\t\t\t<div class=\"elementor-spacer-inner\"><\/div>\n\t\t<\/div>\n\t\t\t\t\t\t<\/div>\n\t\t\t\t<\/div>\n\t\t\t\t<div class=\"elementor-element elementor-element-78b21c3 elementor-widget elementor-widget-heading\" data-id=\"78b21c3\" data-element_type=\"widget\" data-e-type=\"widget\" data-widget_type=\"heading.default\">\n\t\t\t\t<div class=\"elementor-widget-container\">\n\t\t\t\t\t<h2 class=\"elementor-heading-title elementor-size-default\">Ways to Get In Touch<\/h2>\t\t\t\t<\/div>\n\t\t\t\t<\/div>\n\t\t\t\t<div class=\"elementor-element elementor-element-16b3e95 elementor-icon-list--layout-traditional elementor-list-item-link-full_width elementor-widget elementor-widget-icon-list\" data-id=\"16b3e95\" data-element_type=\"widget\" data-e-type=\"widget\" data-widget_type=\"icon-list.default\">\n\t\t\t\t<div class=\"elementor-widget-container\">\n\t\t\t\t\t\t\t<ul class=\"elementor-icon-list-items\">\n\t\t\t\t\t\t\t<li class=\"elementor-icon-list-item\">\n\t\t\t\t\t\t\t\t\t\t\t<span class=\"elementor-icon-list-icon\">\n\t\t\t\t\t\t\t<svg aria-hidden=\"true\" class=\"e-font-icon-svg e-far-envelope\" viewbox=\"0 0 512 512\" xmlns=\"http:\/\/www.w3.org\/2000\/svg\"><path d=\"M464 64H48C21.49 64 0 85.49 0 112v288c0 26.51 21.49 48 48 48h416c26.51 0 48-21.49 48-48V112c0-26.51-21.49-48-48-48zm0 48v40.805c-22.422 18.259-58.168 46.651-134.587 106.49-16.841 13.247-50.201 45.072-73.413 44.701-23.208.375-56.579-31.459-73.413-44.701C106.18 199.465 70.425 171.067 48 152.805V112h416zM48 400V214.398c22.914 18.251 55.409 43.862 104.938 82.646 21.857 17.205 60.134 55.186 103.062 54.955 42.717.231 80.509-37.199 103.053-54.947 49.528-38.783 82.032-64.401 104.947-82.653V400H48z\"><\/path><\/svg>\t\t\t\t\t\t<\/span>\n\t\t\t\t\t\t\t\t\t\t<span class=\"elementor-icon-list-text\">info@tapistr.com<\/span>\n\t\t\t\t\t\t\t\t\t<\/li>\n\t\t\t\t\t\t\t\t<li class=\"elementor-icon-list-item\">\n\t\t\t\t\t\t\t\t\t\t\t<span class=\"elementor-icon-list-icon\">\n\t\t\t\t\t\t\t<svg aria-hidden=\"true\" class=\"e-font-icon-svg e-fas-phone-alt\" viewbox=\"0 0 512 512\" xmlns=\"http:\/\/www.w3.org\/2000\/svg\"><path d=\"M497.39 361.8l-112-48a24 24 0 0 0-28 6.9l-49.6 60.6A370.66 370.66 0 0 1 130.6 204.11l60.6-49.6a23.94 23.94 0 0 0 6.9-28l-48-112A24.16 24.16 0 0 0 122.6.61l-104 24A24 24 0 0 0 0 48c0 256.5 207.9 464 464 464a24 24 0 0 0 23.4-18.6l24-104a24.29 24.29 0 0 0-14.01-27.6z\"><\/path><\/svg>\t\t\t\t\t\t<\/span>\n\t\t\t\t\t\t\t\t\t\t<span class=\"elementor-icon-list-text\">+905307674177<\/span>\n\t\t\t\t\t\t\t\t\t<\/li>\n\t\t\t\t\t\t\t\t<li class=\"elementor-icon-list-item\">\n\t\t\t\t\t\t\t\t\t\t\t<span class=\"elementor-icon-list-icon\">\n\t\t\t\t\t\t\t<svg aria-hidden=\"true\" class=\"e-font-icon-svg e-fas-map-marked-alt\" viewbox=\"0 0 576 512\" xmlns=\"http:\/\/www.w3.org\/2000\/svg\"><path d=\"M288 0c-69.59 0-126 56.41-126 126 0 56.26 82.35 158.8 113.9 196.02 6.39 7.54 17.82 7.54 24.2 0C331.65 284.8 414 182.26 414 126 414 56.41 357.59 0 288 0zm0 168c-23.2 0-42-18.8-42-42s18.8-42 42-42 42 18.8 42 42-18.8 42-42 42zM20.12 215.95A32.006 32.006 0 0 0 0 245.66v250.32c0 11.32 11.43 19.06 21.94 14.86L160 448V214.92c-8.84-15.98-16.07-31.54-21.25-46.42L20.12 215.95zM288 359.67c-14.07 0-27.38-6.18-36.51-16.96-19.66-23.2-40.57-49.62-59.49-76.72v182l192 64V266c-18.92 27.09-39.82 53.52-59.49 76.72-9.13 10.77-22.44 16.95-36.51 16.95zm266.06-198.51L416 224v288l139.88-55.95A31.996 31.996 0 0 0 576 426.34V176.02c0-11.32-11.43-19.06-21.94-14.86z\"><\/path><\/svg>\t\t\t\t\t\t<\/span>\n\t\t\t\t\t\t\t\t\t\t<span class=\"elementor-icon-list-text\">Ye\u015filyurt Mh. Sahilyolu Cd. Ye\u015filyurt Spor Kul\u00fcb\u00fc Tesisleri No:8E  Istanbul \/ Turkey Postcode: 34150<\/span>\n\t\t\t\t\t\t\t\t\t<\/li>\n\t\t\t\t\t\t<\/ul>\n\t\t\t\t\t\t<\/div>\n\t\t\t\t<\/div>\n\t\t\t\t<div class=\"elementor-element elementor-element-e6ccf51 elementor-widget elementor-widget-spacer\" data-id=\"e6ccf51\" data-element_type=\"widget\" data-e-type=\"widget\" data-widget_type=\"spacer.default\">\n\t\t\t\t<div class=\"elementor-widget-container\">\n\t\t\t\t\t\t\t<div class=\"elementor-spacer\">\n\t\t\t<div class=\"elementor-spacer-inner\"><\/div>\n\t\t<\/div>\n\t\t\t\t\t\t<\/div>\n\t\t\t\t<\/div>\n\t\t\t\t<\/div>\n\t\t<div class=\"elementor-element elementor-element-93a60cc e-con-full e-flex e-con e-child\" data-id=\"93a60cc\" data-element_type=\"container\" data-e-type=\"container\" data-settings=\"{&quot;background_background&quot;:&quot;classic&quot;}\">\n\t\t\t\t<div class=\"elementor-element elementor-element-122bccc elementor-widget elementor-widget-heading\" data-id=\"122bccc\" data-element_type=\"widget\" data-e-type=\"widget\" data-widget_type=\"heading.default\">\n\t\t\t\t<div class=\"elementor-widget-container\">\n\t\t\t\t\t<h2 class=\"elementor-heading-title elementor-size-default\">CUSTOMER SERVICE<\/h2>\t\t\t\t<\/div>\n\t\t\t\t<\/div>\n\t\t\t\t<div class=\"elementor-element elementor-element-c328ec8 elementor-widget elementor-widget-text-editor\" data-id=\"c328ec8\" data-element_type=\"widget\" data-e-type=\"widget\" data-widget_type=\"text-editor.default\">\n\t\t\t\t<div class=\"elementor-widget-container\">\n\t\t\t\t\t\t\t\t\t<p><span style=\"color: #525252;\"><a style=\"color: #525252;\" href=\"\/en\/iletisim\/\" target=\"_self\">CONTACT<\/a><\/span><\/p><p><span style=\"color: #525252;\"><a style=\"color: #525252;\" href=\"\/en\/sikca-sorulan-sorular\/\" target=\"_self\">FAQs<\/a><\/span><\/p><p><span style=\"color: #525252;\"><a style=\"color: #525252;\" href=\"\/en\/beden-kilavuzu\/\" target=\"_self\">SIZE CHART<\/a><\/span><\/p><p><span style=\"color: #525252;\"><a style=\"color: #525252;\" href=\"\/en\/iade-politikasi\/\" target=\"_self\">SHIPPING &amp; RETURNS<\/a><\/span><\/p>\t\t\t\t\t\t\t\t<\/div>\n\t\t\t\t<\/div>\n\t\t\t\t<div class=\"elementor-element elementor-element-d35d880 elementor-widget elementor-widget-heading\" data-id=\"d35d880\" data-element_type=\"widget\" data-e-type=\"widget\" data-widget_type=\"heading.default\">\n\t\t\t\t<div class=\"elementor-widget-container\">\n\t\t\t\t\t<h2 class=\"elementor-heading-title elementor-size-default\">TERMS AND POLICIES<\/h2>\t\t\t\t<\/div>\n\t\t\t\t<\/div>\n\t\t\t\t<div class=\"elementor-element elementor-element-7d2fd2d elementor-widget elementor-widget-text-editor\" data-id=\"7d2fd2d\" data-element_type=\"widget\" data-e-type=\"widget\" data-widget_type=\"text-editor.default\">\n\t\t\t\t<div class=\"elementor-widget-container\">\n\t\t\t\t\t\t\t\t\t<p><span style=\"color: #4a4a4a;\"><a style=\"color: #4a4a4a;\" href=\"\/en\/hukum-ve-kosullar\/\" target=\"_self\">TERMS AND CONDITIONS<\/a><\/span><\/p><p><span style=\"color: #4a4a4a;\"><a style=\"color: #4a4a4a;\" href=\"\/en\/cerez-ve-gizlilik\/\" target=\"_self\">PRIVACY POLICY<\/a><\/span><\/p><p><span style=\"color: #525252;\"><span style=\"color: #4a4a4a;\"><a style=\"color: #4a4a4a;\" href=\"\/en\/kvkk\/\" target=\"_self\">COOK\u0130E POL\u0130CY<\/a><\/span><\/span><\/p>\t\t\t\t\t\t\t\t<\/div>\n\t\t\t\t<\/div>\n\t\t\t\t<\/div>\n\t\t\t\t<\/div>\n\t\t\t\t<\/div>","protected":false},"excerpt":{"rendered":"<p>K\u0130\u015e\u0130SEL VER\u0130LER\u0130N KORUNMASI KANUNU K\u0130\u015e\u0130SEL VER\u0130LER\u0130N KORUNMASI KANUNU I. AYDINLATMA METN\u0130 SELAHATT\u0130N ALP SAMANCI VE \u0130SMA\u0130L G\u00dcREL\u0130 AD\u0130 ORTAKLI\u011eI \u2013 TAPIS (\u201c\u015eirket\u201d) olarak, i\u015fbu Ayd\u0131nlatma Metni ile, Ki\u015fisel Verilerin Korunmas\u0131 Kanunu (\u201cKanun\u201d) kapsam\u0131nda ayd\u0131nlatma y\u00fck\u00fcml\u00fc\u011f\u00fcm\u00fcz\u00fcn yerine getirilmesi ama\u00e7lanmaktad\u0131r. Bu kapsamda sizlere bilgi vermekle y\u00fck\u00fcml\u00fc oldu\u011fumuz konular a\u015fa\u011f\u0131daki \u015fekildedir: Veri sorumlusunun ve varsa temsilcisinin kimli\u011fi Veri [&hellip;]<\/p>\n","protected":false},"author":1,"featured_media":0,"parent":0,"menu_order":0,"comment_status":"closed","ping_status":"closed","template":"template-canvas.php","meta":{"footnotes":""},"class_list":["post-1160","page","type-page","status-publish","hentry"],"_links":{"self":[{"href":"https:\/\/tapistr.com\/en\/wp-json\/wp\/v2\/pages\/1160","targetHints":{"allow":["GET"]}}],"collection":[{"href":"https:\/\/tapistr.com\/en\/wp-json\/wp\/v2\/pages"}],"about":[{"href":"https:\/\/tapistr.com\/en\/wp-json\/wp\/v2\/types\/page"}],"author":[{"embeddable":true,"href":"https:\/\/tapistr.com\/en\/wp-json\/wp\/v2\/users\/1"}],"replies":[{"embeddable":true,"href":"https:\/\/tapistr.com\/en\/wp-json\/wp\/v2\/comments?post=1160"}],"version-history":[{"count":7,"href":"https:\/\/tapistr.com\/en\/wp-json\/wp\/v2\/pages\/1160\/revisions"}],"predecessor-version":[{"id":10715,"href":"https:\/\/tapistr.com\/en\/wp-json\/wp\/v2\/pages\/1160\/revisions\/10715"}],"wp:attachment":[{"href":"https:\/\/tapistr.com\/en\/wp-json\/wp\/v2\/media?parent=1160"}],"curies":[{"name":"wp","href":"https:\/\/api.w.org\/{rel}","templated":true}]}}