{"id":1158,"date":"2024-03-30T19:50:19","date_gmt":"2024-03-30T16:50:19","guid":{"rendered":"https:\/\/tapistr.com\/?page_id=1158"},"modified":"2024-04-02T11:26:50","modified_gmt":"2024-04-02T08:26:50","slug":"cerez-ve-gizlilik","status":"publish","type":"page","link":"https:\/\/tapistr.com\/en\/cerez-ve-gizlilik\/","title":{"rendered":"PRIVACY POLICY"},"content":{"rendered":"<div data-elementor-type=\"wp-page\" data-elementor-id=\"1158\" class=\"elementor elementor-1158\" data-elementor-post-type=\"page\">\n\t\t\t\t<div class=\"elementor-element elementor-element-75e53cb e-con-full e-flex e-con e-parent\" data-id=\"75e53cb\" data-element_type=\"container\" data-e-type=\"container\" data-settings=\"{&quot;background_background&quot;:&quot;classic&quot;}\">\n\t\t\t\t<div class=\"elementor-element elementor-element-b038db4 elementor-widget elementor-widget-heading\" data-id=\"b038db4\" data-element_type=\"widget\" data-e-type=\"widget\" data-widget_type=\"heading.default\">\n\t\t\t\t<div class=\"elementor-widget-container\">\n\t\t\t\t\t<h2 class=\"elementor-heading-title elementor-size-default\">PRIVACY POLICY\n<\/h2>\t\t\t\t<\/div>\n\t\t\t\t<\/div>\n\t\t\t\t<\/div>\n\t\t<div class=\"elementor-element elementor-element-d5eaca3 e-con-full e-flex e-con e-parent\" data-id=\"d5eaca3\" data-element_type=\"container\" data-e-type=\"container\">\n\t\t<div class=\"elementor-element elementor-element-52c62bf e-con-full e-flex e-con e-child\" data-id=\"52c62bf\" data-element_type=\"container\" data-e-type=\"container\">\n\t\t\t\t<div class=\"elementor-element elementor-element-c251b48 elementor-widget elementor-widget-heading\" data-id=\"c251b48\" data-element_type=\"widget\" data-e-type=\"widget\" data-widget_type=\"heading.default\">\n\t\t\t\t<div class=\"elementor-widget-container\">\n\t\t\t\t\t<h2 class=\"elementor-heading-title elementor-size-default\">PRIVACY POLICY\n<\/h2>\t\t\t\t<\/div>\n\t\t\t\t<\/div>\n\t\t\t\t<div class=\"elementor-element elementor-element-fd896ed elementor-widget elementor-widget-text-editor\" data-id=\"fd896ed\" data-element_type=\"widget\" data-e-type=\"widget\" data-widget_type=\"text-editor.default\">\n\t\t\t\t<div class=\"elementor-widget-container\">\n\t\t\t\t\t\t\t\t\t<div class=\"elementor-element elementor-element-fcef3bf elementor-widget elementor-widget-heading\" data-id=\"fcef3bf\" data-element_type=\"widget\" data-widget_type=\"heading.default\"><div class=\"elementor-widget-container\"><div class=\"elementor-element elementor-element-a154520 elementor-widget elementor-widget-heading\" data-id=\"a154520\" data-element_type=\"widget\" data-widget_type=\"heading.default\"><div class=\"elementor-widget-container\"><div class=\"elementor-element elementor-element-192c317 elementor-widget elementor-widget-heading\" data-id=\"192c317\" data-element_type=\"widget\" data-widget_type=\"heading.default\"><div class=\"elementor-widget-container\"><h2 class=\"elementor-heading-title elementor-size-default\">I. PRIVACY<br \/><br \/><\/h2><\/div><\/div><div class=\"elementor-element elementor-element-f888884 elementor-widget elementor-widget-text-editor\" data-id=\"f888884\" data-element_type=\"widget\" data-widget_type=\"text-editor.default\"><div class=\"elementor-widget-container\"><p>Personal data \u201cincluding, without limitation, any identifiable means information about you. In this description, Your Name, Address, custom-defined passwords, phone number, email address, financial information, registration name, password, and other information. To order this through the website of personal information on the website will be opened in your name must be registered with an internet account. In case of failure to supply this information through our website and sales process, the realization of the order is not possible.<\/p><\/div><\/div><div class=\"elementor-element elementor-element-26f9298 elementor-widget elementor-widget-heading\" data-id=\"26f9298\" data-element_type=\"widget\" data-widget_type=\"heading.default\"><div class=\"elementor-widget-container\"><h2 class=\"elementor-heading-title elementor-size-default\">II. REGISTERED USERS<br \/><br \/><\/h2><\/div><\/div><div class=\"elementor-element elementor-element-d47a0b9 elementor-widget elementor-widget-text-editor\" data-id=\"d47a0b9\" data-element_type=\"widget\" data-widget_type=\"text-editor.default\"><div class=\"elementor-widget-container\"><p>You do not need to register to visit the site in Tapis. However, the data presented in your next shopping as easy as possible to process your order quickly and required to be performed name, address, telephone number, e-mail address, financial information, passwords and personal information tapistr.com will be stored in the data base.<\/p><p>Order bids will be given after registration via the website and does not constitute a binding agreement valid until accepted by US. Nevertheless, the consumer Bid\/Offer shall be bound by.<\/p><p>During registration, all users may want to familiarize themselves with the system automatically. This situation accelerates the process of shopping for users and personal information prior to accessing log will allow users to have direct access to information because they don&#039;t have to. Automatic Identification, cookies (cookies) is performed. If the users wants them to automatically recognize the system if the user TAPIS Tapis when you log in from a different computer, or Temporary Internet files (temporary memory and\/or cookies) will ask you to introduce themselves when they are deleted.<\/p><p>As a registered user, regular mail, or if you wish via e-mail will be sent to you TAPIS information about publications.<\/p><\/div><\/div><div class=\"elementor-element elementor-element-2de4327 elementor-widget elementor-widget-heading\" data-id=\"2de4327\" data-element_type=\"widget\" data-widget_type=\"heading.default\"><div class=\"elementor-widget-container\"><h2 class=\"elementor-heading-title elementor-size-default\">III. SECURITY AND PRIVACY<br \/><br \/><\/h2><\/div><\/div><div class=\"elementor-element elementor-element-1bcf6cd elementor-widget elementor-widget-text-editor\" data-id=\"1bcf6cd\" data-element_type=\"widget\" data-widget_type=\"text-editor.default\"><div class=\"elementor-widget-container\"><p>Tapis the information you provide to process orders to your shopping on the web site navigation and to facilitate the purchase of products TAPIS this website and\/or in connection with, in general, TAPIS new products, Special Offers and news with you by e-mail and\/or via regular mail daily and \/ or weekly basis will be used to inform on. At any time daily, weekly e-mail if you want to unsubscribe from our list, we send the emails at the bottom of the e-newsletter from our list to unsubscribe, please click\u201d by clicking on the link in the e-newsletter from membership with a single click you can easily go for.<\/p><p>TAPIS information that was submitted by customers as a rule, will not share with third parties. Tapis however, to increase the efficiency of use of the web site, payment, delivery, order, and resolve the problems with similar topics, product delivery and product price for the company in the collection of shared within the group and the nature of shipping companies with the banks and in accordance with this agreement or products or from the web site or with the owners of the trademark and license rights of the turkey distributor, we reserve the right to disclose your personal information if required by the customer. Again, requested by legal authorities to respond to requests in accordance with the Turkish law written in the form of a written request in this way because it is a legal requirement for the sharing of personal information will be provided.Taken in accordance with legal regulations, all personal information will be used. The users of this website all the time and can access all the information in the registration form by e-mail or via regular mail to the following address and contact information change, you can cancel it in writing.<\/p><p>Your website during the order process is protected by high security programs. However, it is possible to ensure the transmission of information over the internet is completely secure. Therefore, the transmission cannot be guaranteed to be the major risk factor for cancer. This subject should be treated according to the necessary security conditions by you.<\/p><p>Our conditions of Purchase contained on company&#039;s web site conditions and the Privacy Policy we reserve the right to make changes on the main page of the website as relevant. Due to become compulsory by law if you do not agree to all changes except changes to the contact information you would need to get in writing to our address. You should visit this page periodically to review the current terms of this Privacy Policy.<\/p><p>TAPIS CLOTHING, TEXTILES, MARKETING AND TRADING LTD<br \/>Tax Office: Bak\u0131rk\u00f6y<br \/>Tax ID No: 7591016695<br \/>Address: Ye\u015filyurt Ye\u015filyurt Sports Club Seaside Street Quarter 8E\/1 Bak\u0131rk\u00f6y\/Istanbul<br \/>Phone: +905307674177<br \/>(Our Call Center 7 days a week from 09:00-00:00.)<br \/>E-mail: info@tapistr.com<\/p><\/div><\/div><\/div><\/div><\/div><\/div>\t\t\t\t\t\t\t\t<\/div>\n\t\t\t\t<\/div>\n\t\t\t\t<div class=\"elementor-element elementor-element-e1f8e7b elementor-widget elementor-widget-spacer\" data-id=\"e1f8e7b\" data-element_type=\"widget\" data-e-type=\"widget\" data-widget_type=\"spacer.default\">\n\t\t\t\t<div class=\"elementor-widget-container\">\n\t\t\t\t\t\t\t<div class=\"elementor-spacer\">\n\t\t\t<div class=\"elementor-spacer-inner\"><\/div>\n\t\t<\/div>\n\t\t\t\t\t\t<\/div>\n\t\t\t\t<\/div>\n\t\t\t\t<div class=\"elementor-element elementor-element-ff6a99c elementor-widget elementor-widget-heading\" data-id=\"ff6a99c\" data-element_type=\"widget\" data-e-type=\"widget\" data-widget_type=\"heading.default\">\n\t\t\t\t<div class=\"elementor-widget-container\">\n\t\t\t\t\t<h2 class=\"elementor-heading-title elementor-size-default\">Ways to Get In Touch<\/h2>\t\t\t\t<\/div>\n\t\t\t\t<\/div>\n\t\t\t\t<div class=\"elementor-element elementor-element-d9889d8 elementor-icon-list--layout-traditional elementor-list-item-link-full_width elementor-widget elementor-widget-icon-list\" data-id=\"d9889d8\" data-element_type=\"widget\" data-e-type=\"widget\" data-widget_type=\"icon-list.default\">\n\t\t\t\t<div class=\"elementor-widget-container\">\n\t\t\t\t\t\t\t<ul class=\"elementor-icon-list-items\">\n\t\t\t\t\t\t\t<li class=\"elementor-icon-list-item\">\n\t\t\t\t\t\t\t\t\t\t\t<span class=\"elementor-icon-list-icon\">\n\t\t\t\t\t\t\t<svg aria-hidden=\"true\" class=\"e-font-icon-svg e-far-envelope\" viewbox=\"0 0 512 512\" xmlns=\"http:\/\/www.w3.org\/2000\/svg\"><path d=\"M464 64H48C21.49 64 0 85.49 0 112v288c0 26.51 21.49 48 48 48h416c26.51 0 48-21.49 48-48V112c0-26.51-21.49-48-48-48zm0 48v40.805c-22.422 18.259-58.168 46.651-134.587 106.49-16.841 13.247-50.201 45.072-73.413 44.701-23.208.375-56.579-31.459-73.413-44.701C106.18 199.465 70.425 171.067 48 152.805V112h416zM48 400V214.398c22.914 18.251 55.409 43.862 104.938 82.646 21.857 17.205 60.134 55.186 103.062 54.955 42.717.231 80.509-37.199 103.053-54.947 49.528-38.783 82.032-64.401 104.947-82.653V400H48z\"><\/path><\/svg>\t\t\t\t\t\t<\/span>\n\t\t\t\t\t\t\t\t\t\t<span class=\"elementor-icon-list-text\">info@tapistr.com<\/span>\n\t\t\t\t\t\t\t\t\t<\/li>\n\t\t\t\t\t\t\t\t<li class=\"elementor-icon-list-item\">\n\t\t\t\t\t\t\t\t\t\t\t<span class=\"elementor-icon-list-icon\">\n\t\t\t\t\t\t\t<svg aria-hidden=\"true\" class=\"e-font-icon-svg e-fas-phone-alt\" viewbox=\"0 0 512 512\" xmlns=\"http:\/\/www.w3.org\/2000\/svg\"><path d=\"M497.39 361.8l-112-48a24 24 0 0 0-28 6.9l-49.6 60.6A370.66 370.66 0 0 1 130.6 204.11l60.6-49.6a23.94 23.94 0 0 0 6.9-28l-48-112A24.16 24.16 0 0 0 122.6.61l-104 24A24 24 0 0 0 0 48c0 256.5 207.9 464 464 464a24 24 0 0 0 23.4-18.6l24-104a24.29 24.29 0 0 0-14.01-27.6z\"><\/path><\/svg>\t\t\t\t\t\t<\/span>\n\t\t\t\t\t\t\t\t\t\t<span class=\"elementor-icon-list-text\">+905307674177<\/span>\n\t\t\t\t\t\t\t\t\t<\/li>\n\t\t\t\t\t\t\t\t<li class=\"elementor-icon-list-item\">\n\t\t\t\t\t\t\t\t\t\t\t<span class=\"elementor-icon-list-icon\">\n\t\t\t\t\t\t\t<svg aria-hidden=\"true\" class=\"e-font-icon-svg e-fas-map-marked-alt\" viewbox=\"0 0 576 512\" xmlns=\"http:\/\/www.w3.org\/2000\/svg\"><path d=\"M288 0c-69.59 0-126 56.41-126 126 0 56.26 82.35 158.8 113.9 196.02 6.39 7.54 17.82 7.54 24.2 0C331.65 284.8 414 182.26 414 126 414 56.41 357.59 0 288 0zm0 168c-23.2 0-42-18.8-42-42s18.8-42 42-42 42 18.8 42 42-18.8 42-42 42zM20.12 215.95A32.006 32.006 0 0 0 0 245.66v250.32c0 11.32 11.43 19.06 21.94 14.86L160 448V214.92c-8.84-15.98-16.07-31.54-21.25-46.42L20.12 215.95zM288 359.67c-14.07 0-27.38-6.18-36.51-16.96-19.66-23.2-40.57-49.62-59.49-76.72v182l192 64V266c-18.92 27.09-39.82 53.52-59.49 76.72-9.13 10.77-22.44 16.95-36.51 16.95zm266.06-198.51L416 224v288l139.88-55.95A31.996 31.996 0 0 0 576 426.34V176.02c0-11.32-11.43-19.06-21.94-14.86z\"><\/path><\/svg>\t\t\t\t\t\t<\/span>\n\t\t\t\t\t\t\t\t\t\t<span class=\"elementor-icon-list-text\">Ye\u015filyurt Mh. Sahilyolu Cd. Ye\u015filyurt Spor Kul\u00fcb\u00fc Tesisleri No:8E  Istanbul \/ Turkey Postcode: 34150<\/span>\n\t\t\t\t\t\t\t\t\t<\/li>\n\t\t\t\t\t\t<\/ul>\n\t\t\t\t\t\t<\/div>\n\t\t\t\t<\/div>\n\t\t\t\t<div class=\"elementor-element elementor-element-85d7754 elementor-widget elementor-widget-spacer\" data-id=\"85d7754\" data-element_type=\"widget\" data-e-type=\"widget\" data-widget_type=\"spacer.default\">\n\t\t\t\t<div class=\"elementor-widget-container\">\n\t\t\t\t\t\t\t<div class=\"elementor-spacer\">\n\t\t\t<div class=\"elementor-spacer-inner\"><\/div>\n\t\t<\/div>\n\t\t\t\t\t\t<\/div>\n\t\t\t\t<\/div>\n\t\t\t\t<\/div>\n\t\t<div class=\"elementor-element elementor-element-d7b9571 e-con-full e-flex e-con e-child\" data-id=\"d7b9571\" data-element_type=\"container\" data-e-type=\"container\" data-settings=\"{&quot;background_background&quot;:&quot;classic&quot;}\">\n\t\t\t\t<div class=\"elementor-element elementor-element-2f3586f elementor-widget elementor-widget-heading\" data-id=\"2f3586f\" data-element_type=\"widget\" data-e-type=\"widget\" data-widget_type=\"heading.default\">\n\t\t\t\t<div class=\"elementor-widget-container\">\n\t\t\t\t\t<h2 class=\"elementor-heading-title elementor-size-default\">CUSTOMER SERVICE<\/h2>\t\t\t\t<\/div>\n\t\t\t\t<\/div>\n\t\t\t\t<div class=\"elementor-element elementor-element-6719e93 elementor-widget elementor-widget-text-editor\" data-id=\"6719e93\" data-element_type=\"widget\" data-e-type=\"widget\" data-widget_type=\"text-editor.default\">\n\t\t\t\t<div class=\"elementor-widget-container\">\n\t\t\t\t\t\t\t\t\t<p><span style=\"color: #525252;\"><a style=\"color: #525252;\" href=\"\/en\/iletisim\/\" target=\"_self\">CONTACT<\/a><\/span><\/p><p><span style=\"color: #525252;\"><a style=\"color: #525252;\" href=\"\/en\/sikca-sorulan-sorular\/\" target=\"_self\">FAQs<\/a><\/span><\/p><p><span style=\"color: #525252;\"><a style=\"color: #525252;\" href=\"\/en\/beden-kilavuzu\/\" target=\"_self\">SIZE CHART<\/a><\/span><\/p><p><span style=\"color: #525252;\"><a style=\"color: #525252;\" href=\"\/en\/iade-politikasi\/\" target=\"_self\">SHIPPING &amp; RETURNS<\/a><\/span><\/p>\t\t\t\t\t\t\t\t<\/div>\n\t\t\t\t<\/div>\n\t\t\t\t<div class=\"elementor-element elementor-element-ea384d4 elementor-widget elementor-widget-heading\" data-id=\"ea384d4\" data-element_type=\"widget\" data-e-type=\"widget\" data-widget_type=\"heading.default\">\n\t\t\t\t<div class=\"elementor-widget-container\">\n\t\t\t\t\t<h2 class=\"elementor-heading-title elementor-size-default\">TERMS AND POLICIES<\/h2>\t\t\t\t<\/div>\n\t\t\t\t<\/div>\n\t\t\t\t<div class=\"elementor-element elementor-element-16acdd3 elementor-widget elementor-widget-text-editor\" data-id=\"16acdd3\" data-element_type=\"widget\" data-e-type=\"widget\" data-widget_type=\"text-editor.default\">\n\t\t\t\t<div class=\"elementor-widget-container\">\n\t\t\t\t\t\t\t\t\t<p><span style=\"color: #4a4a4a;\"><a style=\"color: #4a4a4a;\" href=\"\/en\/hukum-ve-kosullar\/\" target=\"_self\">TERMS AND CONDITIONS<\/a><\/span><\/p><p><span style=\"color: #4a4a4a;\"><a style=\"color: #4a4a4a;\" href=\"\/en\/cerez-ve-gizlilik\/\" target=\"_self\">PRIVACY POLICY<\/a><\/span><\/p><p><span style=\"color: #525252;\"><span style=\"color: #4a4a4a;\"><a style=\"color: #4a4a4a;\" href=\"\/en\/kvkk\/\" target=\"_self\">COOK\u0130E POL\u0130CY<\/a><\/span><\/span><\/p>\t\t\t\t\t\t\t\t<\/div>\n\t\t\t\t<\/div>\n\t\t\t\t<\/div>\n\t\t\t\t<\/div>\n\t\t\t\t<\/div>","protected":false},"excerpt":{"rendered":"<p>\u00c7EREZ VE G\u0130ZL\u0130L\u0130K \u00c7EREZ VE G\u0130ZL\u0130L\u0130K I. G\u0130ZL\u0130L\u0130K Ki\u015fisel Veriler \u201cs\u0131n\u0131rlama olmaks\u0131z\u0131n hakk\u0131n\u0131zda tan\u0131mlay\u0131c\u0131 nitelikteki herhangi bir bilgi\u201d demektir. Bu tan\u0131m ad\u0131n\u0131z, adresiniz, size \u00f6zel tan\u0131mlanan \u015fifreler, kay\u0131tl\u0131 telefon numaras\u0131, e-posta adresi, finans bilgileri, kay\u0131t ad\u0131, \u015fifre ve di\u011fer bilgileri i\u00e7ermektedir. Web sitesi \u00fczerinden sipari\u015f vermek i\u00e7in bu ki\u015fisel bilgilerin web sitesinde ad\u0131n\u0131za a\u00e7\u0131lacak bir [&hellip;]<\/p>\n","protected":false},"author":1,"featured_media":0,"parent":0,"menu_order":0,"comment_status":"closed","ping_status":"closed","template":"template-canvas.php","meta":{"footnotes":""},"class_list":["post-1158","page","type-page","status-publish","hentry"],"_links":{"self":[{"href":"https:\/\/tapistr.com\/en\/wp-json\/wp\/v2\/pages\/1158","targetHints":{"allow":["GET"]}}],"collection":[{"href":"https:\/\/tapistr.com\/en\/wp-json\/wp\/v2\/pages"}],"about":[{"href":"https:\/\/tapistr.com\/en\/wp-json\/wp\/v2\/types\/page"}],"author":[{"embeddable":true,"href":"https:\/\/tapistr.com\/en\/wp-json\/wp\/v2\/users\/1"}],"replies":[{"embeddable":true,"href":"https:\/\/tapistr.com\/en\/wp-json\/wp\/v2\/comments?post=1158"}],"version-history":[{"count":7,"href":"https:\/\/tapistr.com\/en\/wp-json\/wp\/v2\/pages\/1158\/revisions"}],"predecessor-version":[{"id":10712,"href":"https:\/\/tapistr.com\/en\/wp-json\/wp\/v2\/pages\/1158\/revisions\/10712"}],"wp:attachment":[{"href":"https:\/\/tapistr.com\/en\/wp-json\/wp\/v2\/media?parent=1158"}],"curies":[{"name":"wp","href":"https:\/\/api.w.org\/{rel}","templated":true}]}}